{"id":1505,"date":"2025-05-21T13:28:02","date_gmt":"2025-05-21T11:28:02","guid":{"rendered":"https:\/\/www.visionheart.eu\/kontaktujte-nas\/"},"modified":"2025-07-31T11:21:23","modified_gmt":"2025-07-31T09:21:23","slug":"kontaktujte-nas","status":"publish","type":"page","link":"https:\/\/www.visionheart.eu\/cs\/kontaktujte-nas\/","title":{"rendered":"Kontaktujte n\u00e1s"},"content":{"rendered":"\t\t<div data-elementor-type=\"wp-page\" data-elementor-id=\"1505\" class=\"elementor elementor-1505 elementor-61\" data-elementor-post-type=\"page\">\n\t\t\t\t<div class=\"elementor-element elementor-element-23c7f01b e-flex e-con-boxed e-con e-parent\" data-id=\"23c7f01b\" data-element_type=\"container\" data-settings=\"{&quot;background_background&quot;:&quot;classic&quot;}\">\n\t\t\t\t\t<div class=\"e-con-inner\">\n\t\t<div class=\"elementor-element elementor-element-7a313899 e-con-full e-flex e-con e-child\" data-id=\"7a313899\" data-element_type=\"container\">\n\t\t\t\t<div class=\"elementor-element elementor-element-3a29dd6f elementor-widget elementor-widget-heading\" data-id=\"3a29dd6f\" data-element_type=\"widget\" data-widget_type=\"heading.default\">\n\t\t\t\t<div class=\"elementor-widget-container\">\n\t\t\t\t\t<h1 class=\"elementor-heading-title elementor-size-default\">Spojte se s n\u00e1mi!<\/h1>\t\t\t\t<\/div>\n\t\t\t\t<\/div>\n\t\t\t\t<\/div>\n\t\t\t\t\t<\/div>\n\t\t\t\t<\/div>\n\t\t<div class=\"elementor-element elementor-element-2b0f7e1 e-flex e-con-boxed e-con e-parent\" data-id=\"2b0f7e1\" data-element_type=\"container\" data-settings=\"{&quot;background_background&quot;:&quot;gradient&quot;}\">\n\t\t\t\t\t<div class=\"e-con-inner\">\n\t\t\t\t<div class=\"elementor-element elementor-element-a500079 elementor-widget elementor-widget-contact\" data-id=\"a500079\" data-element_type=\"widget\" data-settings=\"{&quot;layout_column_structure&quot;:&quot;50-50&quot;,&quot;map_position_horizontal&quot;:&quot;end&quot;,&quot;map_position_horizontal_tablet&quot;:&quot;end&quot;,&quot;map_position_horizontal_mobile&quot;:&quot;end&quot;,&quot;map_shape&quot;:&quot;sharp&quot;,&quot;box_shape&quot;:&quot;sharp&quot;}\" data-widget_type=\"contact.default\">\n\t\t\t\t<div class=\"elementor-widget-container\">\n\t\t\t\t\t\t\t<div class=\"has-shape-sharp shape-type-box is-full-height is-full-height-desktop is-full-height-tablet is-full-height-mobile ehp-contact has-preset-locate\">\n\t\t\t<div class=\"ehp-contact__overlay\"><\/div>\n\t\t\t<div class=\"has-column-structure-50-50  ehp-contact__elements-container has-map-h-position-end has-map-h-position-md-end has-map-h-position-sm-end\">\n\t\t\t\t\t\t<div class=\"ehp-contact__text-container\">\n\t\t\t<div class=\"ehp-contact__headings\">\n\t\t\t\t<h2 class=\"ehp-contact__heading\">Promluvme si!<\/h2><p class=\"ehp-contact__description\"><p>S n\u00e1mi <b>nemluv\u00edte s po\u010d\u00edta\u010dem<\/b>, <b>chatbotem<\/b> <b>ani<\/b> <b>um\u011blou inteligenc\u00ed<\/b>.<\/p>\n\n<p><b><div style=\"text-align: center\">Skute\u010dn\u00ed lid\u00e9. Skute\u010dn\u00e9 rady. <\/b> <\/p><\/div>\n\n<p>M\u00e1te dotaz k na\u0161emu produktu, slu\u017eb\u011b nebo dotaz? Jsme v\u00e1m k dispozici. &nbsp;<\/p><\/p>\t\t\t<\/div>\n\t\t\t<div class=\"ehp-contact__groups\">\n\t\t\t\t\t\t<div class=\"ehp-contact__group\">\n\t\t\t<h3 class=\"ehp-contact__subheading\">Promluvme si<\/h3>\t\t<div class=\"ehp-contact__links-container\">\n\t\t\t\t\t\t\t<a aria-label=\"Telefon: +49 9183 297 9933\" class=\"ehp-contact__contact-link\" href=\"tel:+49 9183 297 9933\" rel=\"noopener noreferrer\">\n\t\t\t\t\t<svg aria-hidden=\"true\" class=\"ehp-contact__contact-link-icon e-font-icon-svg e-fas-phone-alt\" viewBox=\"0 0 512 512\" xmlns=\"http:\/\/www.w3.org\/2000\/svg\"><path d=\"M497.39 361.8l-112-48a24 24 0 0 0-28 6.9l-49.6 60.6A370.66 370.66 0 0 1 130.6 204.11l60.6-49.6a23.94 23.94 0 0 0 6.9-28l-48-112A24.16 24.16 0 0 0 122.6.61l-104 24A24 24 0 0 0 0 48c0 256.5 207.9 464 464 464a24 24 0 0 0 23.4-18.6l24-104a24.29 24.29 0 0 0-14.01-27.6z\"><\/path><\/svg><span class=\"ehp-contact__contact-link-label\">Telefon: +49 9183 297 9933<\/span>\t\t\t\t<\/a>\n\t\t\t\t\t\t\t\t<a aria-label=\"E-mail: sales@visionheart.de\" class=\"ehp-contact__contact-link\" href=\"mailto:sales@visionheart.de\" rel=\"noopener noreferrer\">\n\t\t\t\t\t<svg aria-hidden=\"true\" class=\"ehp-contact__contact-link-icon e-font-icon-svg e-fas-envelope\" viewBox=\"0 0 512 512\" xmlns=\"http:\/\/www.w3.org\/2000\/svg\"><path d=\"M502.3 190.8c3.9-3.1 9.7-.2 9.7 4.7V400c0 26.5-21.5 48-48 48H48c-26.5 0-48-21.5-48-48V195.6c0-5 5.7-7.8 9.7-4.7 22.4 17.4 52.1 39.5 154.1 113.6 21.1 15.4 56.7 47.8 92.2 47.6 35.7.3 72-32.8 92.3-47.6 102-74.1 131.6-96.3 154-113.7zM256 320c23.2.4 56.6-29.2 73.4-41.4 132.7-96.3 142.8-104.7 173.4-128.7 5.8-4.5 9.2-11.5 9.2-18.9v-19c0-26.5-21.5-48-48-48H48C21.5 64 0 85.5 0 112v19c0 7.4 3.4 14.3 9.2 18.9 30.6 23.9 40.7 32.4 173.4 128.7 16.8 12.2 50.2 41.8 73.4 41.4z\"><\/path><\/svg><span class=\"ehp-contact__contact-link-label\">E-mail: sales@visionheart.de<\/span>\t\t\t\t<\/a>\n\t\t\t\t\t\t<\/div>\n\t\t\t\t<\/div>\n\t\t\t\t<div class=\"ehp-contact__group\">\n\t\t\t<h3 class=\"ehp-contact__subheading\">Otev\u00edrac\u00ed doba<\/h3><p class=\"ehp-contact__contact-text\">Pond\u011bl\u00ed - p\u00e1tek <br>09:00 - 16:00 hod.<\/p>\t\t<\/div>\n\t\t\t\t<div class=\"ehp-contact__group\">\n\t\t\t<h3 class=\"ehp-contact__subheading\">adresa<\/h3>\t\t<div class=\"ehp-contact__links-container ehp-contact__links-container\">\n\t\t\t\t\t\t\t<a aria-label=\"Telefon: +49 9183 297 9933 Anschrift: Borststr. 15, 90559 Burgthann\" class=\"ehp-contact__contact-link ehp-contact__contact-link\" href=\"tel:+49 9183 297 9933 https:\/\/www.google.com\/maps\/place\/\/data=!4m2!3m1!1s0x479f67047652a9dd:0x307f809e0b462c2b?sa=X&#038;ved=1t:8290&#038;ictx=111\" rel=\"noopener noreferrer\">\n\t\t\t\t\t<svg aria-hidden=\"true\" class=\"ehp-contact__contact-link-icon e-font-icon-svg e-fas-map-marker-alt\" viewBox=\"0 0 384 512\" xmlns=\"http:\/\/www.w3.org\/2000\/svg\"><path d=\"M172.268 501.67C26.97 291.031 0 269.413 0 192 0 85.961 85.961 0 192 0s192 85.961 192 192c0 77.413-26.97 99.031-172.268 309.67-9.535 13.774-29.93 13.773-39.464 0zM192 272c44.183 0 80-35.817 80-80s-35.817-80-80-80-80 35.817-80 80 35.817 80 80 80z\"><\/path><\/svg><span class=\"ehp-contact__contact-link-label\">Anschrift: Borststr. 15, 90559 Burgthann<\/span>\t\t\t\t<\/a>\n\t\t\t\t\t\t<\/div>\n\t\t\t\t<\/div>\n\t\t\t\t<div class=\"ehp-contact__group\">\n\t\t\t<h3 class=\"ehp-contact__subheading\">Sledujte<\/h3>\t\t<div class=\"ehp-contact__social-icons-container\">\n\t\t\t\t\t\t\t<a aria-label=\"Instagram\" class=\"ehp-contact__social-link\" rel=\"noopener noreferrer\" href=\"https:\/\/www.instagram.com\/visionheart_gmbh\/\">\n\t\t\t\t\t<svg aria-hidden=\"true\" class=\"ehp-contact__contact-social-icon e-font-icon-svg e-fab-instagram\" viewBox=\"0 0 448 512\" xmlns=\"http:\/\/www.w3.org\/2000\/svg\"><path d=\"M224.1 141c-63.6 0-114.9 51.3-114.9 114.9s51.3 114.9 114.9 114.9S339 319.5 339 255.9 287.7 141 224.1 141zm0 189.6c-41.1 0-74.7-33.5-74.7-74.7s33.5-74.7 74.7-74.7 74.7 33.5 74.7 74.7-33.6 74.7-74.7 74.7zm146.4-194.3c0 14.9-12 26.8-26.8 26.8-14.9 0-26.8-12-26.8-26.8s12-26.8 26.8-26.8 26.8 12 26.8 26.8zm76.1 27.2c-1.7-35.9-9.9-67.7-36.2-93.9-26.2-26.2-58-34.4-93.9-36.2-37-2.1-147.9-2.1-184.9 0-35.8 1.7-67.6 9.9-93.9 36.1s-34.4 58-36.2 93.9c-2.1 37-2.1 147.9 0 184.9 1.7 35.9 9.9 67.7 36.2 93.9s58 34.4 93.9 36.2c37 2.1 147.9 2.1 184.9 0 35.9-1.7 67.7-9.9 93.9-36.2 26.2-26.2 34.4-58 36.2-93.9 2.1-37 2.1-147.8 0-184.8zM398.8 388c-7.8 19.6-22.9 34.7-42.6 42.6-29.5 11.7-99.5 9-132.1 9s-102.7 2.6-132.1-9c-19.6-7.8-34.7-22.9-42.6-42.6-11.7-29.5-9-99.5-9-132.1s-2.6-102.7 9-132.1c7.8-19.6 22.9-34.7 42.6-42.6 29.5-11.7 99.5-9 132.1-9s102.7-2.6 132.1 9c19.6 7.8 34.7 22.9 42.6 42.6 11.7 29.5 9 99.5 9 132.1s2.7 102.7-9 132.1z\"><\/path><\/svg>\t\t\t\t<\/a>\n\t\t\t\t\t\t\t\t<a aria-label=\"Instagram\" class=\"ehp-contact__social-link\" rel=\"noopener noreferrer\" href=\"https:\/\/www.linkedin.com\/company\/visionheart-gmbh\">\n\t\t\t\t\t<svg aria-hidden=\"true\" class=\"ehp-contact__contact-social-icon e-font-icon-svg e-fab-linkedin\" viewBox=\"0 0 448 512\" xmlns=\"http:\/\/www.w3.org\/2000\/svg\"><path d=\"M416 32H31.9C14.3 32 0 46.5 0 64.3v383.4C0 465.5 14.3 480 31.9 480H416c17.6 0 32-14.5 32-32.3V64.3c0-17.8-14.4-32.3-32-32.3zM135.4 416H69V202.2h66.5V416zm-33.2-243c-21.3 0-38.5-17.3-38.5-38.5S80.9 96 102.2 96c21.2 0 38.5 17.3 38.5 38.5 0 21.3-17.2 38.5-38.5 38.5zm282.1 243h-66.4V312c0-24.8-.5-56.7-34.5-56.7-34.6 0-39.9 27-39.9 54.9V416h-66.4V202.2h63.7v29.2h.9c8.9-16.8 30.6-34.5 62.9-34.5 67.2 0 79.7 44.3 79.7 101.9V416z\"><\/path><\/svg>\t\t\t\t<\/a>\n\t\t\t\t\t\t<\/div>\n\t\t\t\t<\/div>\n\t\t\t\t\t<\/div>\n\t\t<\/div>\n\t\t\t\t<div class=\"ehp-contact__map-container\">\n\t\t\t<div class=\"has-shape-sharp shape-type-map ehp-contact__map elementor-custom-embed\">\n\t\t\t\t<iframe loading=\"lazy\"\n\t\t\t\t\t\tsrc=\"https:\/\/maps.google.com\/maps?q=Borststr.%2015%2C%2090559%20Burgthann%20&#038;t=m&#038;z=9&#038;output=embed&#038;iwloc=near\"\n\t\t\t\t\t\ttitle=\"Borststr. 15, 90559 Burgthann \"\n\t\t\t\t\t\taria-label=\"Borststr. 15, 90559 Burgthann \"\n\t\t\t\t><\/iframe>\n\t\t\t<\/div>\n\t\t<\/div>\n\t\t\t\t\t<\/div>\n\t\t<\/div>\n\t\t\t\t\t\t<\/div>\n\t\t\t\t<\/div>\n\t\t\t\t\t<\/div>\n\t\t\t\t<\/div>\n\t\t<div class=\"elementor-element elementor-element-18058ef e-flex e-con-boxed e-con e-parent\" data-id=\"18058ef\" data-element_type=\"container\" data-settings=\"{&quot;background_background&quot;:&quot;gradient&quot;}\">\n\t\t\t\t\t<div class=\"e-con-inner\">\n\t\t\t\t<div class=\"elementor-element elementor-element-11431f1 elementor-button-align-stretch elementor-widget elementor-widget-form\" data-id=\"11431f1\" data-element_type=\"widget\" data-settings=\"{&quot;step_next_label&quot;:&quot;Dal\\u0161\\u00ed&quot;,&quot;step_previous_label&quot;:&quot;P\\u0159edchoz\\u00ed&quot;,&quot;button_width&quot;:&quot;100&quot;,&quot;step_type&quot;:&quot;number_text&quot;,&quot;step_icon_shape&quot;:&quot;circle&quot;}\" data-widget_type=\"form.default\">\n\t\t\t\t<div class=\"elementor-widget-container\">\n\t\t\t\t\t\t\t<form class=\"elementor-form\" method=\"post\" name=\"Kontaktn\u00ed formul\u00e1\u0159 2\" aria-label=\"Kontaktn\u00ed formul\u00e1\u0159 2\">\n\t\t\t<input type=\"hidden\" name=\"post_id\" value=\"1505\"\/>\n\t\t\t<input type=\"hidden\" name=\"form_id\" value=\"11431f1\"\/>\n\t\t\t<input type=\"hidden\" name=\"referer_title\" value=\"VisionHEART GmbH\" \/>\n\n\t\t\t\n\t\t\t<div class=\"elementor-form-fields-wrapper elementor-labels-above\">\n\t\t\t\t\t\t\t\t<div class=\"elementor-field-type-text elementor-field-group elementor-column elementor-field-group-field_8307c18 elementor-col-100\">\n\t\t\t\t\t\t\t\t\t\t\t\t<label for=\"form-field-field_8307c18\" class=\"elementor-field-label\">\n\t\t\t\t\t\t\t\tSpole\u010dnost\t\t\t\t\t\t\t<\/label>\n\t\t\t\t\t\t\t\t\t\t\t\t\t\t<input size=\"1\" type=\"text\" name=\"form_fields[field_8307c18]\" id=\"form-field-field_8307c18\" class=\"elementor-field elementor-size-sm  elementor-field-textual\" placeholder=\"Spole\u010dnost\">\n\t\t\t\t\t\t\t\t\t\t\t<\/div>\n\t\t\t\t\t\t\t\t<div class=\"elementor-field-type-text elementor-field-group elementor-column elementor-field-group-field_c6d37ac elementor-col-50\">\n\t\t\t\t\t\t\t\t\t\t\t\t<label for=\"form-field-field_c6d37ac\" class=\"elementor-field-label\">\n\t\t\t\t\t\t\t\tK\u0159estn\u00ed jm\u00e9no\t\t\t\t\t\t\t<\/label>\n\t\t\t\t\t\t\t\t\t\t\t\t\t\t<input size=\"1\" type=\"text\" name=\"form_fields[field_c6d37ac]\" id=\"form-field-field_c6d37ac\" class=\"elementor-field elementor-size-sm  elementor-field-textual\" placeholder=\"K\u0159estn\u00ed jm\u00e9no\">\n\t\t\t\t\t\t\t\t\t\t\t<\/div>\n\t\t\t\t\t\t\t\t<div class=\"elementor-field-type-text elementor-field-group elementor-column elementor-field-group-name elementor-col-50 elementor-field-required elementor-mark-required\">\n\t\t\t\t\t\t\t\t\t\t\t\t<label for=\"form-field-name\" class=\"elementor-field-label\">\n\t\t\t\t\t\t\t\tN\u00e1zev\t\t\t\t\t\t\t<\/label>\n\t\t\t\t\t\t\t\t\t\t\t\t\t\t<input size=\"1\" type=\"text\" name=\"form_fields[name]\" id=\"form-field-name\" class=\"elementor-field elementor-size-sm  elementor-field-textual\" placeholder=\"N\u00e1zev\" required=\"required\">\n\t\t\t\t\t\t\t\t\t\t\t<\/div>\n\t\t\t\t\t\t\t\t<div class=\"elementor-field-type-email elementor-field-group elementor-column elementor-field-group-email elementor-col-100 elementor-field-required elementor-mark-required\">\n\t\t\t\t\t\t\t\t\t\t\t\t<label for=\"form-field-email\" class=\"elementor-field-label\">\n\t\t\t\t\t\t\t\te-mail\t\t\t\t\t\t\t<\/label>\n\t\t\t\t\t\t\t\t\t\t\t\t\t\t<input size=\"1\" type=\"email\" name=\"form_fields[email]\" id=\"form-field-email\" class=\"elementor-field elementor-size-sm  elementor-field-textual\" placeholder=\"e-mail\" required=\"required\">\n\t\t\t\t\t\t\t\t\t\t\t<\/div>\n\t\t\t\t\t\t\t\t<div class=\"elementor-field-type-textarea elementor-field-group elementor-column elementor-field-group-message elementor-col-100 elementor-field-required elementor-mark-required\">\n\t\t\t\t\t\t\t\t\t\t\t\t<label for=\"form-field-message\" class=\"elementor-field-label\">\n\t\t\t\t\t\t\t\tZpr\u00e1va\t\t\t\t\t\t\t<\/label>\n\t\t\t\t\t\t<textarea class=\"elementor-field-textual elementor-field  elementor-size-sm\" name=\"form_fields[message]\" id=\"form-field-message\" rows=\"4\" placeholder=\"Zpr\u00e1va\" required=\"required\"><\/textarea>\t\t\t\t<\/div>\n\t\t\t\t\t\t\t\t<div class=\"elementor-field-type-html elementor-field-group elementor-column elementor-field-group-field_2441db3 elementor-col-50\">\n\t\t\t\t\t<p>  Souhlas\u00edm se <a href=\"https:\/\/www.visionheart.eu\/privacy-policy\/\"> z\u00e1sadami ochrany osobn\u00edch \u00fadaj\u016f <\/a> <\/a> <\/p>\t\t\t\t<\/div>\n\t\t\t\t\t\t\t\t<div class=\"elementor-field-type-acceptance elementor-field-group elementor-column elementor-field-group-field_661efef elementor-col-50\">\n\t\t\t\t\t\t\t<div class=\"elementor-field-subgroup\">\n\t\t\t<span class=\"elementor-field-option\">\n\t\t\t\t<input type=\"checkbox\" name=\"form_fields[field_661efef]\" id=\"form-field-field_661efef\" class=\"elementor-field elementor-size-sm  elementor-acceptance-field\">\n\t\t\t\t\t\t\t<\/span>\n\t\t<\/div>\n\t\t\t\t\t\t<\/div>\n\t\t\t\t\t\t\t\t<div class=\"elementor-field-group elementor-column elementor-field-type-submit elementor-col-100 e-form__buttons\">\n\t\t\t\t\t<button class=\"elementor-button elementor-size-sm\" type=\"submit\">\n\t\t\t\t\t\t<span class=\"elementor-button-content-wrapper\">\n\t\t\t\t\t\t\t\t\t\t\t\t\t\t\t\t\t\t\t\t\t\t<span class=\"elementor-button-text\">Odeslat<\/span>\n\t\t\t\t\t\t\t\t\t\t\t\t\t<\/span>\n\t\t\t\t\t<\/button>\n\t\t\t\t<\/div>\n\t\t\t<\/div>\n\t\t<\/form>\n\t\t\t\t\t\t<\/div>\n\t\t\t\t<\/div>\n\t\t\t\t\t<\/div>\n\t\t\t\t<\/div>\n\t\t\t\t<\/div>\n\t\t","protected":false},"excerpt":{"rendered":"<p>Spojte se s n\u00e1mi! Promluvme si! S n\u00e1mi nemluv\u00edte s po\u010d\u00edta\u010dem, chatbotem ani um\u011blou inteligenc\u00ed. Skute\u010dn\u00ed lid\u00e9. Skute\u010dn\u00e9 rady. M\u00e1te dotaz k na\u0161emu produktu, slu\u017eb\u011b nebo dotaz? Jsme v\u00e1m k dispozici. &nbsp; Promluvme si Telefon: +49 9183 297 9933 E-mail: sales@visionheart.de Otev\u00edrac\u00ed doba Pond\u011bl\u00ed &#8211; p\u00e1tek 09:00 &#8211; 16:00 hod. adresa Anschrift: Borststr. 15, 90559 [&hellip;]<\/p>\n","protected":false},"author":1,"featured_media":0,"parent":0,"menu_order":0,"comment_status":"closed","ping_status":"closed","template":"","meta":{"footnotes":""},"class_list":["post-1505","page","type-page","status-publish","hentry"],"yoast_head":"<!-- This site is optimized with the Yoast SEO plugin v26.6 - https:\/\/yoast.com\/wordpress\/plugins\/seo\/ -->\n<title>Promluvme si!<\/title>\n<meta name=\"description\" content=\"M\u00e1te dotaz k n\u011bkter\u00e9mu z na\u0161ich produkt\u016f nebo slu\u017eeb? Napi\u0161te n\u00e1m! N\u00e1\u0161 t\u00fdm se v\u00e1m co nejd\u0159\u00edve ozve!\" \/>\n<meta name=\"robots\" content=\"index, follow, max-snippet:-1, max-image-preview:large, max-video-preview:-1\" \/>\n<link rel=\"canonical\" href=\"https:\/\/www.visionheart.eu\/cs\/kontaktujte-nas\/\" \/>\n<meta property=\"og:locale\" content=\"cs_CZ\" \/>\n<meta property=\"og:type\" content=\"article\" \/>\n<meta property=\"og:title\" content=\"Promluvme si!\" \/>\n<meta property=\"og:description\" content=\"M\u00e1te dotaz k n\u011bkter\u00e9mu z na\u0161ich produkt\u016f nebo slu\u017eeb? Napi\u0161te n\u00e1m! N\u00e1\u0161 t\u00fdm se v\u00e1m co nejd\u0159\u00edve ozve!\" \/>\n<meta property=\"og:url\" content=\"https:\/\/www.visionheart.eu\/cs\/kontaktujte-nas\/\" \/>\n<meta property=\"og:site_name\" content=\"VisionHEART GmbH\" \/>\n<meta property=\"article:modified_time\" content=\"2025-07-31T09:21:23+00:00\" \/>\n<meta property=\"og:image\" content=\"https:\/\/www.visionheart.eu\/wp-content\/uploads\/2025\/05\/Zeichenflaeche-1.jpg\" \/>\n\t<meta property=\"og:image:width\" content=\"1920\" \/>\n\t<meta property=\"og:image:height\" content=\"1080\" \/>\n\t<meta property=\"og:image:type\" content=\"image\/jpeg\" \/>\n<script type=\"application\/ld+json\" class=\"yoast-schema-graph\">{\"@context\":\"https:\/\/schema.org\",\"@graph\":[{\"@type\":\"WebPage\",\"@id\":\"https:\/\/www.visionheart.eu\/cs\/kontaktujte-nas\/\",\"url\":\"https:\/\/www.visionheart.eu\/cs\/kontaktujte-nas\/\",\"name\":\"Promluvme si!\",\"isPartOf\":{\"@id\":\"https:\/\/www.visionheart.eu\/cs\/#website\"},\"datePublished\":\"2025-05-21T11:28:02+00:00\",\"dateModified\":\"2025-07-31T09:21:23+00:00\",\"description\":\"M\u00e1te dotaz k n\u011bkter\u00e9mu z na\u0161ich produkt\u016f nebo slu\u017eeb? Napi\u0161te n\u00e1m! N\u00e1\u0161 t\u00fdm se v\u00e1m co nejd\u0159\u00edve ozve!\",\"breadcrumb\":{\"@id\":\"https:\/\/www.visionheart.eu\/cs\/kontaktujte-nas\/#breadcrumb\"},\"inLanguage\":\"cs\",\"potentialAction\":[{\"@type\":\"ReadAction\",\"target\":[\"https:\/\/www.visionheart.eu\/cs\/kontaktujte-nas\/\"]}]},{\"@type\":\"BreadcrumbList\",\"@id\":\"https:\/\/www.visionheart.eu\/cs\/kontaktujte-nas\/#breadcrumb\",\"itemListElement\":[{\"@type\":\"ListItem\",\"position\":1,\"name\":\"Startseite\",\"item\":\"https:\/\/www.visionheart.eu\/cs\/\"},{\"@type\":\"ListItem\",\"position\":2,\"name\":\"Kontaktujte n\u00e1s\"}]},{\"@type\":\"WebSite\",\"@id\":\"https:\/\/www.visionheart.eu\/cs\/#website\",\"url\":\"https:\/\/www.visionheart.eu\/cs\/\",\"name\":\"VisionHEART GmbH\",\"description\":\"Ihr Ansprechpartner f\u00fcr Videolaryngoskope in Europa.\",\"publisher\":{\"@id\":\"https:\/\/www.visionheart.eu\/cs\/#organization\"},\"potentialAction\":[{\"@type\":\"SearchAction\",\"target\":{\"@type\":\"EntryPoint\",\"urlTemplate\":\"https:\/\/www.visionheart.eu\/cs\/?s={search_term_string}\"},\"query-input\":{\"@type\":\"PropertyValueSpecification\",\"valueRequired\":true,\"valueName\":\"search_term_string\"}}],\"inLanguage\":\"cs\"},{\"@type\":\"Organization\",\"@id\":\"https:\/\/www.visionheart.eu\/cs\/#organization\",\"name\":\"VisionHEART GmbH\",\"alternateName\":\"VisionHEART GmbH\",\"url\":\"https:\/\/www.visionheart.eu\/cs\/\",\"logo\":{\"@type\":\"ImageObject\",\"inLanguage\":\"cs\",\"@id\":\"https:\/\/www.visionheart.eu\/cs\/#\/schema\/logo\/image\/\",\"url\":\"https:\/\/www.visionheart.eu\/wp-content\/uploads\/2025\/05\/cropped-VisionHEART_Logo_Color_EV_435x135.png\",\"contentUrl\":\"https:\/\/www.visionheart.eu\/wp-content\/uploads\/2025\/05\/cropped-VisionHEART_Logo_Color_EV_435x135.png\",\"width\":450,\"height\":128,\"caption\":\"VisionHEART GmbH\"},\"image\":{\"@id\":\"https:\/\/www.visionheart.eu\/cs\/#\/schema\/logo\/image\/\"}}]}<\/script>\n<!-- \/ Yoast SEO plugin. -->","yoast_head_json":{"title":"Promluvme si!","description":"M\u00e1te dotaz k n\u011bkter\u00e9mu z na\u0161ich produkt\u016f nebo slu\u017eeb? Napi\u0161te n\u00e1m! N\u00e1\u0161 t\u00fdm se v\u00e1m co nejd\u0159\u00edve ozve!","robots":{"index":"index","follow":"follow","max-snippet":"max-snippet:-1","max-image-preview":"max-image-preview:large","max-video-preview":"max-video-preview:-1"},"canonical":"https:\/\/www.visionheart.eu\/cs\/kontaktujte-nas\/","og_locale":"cs_CZ","og_type":"article","og_title":"Promluvme si!","og_description":"M\u00e1te dotaz k n\u011bkter\u00e9mu z na\u0161ich produkt\u016f nebo slu\u017eeb? Napi\u0161te n\u00e1m! N\u00e1\u0161 t\u00fdm se v\u00e1m co nejd\u0159\u00edve ozve!","og_url":"https:\/\/www.visionheart.eu\/cs\/kontaktujte-nas\/","og_site_name":"VisionHEART GmbH","article_modified_time":"2025-07-31T09:21:23+00:00","og_image":[{"width":1920,"height":1080,"url":"https:\/\/www.visionheart.eu\/wp-content\/uploads\/2025\/05\/Zeichenflaeche-1.jpg","type":"image\/jpeg"}],"schema":{"@context":"https:\/\/schema.org","@graph":[{"@type":"WebPage","@id":"https:\/\/www.visionheart.eu\/cs\/kontaktujte-nas\/","url":"https:\/\/www.visionheart.eu\/cs\/kontaktujte-nas\/","name":"Promluvme si!","isPartOf":{"@id":"https:\/\/www.visionheart.eu\/cs\/#website"},"datePublished":"2025-05-21T11:28:02+00:00","dateModified":"2025-07-31T09:21:23+00:00","description":"M\u00e1te dotaz k n\u011bkter\u00e9mu z na\u0161ich produkt\u016f nebo slu\u017eeb? Napi\u0161te n\u00e1m! N\u00e1\u0161 t\u00fdm se v\u00e1m co nejd\u0159\u00edve ozve!","breadcrumb":{"@id":"https:\/\/www.visionheart.eu\/cs\/kontaktujte-nas\/#breadcrumb"},"inLanguage":"cs","potentialAction":[{"@type":"ReadAction","target":["https:\/\/www.visionheart.eu\/cs\/kontaktujte-nas\/"]}]},{"@type":"BreadcrumbList","@id":"https:\/\/www.visionheart.eu\/cs\/kontaktujte-nas\/#breadcrumb","itemListElement":[{"@type":"ListItem","position":1,"name":"Startseite","item":"https:\/\/www.visionheart.eu\/cs\/"},{"@type":"ListItem","position":2,"name":"Kontaktujte n\u00e1s"}]},{"@type":"WebSite","@id":"https:\/\/www.visionheart.eu\/cs\/#website","url":"https:\/\/www.visionheart.eu\/cs\/","name":"VisionHEART GmbH","description":"Ihr Ansprechpartner f\u00fcr Videolaryngoskope in Europa.","publisher":{"@id":"https:\/\/www.visionheart.eu\/cs\/#organization"},"potentialAction":[{"@type":"SearchAction","target":{"@type":"EntryPoint","urlTemplate":"https:\/\/www.visionheart.eu\/cs\/?s={search_term_string}"},"query-input":{"@type":"PropertyValueSpecification","valueRequired":true,"valueName":"search_term_string"}}],"inLanguage":"cs"},{"@type":"Organization","@id":"https:\/\/www.visionheart.eu\/cs\/#organization","name":"VisionHEART GmbH","alternateName":"VisionHEART GmbH","url":"https:\/\/www.visionheart.eu\/cs\/","logo":{"@type":"ImageObject","inLanguage":"cs","@id":"https:\/\/www.visionheart.eu\/cs\/#\/schema\/logo\/image\/","url":"https:\/\/www.visionheart.eu\/wp-content\/uploads\/2025\/05\/cropped-VisionHEART_Logo_Color_EV_435x135.png","contentUrl":"https:\/\/www.visionheart.eu\/wp-content\/uploads\/2025\/05\/cropped-VisionHEART_Logo_Color_EV_435x135.png","width":450,"height":128,"caption":"VisionHEART GmbH"},"image":{"@id":"https:\/\/www.visionheart.eu\/cs\/#\/schema\/logo\/image\/"}}]}},"_links":{"self":[{"href":"https:\/\/www.visionheart.eu\/cs\/wp-json\/wp\/v2\/pages\/1505","targetHints":{"allow":["GET"]}}],"collection":[{"href":"https:\/\/www.visionheart.eu\/cs\/wp-json\/wp\/v2\/pages"}],"about":[{"href":"https:\/\/www.visionheart.eu\/cs\/wp-json\/wp\/v2\/types\/page"}],"author":[{"embeddable":true,"href":"https:\/\/www.visionheart.eu\/cs\/wp-json\/wp\/v2\/users\/1"}],"replies":[{"embeddable":true,"href":"https:\/\/www.visionheart.eu\/cs\/wp-json\/wp\/v2\/comments?post=1505"}],"version-history":[{"count":3,"href":"https:\/\/www.visionheart.eu\/cs\/wp-json\/wp\/v2\/pages\/1505\/revisions"}],"predecessor-version":[{"id":1831,"href":"https:\/\/www.visionheart.eu\/cs\/wp-json\/wp\/v2\/pages\/1505\/revisions\/1831"}],"wp:attachment":[{"href":"https:\/\/www.visionheart.eu\/cs\/wp-json\/wp\/v2\/media?parent=1505"}],"curies":[{"name":"wp","href":"https:\/\/api.w.org\/{rel}","templated":true}]}}