{"id":1512,"date":"2025-05-21T13:28:08","date_gmt":"2025-05-21T11:28:08","guid":{"rendered":"https:\/\/www.visionheart.eu\/insights\/"},"modified":"2025-06-06T20:08:31","modified_gmt":"2025-06-06T18:08:31","slug":"insights","status":"publish","type":"page","link":"https:\/\/www.visionheart.eu\/cs\/insights\/","title":{"rendered":"Insights"},"content":{"rendered":"\t\t<div data-elementor-type=\"wp-page\" data-elementor-id=\"1512\" class=\"elementor elementor-1512 elementor-73\" data-elementor-post-type=\"page\">\n\t\t\t\t<div class=\"elementor-element elementor-element-21adc925 e-flex e-con-boxed e-con e-parent\" data-id=\"21adc925\" data-element_type=\"container\" data-settings=\"{&quot;background_background&quot;:&quot;classic&quot;}\">\n\t\t\t\t\t<div class=\"e-con-inner\">\n\t\t\t\t<div class=\"elementor-element elementor-element-23cf673 elementor-headline--style-highlight elementor-widget elementor-widget-animated-headline\" data-id=\"23cf673\" data-element_type=\"widget\" data-settings=\"{&quot;highlighted_text&quot;:&quot;&amp; Co je t\\u0159eba v\\u011bd\\u011bt&quot;,&quot;marker&quot;:&quot;underline&quot;,&quot;headline_style&quot;:&quot;highlight&quot;,&quot;loop&quot;:&quot;yes&quot;,&quot;highlight_animation_duration&quot;:1200,&quot;highlight_iteration_delay&quot;:8000}\" data-widget_type=\"animated-headline.default\">\n\t\t\t\t<div class=\"elementor-widget-container\">\n\t\t\t\t\t\t\t<h1 class=\"elementor-headline\">\n\t\t\t\t\t<span class=\"elementor-headline-plain-text elementor-headline-text-wrapper\">Insights<\/span>\n\t\t\t\t<span class=\"elementor-headline-dynamic-wrapper elementor-headline-text-wrapper\">\n\t\t\t\t\t<span class=\"elementor-headline-dynamic-text elementor-headline-text-active\">&amp; Co je t\u0159eba v\u011bd\u011bt<\/span>\n\t\t\t\t<\/span>\n\t\t\t\t<\/h1>\n\t\t\t\t\t\t<\/div>\n\t\t\t\t<\/div>\n\t\t\t\t\t<\/div>\n\t\t\t\t<\/div>\n\t\t<div class=\"elementor-element elementor-element-2d74195 e-flex e-con-boxed elementor-invisible e-con e-parent\" data-id=\"2d74195\" data-element_type=\"container\" data-settings=\"{&quot;background_background&quot;:&quot;classic&quot;,&quot;animation&quot;:&quot;fadeInUp&quot;}\">\n\t\t\t\t\t<div class=\"e-con-inner\">\n\t\t<div class=\"elementor-element elementor-element-123c119 e-con-full e-flex e-con e-child\" data-id=\"123c119\" data-element_type=\"container\">\n\t\t\t\t<div class=\"elementor-element elementor-element-1576345 elementor-widget elementor-widget-image\" data-id=\"1576345\" data-element_type=\"widget\" data-widget_type=\"image.default\">\n\t\t\t\t<div class=\"elementor-widget-container\">\n\t\t\t\t\t\t\t\t\t\t\t\t\t\t\t<img fetchpriority=\"high\" decoding=\"async\" width=\"800\" height=\"400\" src=\"https:\/\/www.visionheart.eu\/wp-content\/uploads\/2025\/05\/Banner-Videolaryngoskop-BF-DP_kleiner-1-1024x512.jpg\" class=\"attachment-large size-large wp-image-1464\" alt=\"Banner Videolaryngoskop BF-DP\" srcset=\"https:\/\/www.visionheart.eu\/wp-content\/uploads\/2025\/05\/Banner-Videolaryngoskop-BF-DP_kleiner-1-1024x512.jpg 1024w, https:\/\/www.visionheart.eu\/wp-content\/uploads\/2025\/05\/Banner-Videolaryngoskop-BF-DP_kleiner-1-300x150.jpg 300w, https:\/\/www.visionheart.eu\/wp-content\/uploads\/2025\/05\/Banner-Videolaryngoskop-BF-DP_kleiner-1-768x384.jpg 768w, https:\/\/www.visionheart.eu\/wp-content\/uploads\/2025\/05\/Banner-Videolaryngoskop-BF-DP_kleiner-1.jpg 1100w\" sizes=\"(max-width: 800px) 100vw, 800px\" \/>\t\t\t\t\t\t\t\t\t\t\t\t\t\t\t<\/div>\n\t\t\t\t<\/div>\n\t\t\t\t<\/div>\n\t\t<div class=\"elementor-element elementor-element-5e90c0b e-con-full e-flex e-con e-child\" data-id=\"5e90c0b\" data-element_type=\"container\">\n\t\t\t\t<div class=\"elementor-element elementor-element-528e8c3 elementor-headline--style-highlight elementor-widget elementor-widget-animated-headline\" data-id=\"528e8c3\" data-element_type=\"widget\" data-settings=\"{&quot;marker&quot;:&quot;underline&quot;,&quot;highlighted_text&quot;:&quot;Stoj\\u00ed to za to v\\u011bd\\u011bt?&quot;,&quot;headline_style&quot;:&quot;highlight&quot;,&quot;loop&quot;:&quot;yes&quot;,&quot;highlight_animation_duration&quot;:1200,&quot;highlight_iteration_delay&quot;:8000}\" data-widget_type=\"animated-headline.default\">\n\t\t\t\t<div class=\"elementor-widget-container\">\n\t\t\t\t\t\t\t<h2 class=\"elementor-headline\">\n\t\t\t\t\t<span class=\"elementor-headline-plain-text elementor-headline-text-wrapper\">Je\u0161t\u011b v\u00edce  <\/span>\n\t\t\t\t<span class=\"elementor-headline-dynamic-wrapper elementor-headline-text-wrapper\">\n\t\t\t\t\t<span class=\"elementor-headline-dynamic-text elementor-headline-text-active\">Stoj\u00ed to za to v\u011bd\u011bt?<\/span>\n\t\t\t\t<\/span>\n\t\t\t\t<\/h2>\n\t\t\t\t\t\t<\/div>\n\t\t\t\t<\/div>\n\t\t\t\t<div class=\"elementor-element elementor-element-2864464 elementor-widget elementor-widget-heading\" data-id=\"2864464\" data-element_type=\"widget\" data-widget_type=\"heading.default\">\n\t\t\t\t<div class=\"elementor-widget-container\">\n\t\t\t\t\t<h2 class=\"elementor-heading-title elementor-size-default\">Videolaryngoskopy: konstrukce, zam\u00fd\u0161len\u00e9 pou\u017eit\u00ed a klinick\u00e9 d\u016fkazy<\/h2>\t\t\t\t<\/div>\n\t\t\t\t<\/div>\n\t\t\t\t<div class=\"elementor-element elementor-element-c5e1af7 elementor-widget elementor-widget-text-editor\" data-id=\"c5e1af7\" data-element_type=\"widget\" data-widget_type=\"text-editor.default\">\n\t\t\t\t<div class=\"elementor-widget-container\">\n\t\t\t\t\t\t\t\t\t<p>V na\u0161em \u010dl\u00e1nku bychom v\u00e1s r\u00e1di informovali o tom, jak jsou tyto v\u00fdrobky navr\u017eeny a jak\u00e9 v\u00fdhody maj\u00ed videolaryngoskopy oproti b\u011b\u017en\u00fdm laryngoskop\u016fm. V t\u00e9to \u010d\u00e1sti se tak\u00e9 bl\u00ed\u017ee pod\u00edv\u00e1me na jejich konstrukci.   <\/p>\t\t\t\t\t\t\t\t<\/div>\n\t\t\t\t<\/div>\n\t\t\t\t<div class=\"elementor-element elementor-element-06c9cfd elementor-align-center elementor-widget elementor-widget-button\" data-id=\"06c9cfd\" data-element_type=\"widget\" data-widget_type=\"button.default\">\n\t\t\t\t<div class=\"elementor-widget-container\">\n\t\t\t\t\t\t\t\t\t<div class=\"elementor-button-wrapper\">\n\t\t\t\t\t<a class=\"elementor-button elementor-button-link elementor-size-sm\" href=\"https:\/\/www.visionheart.eu\/cs\/insights\/videolaryngoskopy-konstrukce-ucel-a-dukazy\/\">\n\t\t\t\t\t\t<span class=\"elementor-button-content-wrapper\">\n\t\t\t\t\t\t\t\t\t<span class=\"elementor-button-text\">K \u010dl\u00e1nku<\/span>\n\t\t\t\t\t<\/span>\n\t\t\t\t\t<\/a>\n\t\t\t\t<\/div>\n\t\t\t\t\t\t\t\t<\/div>\n\t\t\t\t<\/div>\n\t\t\t\t<\/div>\n\t\t\t\t\t<\/div>\n\t\t\t\t<\/div>\n\t\t<div class=\"elementor-element elementor-element-f02dad8 e-flex e-con-boxed elementor-invisible e-con e-parent\" data-id=\"f02dad8\" data-element_type=\"container\" data-settings=\"{&quot;background_background&quot;:&quot;classic&quot;,&quot;animation&quot;:&quot;fadeInUp&quot;}\">\n\t\t\t\t\t<div class=\"e-con-inner\">\n\t\t<div class=\"elementor-element elementor-element-fe47ce7 e-con-full e-flex e-con e-child\" data-id=\"fe47ce7\" data-element_type=\"container\">\n\t\t<div class=\"elementor-element elementor-element-94bc993 e-con-full e-flex e-con e-child\" data-id=\"94bc993\" data-element_type=\"container\">\n\t\t\t\t<div class=\"elementor-element elementor-element-3471b4b elementor-headline--style-highlight elementor-widget elementor-widget-animated-headline\" data-id=\"3471b4b\" data-element_type=\"widget\" data-settings=\"{&quot;marker&quot;:&quot;underline&quot;,&quot;highlighted_text&quot;:&quot;Intubace&quot;,&quot;headline_style&quot;:&quot;highlight&quot;,&quot;loop&quot;:&quot;yes&quot;,&quot;highlight_animation_duration&quot;:1200,&quot;highlight_iteration_delay&quot;:8000}\" data-widget_type=\"animated-headline.default\">\n\t\t\t\t<div class=\"elementor-widget-container\">\n\t\t\t\t\t\t\t<h2 class=\"elementor-headline\">\n\t\t\t\t\t<span class=\"elementor-headline-plain-text elementor-headline-text-wrapper\">R\u016fzn\u00e9 metody<\/span>\n\t\t\t\t<span class=\"elementor-headline-dynamic-wrapper elementor-headline-text-wrapper\">\n\t\t\t\t\t<span class=\"elementor-headline-dynamic-text elementor-headline-text-active\">Intubace<\/span>\n\t\t\t\t<\/span>\n\t\t\t\t<\/h2>\n\t\t\t\t\t\t<\/div>\n\t\t\t\t<\/div>\n\t\t\t\t<div class=\"elementor-element elementor-element-cbb698d elementor-widget elementor-widget-heading\" data-id=\"cbb698d\" data-element_type=\"widget\" data-widget_type=\"heading.default\">\n\t\t\t\t<div class=\"elementor-widget-container\">\n\t\t\t\t\t<h2 class=\"elementor-heading-title elementor-size-default\">Intubace zaji\u0161\u0165uje d\u00fdchac\u00ed cesty a pou\u017e\u00edv\u00e1 se v anestezii, intenzivn\u00ed p\u00e9\u010di a urgentn\u00ed medic\u00edn\u011b.<\/h2>\t\t\t\t<\/div>\n\t\t\t\t<\/div>\n\t\t\t\t<div class=\"elementor-element elementor-element-34b9dd9 elementor-widget elementor-widget-text-editor\" data-id=\"34b9dd9\" data-element_type=\"widget\" data-widget_type=\"text-editor.default\">\n\t\t\t\t<div class=\"elementor-widget-container\">\n\t\t\t\t\t\t\t\t\t<p>Intubace je kl\u00ed\u010dov\u00fdm postupem pro zaji\u0161t\u011bn\u00ed d\u00fdchac\u00edch cest v anestezii, intenzivn\u00ed p\u00e9\u010di a urgentn\u00ed medic\u00edn\u011b. Krom\u011b klasick\u00e9 p\u0159\u00edm\u00e9 laryngoskopie se st\u00e1le \u010dast\u011bji pou\u017e\u00edvaj\u00ed modern\u00ed metody, jako je videolaryngoskopie nebo fibreoptick\u00e9 postupy &#8211; p\u0159izp\u016fsoben\u00e9 stavu a situaci pacienta. Poskytneme v\u00e1m p\u0159ehled o jednotliv\u00fdch metod\u00e1ch.  <\/p>\t\t\t\t\t\t\t\t<\/div>\n\t\t\t\t<\/div>\n\t\t\t\t<div class=\"elementor-element elementor-element-98df98c elementor-align-center elementor-widget elementor-widget-button\" data-id=\"98df98c\" data-element_type=\"widget\" data-widget_type=\"button.default\">\n\t\t\t\t<div class=\"elementor-widget-container\">\n\t\t\t\t\t\t\t\t\t<div class=\"elementor-button-wrapper\">\n\t\t\t\t\t<a class=\"elementor-button elementor-button-link elementor-size-sm\" href=\"https:\/\/www.visionheart.eu\/cs\/insights\/ruzne-metody-intubace\/\">\n\t\t\t\t\t\t<span class=\"elementor-button-content-wrapper\">\n\t\t\t\t\t\t\t\t\t<span class=\"elementor-button-text\">Zjist\u011bte v\u00edce<\/span>\n\t\t\t\t\t<\/span>\n\t\t\t\t\t<\/a>\n\t\t\t\t<\/div>\n\t\t\t\t\t\t\t\t<\/div>\n\t\t\t\t<\/div>\n\t\t\t\t<\/div>\n\t\t\t\t<\/div>\n\t\t<div class=\"elementor-element elementor-element-1e4fdf6 e-con-full e-flex e-con e-child\" data-id=\"1e4fdf6\" data-element_type=\"container\">\n\t\t\t\t<div class=\"elementor-element elementor-element-981b283 elementor-widget elementor-widget-image\" data-id=\"981b283\" data-element_type=\"widget\" data-widget_type=\"image.default\">\n\t\t\t\t<div class=\"elementor-widget-container\">\n\t\t\t\t\t\t\t\t\t\t\t\t\t\t\t<img decoding=\"async\" width=\"800\" height=\"450\" src=\"https:\/\/www.visionheart.eu\/wp-content\/uploads\/2025\/05\/Intubation-HERO.jpg\" class=\"attachment-large size-large wp-image-1465\" alt=\"Intubationsprodukte\" srcset=\"https:\/\/www.visionheart.eu\/wp-content\/uploads\/2025\/05\/Intubation-HERO.jpg 889w, https:\/\/www.visionheart.eu\/wp-content\/uploads\/2025\/05\/Intubation-HERO-300x169.jpg 300w, https:\/\/www.visionheart.eu\/wp-content\/uploads\/2025\/05\/Intubation-HERO-768x432.jpg 768w\" sizes=\"(max-width: 800px) 100vw, 800px\" \/>\t\t\t\t\t\t\t\t\t\t\t\t\t\t\t<\/div>\n\t\t\t\t<\/div>\n\t\t\t\t<\/div>\n\t\t\t\t\t<\/div>\n\t\t\t\t<\/div>\n\t\t<div class=\"elementor-element elementor-element-7bf55c4a e-flex e-con-boxed e-con e-parent\" data-id=\"7bf55c4a\" data-element_type=\"container\">\n\t\t\t\t\t<div class=\"e-con-inner\">\n\t\t\t\t\t<\/div>\n\t\t\t\t<\/div>\n\t\t\t\t<\/div>\n\t\t","protected":false},"excerpt":{"rendered":"<p>Insights &amp; Co je t\u0159eba v\u011bd\u011bt Je\u0161t\u011b v\u00edce Stoj\u00ed to za to v\u011bd\u011bt? Videolaryngoskopy: konstrukce, zam\u00fd\u0161len\u00e9 pou\u017eit\u00ed a klinick\u00e9 d\u016fkazy V na\u0161em \u010dl\u00e1nku bychom v\u00e1s r\u00e1di informovali o tom, jak jsou tyto v\u00fdrobky navr\u017eeny a jak\u00e9 v\u00fdhody maj\u00ed videolaryngoskopy oproti b\u011b\u017en\u00fdm laryngoskop\u016fm. V t\u00e9to \u010d\u00e1sti se tak\u00e9 bl\u00ed\u017ee pod\u00edv\u00e1me na jejich konstrukci. K \u010dl\u00e1nku R\u016fzn\u00e9 [&hellip;]<\/p>\n","protected":false},"author":1,"featured_media":0,"parent":0,"menu_order":0,"comment_status":"closed","ping_status":"closed","template":"","meta":{"footnotes":""},"class_list":["post-1512","page","type-page","status-publish","hentry"],"yoast_head":"<!-- This site is optimized with the Yoast SEO plugin v26.6 - https:\/\/yoast.com\/wordpress\/plugins\/seo\/ -->\n<title>Poznatky a dal\u0161\u00ed ud\u00e1losti<\/title>\n<meta name=\"description\" content=\"P\u0159e\u010dt\u011bte si zaj\u00edmavosti z oboru urgentn\u00ed medic\u00edny a anestezie. Najdete zde tak\u00e9 aktu\u00e1ln\u00ed ud\u00e1losti a \u00fa\u010dasti na veletrz\u00edch!\" \/>\n<meta name=\"robots\" content=\"index, follow, max-snippet:-1, max-image-preview:large, max-video-preview:-1\" \/>\n<link rel=\"canonical\" href=\"https:\/\/www.visionheart.eu\/cs\/insights\/\" \/>\n<meta property=\"og:locale\" content=\"cs_CZ\" \/>\n<meta property=\"og:type\" content=\"article\" \/>\n<meta property=\"og:title\" content=\"Poznatky a dal\u0161\u00ed ud\u00e1losti\" \/>\n<meta property=\"og:description\" content=\"P\u0159e\u010dt\u011bte si zaj\u00edmavosti z oboru urgentn\u00ed medic\u00edny a anestezie. Najdete zde tak\u00e9 aktu\u00e1ln\u00ed ud\u00e1losti a \u00fa\u010dasti na veletrz\u00edch!\" \/>\n<meta property=\"og:url\" content=\"https:\/\/www.visionheart.eu\/cs\/insights\/\" \/>\n<meta property=\"og:site_name\" content=\"VisionHEART GmbH\" \/>\n<meta property=\"article:modified_time\" content=\"2025-06-06T18:08:31+00:00\" \/>\n<meta property=\"og:image\" content=\"https:\/\/www.visionheart.eu\/wp-content\/uploads\/2025\/05\/Banner-Videolaryngoskop-BF-DP_kleiner-1.jpg\" \/>\n\t<meta property=\"og:image:width\" content=\"1100\" \/>\n\t<meta property=\"og:image:height\" content=\"550\" \/>\n\t<meta property=\"og:image:type\" content=\"image\/jpeg\" \/>\n<script type=\"application\/ld+json\" class=\"yoast-schema-graph\">{\"@context\":\"https:\/\/schema.org\",\"@graph\":[{\"@type\":\"WebPage\",\"@id\":\"https:\/\/www.visionheart.eu\/cs\/insights\/\",\"url\":\"https:\/\/www.visionheart.eu\/cs\/insights\/\",\"name\":\"Poznatky a dal\u0161\u00ed ud\u00e1losti\",\"isPartOf\":{\"@id\":\"https:\/\/www.visionheart.eu\/cs\/#website\"},\"primaryImageOfPage\":{\"@id\":\"https:\/\/www.visionheart.eu\/cs\/insights\/#primaryimage\"},\"image\":{\"@id\":\"https:\/\/www.visionheart.eu\/cs\/insights\/#primaryimage\"},\"thumbnailUrl\":\"https:\/\/www.visionheart.eu\/wp-content\/uploads\/2025\/05\/Banner-Videolaryngoskop-BF-DP_kleiner-1-1024x512.jpg\",\"datePublished\":\"2025-05-21T11:28:08+00:00\",\"dateModified\":\"2025-06-06T18:08:31+00:00\",\"description\":\"P\u0159e\u010dt\u011bte si zaj\u00edmavosti z oboru urgentn\u00ed medic\u00edny a anestezie. Najdete zde tak\u00e9 aktu\u00e1ln\u00ed ud\u00e1losti a \u00fa\u010dasti na veletrz\u00edch!\",\"breadcrumb\":{\"@id\":\"https:\/\/www.visionheart.eu\/cs\/insights\/#breadcrumb\"},\"inLanguage\":\"cs\",\"potentialAction\":[{\"@type\":\"ReadAction\",\"target\":[\"https:\/\/www.visionheart.eu\/cs\/insights\/\"]}]},{\"@type\":\"ImageObject\",\"inLanguage\":\"cs\",\"@id\":\"https:\/\/www.visionheart.eu\/cs\/insights\/#primaryimage\",\"url\":\"https:\/\/www.visionheart.eu\/wp-content\/uploads\/2025\/05\/Banner-Videolaryngoskop-BF-DP_kleiner-1-1024x512.jpg\",\"contentUrl\":\"https:\/\/www.visionheart.eu\/wp-content\/uploads\/2025\/05\/Banner-Videolaryngoskop-BF-DP_kleiner-1-1024x512.jpg\"},{\"@type\":\"BreadcrumbList\",\"@id\":\"https:\/\/www.visionheart.eu\/cs\/insights\/#breadcrumb\",\"itemListElement\":[{\"@type\":\"ListItem\",\"position\":1,\"name\":\"Startseite\",\"item\":\"https:\/\/www.visionheart.eu\/cs\/\"},{\"@type\":\"ListItem\",\"position\":2,\"name\":\"Insights\"}]},{\"@type\":\"WebSite\",\"@id\":\"https:\/\/www.visionheart.eu\/cs\/#website\",\"url\":\"https:\/\/www.visionheart.eu\/cs\/\",\"name\":\"VisionHEART GmbH\",\"description\":\"Ihr Ansprechpartner f\u00fcr Videolaryngoskope in Europa.\",\"publisher\":{\"@id\":\"https:\/\/www.visionheart.eu\/cs\/#organization\"},\"potentialAction\":[{\"@type\":\"SearchAction\",\"target\":{\"@type\":\"EntryPoint\",\"urlTemplate\":\"https:\/\/www.visionheart.eu\/cs\/?s={search_term_string}\"},\"query-input\":{\"@type\":\"PropertyValueSpecification\",\"valueRequired\":true,\"valueName\":\"search_term_string\"}}],\"inLanguage\":\"cs\"},{\"@type\":\"Organization\",\"@id\":\"https:\/\/www.visionheart.eu\/cs\/#organization\",\"name\":\"VisionHEART GmbH\",\"alternateName\":\"VisionHEART GmbH\",\"url\":\"https:\/\/www.visionheart.eu\/cs\/\",\"logo\":{\"@type\":\"ImageObject\",\"inLanguage\":\"cs\",\"@id\":\"https:\/\/www.visionheart.eu\/cs\/#\/schema\/logo\/image\/\",\"url\":\"https:\/\/www.visionheart.eu\/wp-content\/uploads\/2025\/05\/cropped-VisionHEART_Logo_Color_EV_435x135.png\",\"contentUrl\":\"https:\/\/www.visionheart.eu\/wp-content\/uploads\/2025\/05\/cropped-VisionHEART_Logo_Color_EV_435x135.png\",\"width\":450,\"height\":128,\"caption\":\"VisionHEART GmbH\"},\"image\":{\"@id\":\"https:\/\/www.visionheart.eu\/cs\/#\/schema\/logo\/image\/\"}}]}<\/script>\n<!-- \/ Yoast SEO plugin. -->","yoast_head_json":{"title":"Poznatky a dal\u0161\u00ed ud\u00e1losti","description":"P\u0159e\u010dt\u011bte si zaj\u00edmavosti z oboru urgentn\u00ed medic\u00edny a anestezie. Najdete zde tak\u00e9 aktu\u00e1ln\u00ed ud\u00e1losti a \u00fa\u010dasti na veletrz\u00edch!","robots":{"index":"index","follow":"follow","max-snippet":"max-snippet:-1","max-image-preview":"max-image-preview:large","max-video-preview":"max-video-preview:-1"},"canonical":"https:\/\/www.visionheart.eu\/cs\/insights\/","og_locale":"cs_CZ","og_type":"article","og_title":"Poznatky a dal\u0161\u00ed ud\u00e1losti","og_description":"P\u0159e\u010dt\u011bte si zaj\u00edmavosti z oboru urgentn\u00ed medic\u00edny a anestezie. Najdete zde tak\u00e9 aktu\u00e1ln\u00ed ud\u00e1losti a \u00fa\u010dasti na veletrz\u00edch!","og_url":"https:\/\/www.visionheart.eu\/cs\/insights\/","og_site_name":"VisionHEART GmbH","article_modified_time":"2025-06-06T18:08:31+00:00","og_image":[{"width":1100,"height":550,"url":"https:\/\/www.visionheart.eu\/wp-content\/uploads\/2025\/05\/Banner-Videolaryngoskop-BF-DP_kleiner-1.jpg","type":"image\/jpeg"}],"schema":{"@context":"https:\/\/schema.org","@graph":[{"@type":"WebPage","@id":"https:\/\/www.visionheart.eu\/cs\/insights\/","url":"https:\/\/www.visionheart.eu\/cs\/insights\/","name":"Poznatky a dal\u0161\u00ed ud\u00e1losti","isPartOf":{"@id":"https:\/\/www.visionheart.eu\/cs\/#website"},"primaryImageOfPage":{"@id":"https:\/\/www.visionheart.eu\/cs\/insights\/#primaryimage"},"image":{"@id":"https:\/\/www.visionheart.eu\/cs\/insights\/#primaryimage"},"thumbnailUrl":"https:\/\/www.visionheart.eu\/wp-content\/uploads\/2025\/05\/Banner-Videolaryngoskop-BF-DP_kleiner-1-1024x512.jpg","datePublished":"2025-05-21T11:28:08+00:00","dateModified":"2025-06-06T18:08:31+00:00","description":"P\u0159e\u010dt\u011bte si zaj\u00edmavosti z oboru urgentn\u00ed medic\u00edny a anestezie. Najdete zde tak\u00e9 aktu\u00e1ln\u00ed ud\u00e1losti a \u00fa\u010dasti na veletrz\u00edch!","breadcrumb":{"@id":"https:\/\/www.visionheart.eu\/cs\/insights\/#breadcrumb"},"inLanguage":"cs","potentialAction":[{"@type":"ReadAction","target":["https:\/\/www.visionheart.eu\/cs\/insights\/"]}]},{"@type":"ImageObject","inLanguage":"cs","@id":"https:\/\/www.visionheart.eu\/cs\/insights\/#primaryimage","url":"https:\/\/www.visionheart.eu\/wp-content\/uploads\/2025\/05\/Banner-Videolaryngoskop-BF-DP_kleiner-1-1024x512.jpg","contentUrl":"https:\/\/www.visionheart.eu\/wp-content\/uploads\/2025\/05\/Banner-Videolaryngoskop-BF-DP_kleiner-1-1024x512.jpg"},{"@type":"BreadcrumbList","@id":"https:\/\/www.visionheart.eu\/cs\/insights\/#breadcrumb","itemListElement":[{"@type":"ListItem","position":1,"name":"Startseite","item":"https:\/\/www.visionheart.eu\/cs\/"},{"@type":"ListItem","position":2,"name":"Insights"}]},{"@type":"WebSite","@id":"https:\/\/www.visionheart.eu\/cs\/#website","url":"https:\/\/www.visionheart.eu\/cs\/","name":"VisionHEART GmbH","description":"Ihr Ansprechpartner f\u00fcr Videolaryngoskope in Europa.","publisher":{"@id":"https:\/\/www.visionheart.eu\/cs\/#organization"},"potentialAction":[{"@type":"SearchAction","target":{"@type":"EntryPoint","urlTemplate":"https:\/\/www.visionheart.eu\/cs\/?s={search_term_string}"},"query-input":{"@type":"PropertyValueSpecification","valueRequired":true,"valueName":"search_term_string"}}],"inLanguage":"cs"},{"@type":"Organization","@id":"https:\/\/www.visionheart.eu\/cs\/#organization","name":"VisionHEART GmbH","alternateName":"VisionHEART GmbH","url":"https:\/\/www.visionheart.eu\/cs\/","logo":{"@type":"ImageObject","inLanguage":"cs","@id":"https:\/\/www.visionheart.eu\/cs\/#\/schema\/logo\/image\/","url":"https:\/\/www.visionheart.eu\/wp-content\/uploads\/2025\/05\/cropped-VisionHEART_Logo_Color_EV_435x135.png","contentUrl":"https:\/\/www.visionheart.eu\/wp-content\/uploads\/2025\/05\/cropped-VisionHEART_Logo_Color_EV_435x135.png","width":450,"height":128,"caption":"VisionHEART GmbH"},"image":{"@id":"https:\/\/www.visionheart.eu\/cs\/#\/schema\/logo\/image\/"}}]}},"_links":{"self":[{"href":"https:\/\/www.visionheart.eu\/cs\/wp-json\/wp\/v2\/pages\/1512","targetHints":{"allow":["GET"]}}],"collection":[{"href":"https:\/\/www.visionheart.eu\/cs\/wp-json\/wp\/v2\/pages"}],"about":[{"href":"https:\/\/www.visionheart.eu\/cs\/wp-json\/wp\/v2\/types\/page"}],"author":[{"embeddable":true,"href":"https:\/\/www.visionheart.eu\/cs\/wp-json\/wp\/v2\/users\/1"}],"replies":[{"embeddable":true,"href":"https:\/\/www.visionheart.eu\/cs\/wp-json\/wp\/v2\/comments?post=1512"}],"version-history":[{"count":3,"href":"https:\/\/www.visionheart.eu\/cs\/wp-json\/wp\/v2\/pages\/1512\/revisions"}],"predecessor-version":[{"id":1533,"href":"https:\/\/www.visionheart.eu\/cs\/wp-json\/wp\/v2\/pages\/1512\/revisions\/1533"}],"wp:attachment":[{"href":"https:\/\/www.visionheart.eu\/cs\/wp-json\/wp\/v2\/media?parent=1512"}],"curies":[{"name":"wp","href":"https:\/\/api.w.org\/{rel}","templated":true}]}}