{"id":1529,"date":"2025-05-22T13:57:30","date_gmt":"2025-05-22T11:57:30","guid":{"rendered":"https:\/\/www.visionheart.eu\/insights\/videolaryngoskopy-konstrukce-ucel-a-dukazy\/"},"modified":"2025-06-06T20:08:31","modified_gmt":"2025-06-06T18:08:31","slug":"videolaryngoskopy-konstrukce-ucel-a-dukazy","status":"publish","type":"page","link":"https:\/\/www.visionheart.eu\/cs\/insights\/videolaryngoskopy-konstrukce-ucel-a-dukazy\/","title":{"rendered":"Videolaryngoskopy: konstrukce, \u00fa\u010del a d\u016fkazy"},"content":{"rendered":"\t\t<div data-elementor-type=\"wp-page\" data-elementor-id=\"1529\" class=\"elementor elementor-1529 elementor-598\" data-elementor-post-type=\"page\">\n\t\t\t\t<div class=\"elementor-element elementor-element-74800837 e-flex e-con-boxed e-con e-parent\" data-id=\"74800837\" data-element_type=\"container\" data-settings=\"{&quot;background_background&quot;:&quot;classic&quot;}\">\n\t\t\t\t\t<div class=\"e-con-inner\">\n\t\t\t\t<div class=\"elementor-element elementor-element-8a2b289 elementor-headline--style-highlight elementor-widget elementor-widget-animated-headline\" data-id=\"8a2b289\" data-element_type=\"widget\" data-settings=\"{&quot;marker&quot;:&quot;underline&quot;,&quot;highlighted_text&quot;:&quot;Struktura, \\u00fa\\u010del a d\\u016fkazy&quot;,&quot;headline_style&quot;:&quot;highlight&quot;,&quot;loop&quot;:&quot;yes&quot;,&quot;highlight_animation_duration&quot;:1200,&quot;highlight_iteration_delay&quot;:8000}\" data-widget_type=\"animated-headline.default\">\n\t\t\t\t<div class=\"elementor-widget-container\">\n\t\t\t\t\t\t\t<h1 class=\"elementor-headline\">\n\t\t\t\t\t<span class=\"elementor-headline-plain-text elementor-headline-text-wrapper\">Videolaryngoskopy:  <\/span>\n\t\t\t\t<span class=\"elementor-headline-dynamic-wrapper elementor-headline-text-wrapper\">\n\t\t\t\t\t<span class=\"elementor-headline-dynamic-text elementor-headline-text-active\">Struktura, \u00fa\u010del a d\u016fkazy<\/span>\n\t\t\t\t<\/span>\n\t\t\t\t<\/h1>\n\t\t\t\t\t\t<\/div>\n\t\t\t\t<\/div>\n\t\t\t\t\t<\/div>\n\t\t\t\t<\/div>\n\t\t<div class=\"elementor-element elementor-element-b055d69 e-flex e-con-boxed e-con e-parent\" data-id=\"b055d69\" data-element_type=\"container\">\n\t\t\t\t\t<div class=\"e-con-inner\">\n\t\t<div class=\"elementor-element elementor-element-528bbda e-con-full e-flex e-con e-child\" data-id=\"528bbda\" data-element_type=\"container\">\n\t\t<div class=\"elementor-element elementor-element-b3e88dc e-con-full e-flex elementor-invisible e-con e-child\" data-id=\"b3e88dc\" data-element_type=\"container\" data-settings=\"{&quot;animation&quot;:&quot;fadeInLeft&quot;}\">\n\t\t\t\t<div class=\"elementor-element elementor-element-7053b36 elementor-widget elementor-widget-cta\" data-id=\"7053b36\" data-element_type=\"widget\" data-settings=\"{&quot;layout_preset&quot;:&quot;storytelling&quot;,&quot;content_alignment&quot;:&quot;center&quot;,&quot;content_alignment_tablet&quot;:&quot;center&quot;,&quot;content_alignment_mobile&quot;:&quot;center&quot;,&quot;image_shape&quot;:&quot;sharp&quot;,&quot;primary_button_shape&quot;:&quot;default&quot;,&quot;cta_width&quot;:&quot;default&quot;,&quot;cta_position&quot;:&quot;default&quot;,&quot;box_shape&quot;:&quot;sharp&quot;}\" data-widget_type=\"cta.default\">\n\t\t\t\t<div class=\"elementor-widget-container\">\n\t\t\t\t\t\t\t<div class=\"has-shape-sharp shape-type-box ehp-cta has-preset-storytelling\">\n\t\t\t<div class=\"ehp-cta__overlay\"><\/div>\n\t\t\t<div class=\"ehp-cta__elements-container\">\n\t\t\t\t\t\t\t<div class=\"ehp-image ehp-cta__image-container\">\n\t\t\t\t<img decoding=\"async\" class=\"ehp-image__img ehp-cta__img has-shape-sharp shape-type-image\" src=\"https:\/\/www.visionheart.eu\/wp-content\/uploads\/2025\/05\/BD-DP-Freigestellt-farbe-korrigiert.png\" title=\"Videolaryngoskop BF-DP\" alt=\"Videolaryngoskop BF-DP MAC\" loading=\"lazy\" \/>\t\t\t<\/div>\n\t\t\t\t\t<div class=\"ehp-cta__text-container\">\n\t\t\t<h2 class=\"ehp-cta__heading\">Videolaryngoskop BF-DP<\/h2><p class=\"ehp-cta__description\">Je pom\u016fckou pro endotrache\u00e1ln\u00ed intubaci. Je vybavena rukojet\u00ed MAC a MIL a je vhodn\u00e1 pro ... <\/p>\t\t<\/div>\n\t\t\t\t\t<div class=\"ehp-cta__ctas-container has-cta-width-default\">\n\t\t\t\t<div class=\"ehp-cta__buttons-wrapper\">\n\t\t\t\t\t\t\t<a class=\"has-shape-default shape-type-button ehp-button ehp-button--primary ehp-cta__button ehp-cta__button--primary is-type-button\" href=\"https:\/\/www.visionheart.eu\/cs\/produkty\/videolaryngoskop-bf-dp\/\">\n\t\t\t\t\t<span class=\"ehp-button__text ehp-cta__button-text ehp-cta__button-text--primary\">\n\t\t\tK v\u00fdrobku\t\t\t\t<\/a>\n\t\t\t\t\t\t\t\t\t\t\t<\/div>\n\t\t\t<\/div>\n\t\t\t\t\t<\/div>\n\t\t<\/div>\n\t\t\t\t\t\t<\/div>\n\t\t\t\t<\/div>\n\t\t\t\t<\/div>\n\t\t\t\t<\/div>\n\t\t<div class=\"elementor-element elementor-element-b9b5ccb e-con-full e-flex e-con e-child\" data-id=\"b9b5ccb\" data-element_type=\"container\">\n\t\t\t\t<div class=\"elementor-element elementor-element-6deec21 elementor-widget elementor-widget-text-editor\" data-id=\"6deec21\" data-element_type=\"widget\" data-widget_type=\"text-editor.default\">\n\t\t\t\t<div class=\"elementor-widget-container\">\n\t\t\t\t\t\t\t\t\t<p>V posledn\u00edch letech se videolaryngoskopy staly nepostradateln\u00fdmi n\u00e1stroji v anestezii a urgentn\u00ed medic\u00edn\u011b. Umo\u017e\u0148uj\u00ed lep\u0161\u00ed vizualizaci hrtanov\u00fdch struktur, co\u017e zvy\u0161uje \u00fasp\u011b\u0161nost endotrache\u00e1ln\u00ed intubace, zejm\u00e9na v obt\u00ed\u017en\u00fdch d\u00fdchac\u00edch cest\u00e1ch [1]. <\/p><h2><b>Nastaven\u00ed videolaryngoskop\u016f<\/b><\/h2><p>Videolaryngoskop se skl\u00e1d\u00e1 z n\u011bkolika z\u00e1kladn\u00edch sou\u010d\u00e1st\u00ed:<\/p><ul><li>\u0160pachtle: Vkl\u00e1d\u00e1 se do \u00fast, aby se jazyk odsunul stranou a umo\u017enil pohled na glottis. Existuj\u00ed r\u016fzn\u00e9 typy lopatek pro r\u016fzn\u00e9 pou\u017eit\u00ed: <ul><li>\u0161pachtle podobn\u00e1 Macintoshi (umo\u017e\u0148uje p\u0159\u00edm\u00fd i nep\u0159\u00edm\u00fd pohled)<\/li><li>Hyperangulovan\u00e1 \u0161pachtle (vhodn\u00e1 pro obt\u00ed\u017en\u00e9 d\u00fdchac\u00ed cesty) [2].<\/li><li>Millerova \u0161pachtle (vhodn\u00e1 pro pou\u017eit\u00ed u novorozenc\u016f; viz tak\u00e9 zde: <a href=\"https:\/\/www.visionheart.eu\/produkte\/einweg-laryngoskopspatel\/\">P\u0159ehled \u0161pachtl\u00ed<\/a>)<\/li><\/ul><\/li><li>Kamera: Miniaturn\u00ed kamera p\u0159ipevn\u011bn\u00e1 ke \u0161pi\u010dce \u0161pachtle p\u0159en\u00e1\u0161\u00ed obraz v re\u00e1ln\u00e9m \u010dase na monitor [3].<\/li><li>Zdroj sv\u011btla: Sv\u011bteln\u00fd zdroj LED zaji\u0161\u0165uje optim\u00e1ln\u00ed osv\u011btlen\u00ed d\u00fdchac\u00edch cest [4].<\/li><li>Monitor: Zaznamenan\u00fd obraz se zobrazuje na extern\u00edm nebo integrovan\u00e9m monitoru, kter\u00fd umo\u017e\u0148uje p\u0159esn\u00e9 um\u00edst\u011bn\u00ed endotrache\u00e1ln\u00ed rourky [5].<\/li><\/ul><h2><b>\u00da\u010del videolaryngoskop\u016f<\/b><\/h2><p>Hlavn\u00edm \u00fa\u010delem videolaryngoskop\u016f je bezpe\u010dn\u00e9 a \u00fa\u010dinn\u00e9 prov\u00e1d\u011bn\u00ed endotrache\u00e1ln\u00ed intubace. Mezi nejd\u016fle\u017eit\u011bj\u0161\u00ed oblasti pou\u017eit\u00ed pat\u0159\u00ed <\/p><ul><li>Pravideln\u00e1 intubace: videolaryngoskopy se st\u00e1le \u010dast\u011bji pou\u017e\u00edvaj\u00ed jako standardn\u00ed postup, zejm\u00e9na v anestezii [6].<\/li><li>Obt\u00ed\u017en\u00e9 d\u00fdchac\u00ed cesty: Sm\u011brnice S1 o zaji\u0161t\u011bn\u00ed d\u00fdchac\u00edch cest doporu\u010duje prim\u00e1rn\u00ed pou\u017eit\u00ed videolaryngoskop\u016f v obt\u00ed\u017en\u00fdch intuba\u010dn\u00edch podm\u00ednk\u00e1ch [7].<\/li><li>Pohotovostn\u00ed medic\u00edna: Lep\u0161\u00ed viditelnost d\u00fdchac\u00edch cest m\u016f\u017ee zv\u00fd\u0161it \u00fasp\u011b\u0161nost urgentn\u00edch intubac\u00ed [8].<\/li><li>L\u00e9ka\u0159sk\u00e9 vzd\u011bl\u00e1n\u00ed: D\u00edky zobrazen\u00ed v re\u00e1ln\u00e9m \u010dase na monitoru jsou videolaryngoskopy ide\u00e1ln\u00ed pro \u0161kolen\u00ed anesteziolog\u016f a l\u00e9ka\u0159\u016f na pohotovosti [9].<\/li><\/ul><h2><b>V\u011bdeck\u00e9 d\u016fkazy a sou\u010dasn\u00e9 pokyny<\/b><\/h2><p>Podle aktu\u00e1ln\u00edho pokynu S1 \u201eAirway management\u201c N\u011bmeck\u00e9 spole\u010dnosti pro anesteziologii a intenzivn\u00ed medic\u00ednu (DGAI) [7] by m\u011bl b\u00fdt videolaryngoskop k dispozici na ka\u017ed\u00e9m anesteziologick\u00e9m pracovi\u0161ti. Nejd\u016fle\u017eit\u011bj\u0161\u00ed doporu\u010den\u00ed jsou <\/p><ul><li>Jako prim\u00e1rn\u00ed n\u00e1stroj pro intubaci jsou vhodn\u00e9 videolaryngoskopy s \u010depel\u00ed podobnou Macintoshov\u011b [7].<\/li><li>Pokud se o\u010dek\u00e1vaj\u00ed obt\u00ed\u017en\u00e9 d\u00fdchac\u00ed cesty, m\u011bly by b\u00fdt k dispozici hyperangulovan\u00e9 lopatky [10].<\/li><li>Po ne\u00fasp\u011b\u0161n\u00e9 p\u0159\u00edm\u00e9 laryngoskopii se doporu\u010duje pou\u017e\u00edt videolaryngoskop [7].<\/li><li>Videolaryngoskopie je preferovanou metodou zaji\u0161t\u011bn\u00ed d\u00fdchac\u00edch cest, zejm\u00e9na u pacient\u016f s rizikem aspirace [11].<\/li><\/ul><p> <\/p><p>Zaveden\u00ed videolaryngoskop\u016f v\u00fdznamn\u011b zlep\u0161ilo klinickou praxi p\u0159i zaji\u0161t\u011bn\u00ed d\u00fdchac\u00edch cest. Jejich p\u0159\u00ednos, zejm\u00e9na v obt\u00ed\u017en\u00fdch situac\u00edch, je dob\u0159e zdokumentov\u00e1n v\u011bdeck\u00fdmi studiemi a pokyny. Jejich rutinn\u00ed pou\u017e\u00edv\u00e1n\u00ed je st\u00e1le v\u00edce pova\u017eov\u00e1no za standard a pro maxim\u00e1ln\u00ed vyu\u017eit\u00ed potenci\u00e1lu t\u00e9to technologie je nezbytn\u00e9 odpov\u00eddaj\u00edc\u00ed \u0161kolen\u00ed.  <\/p>\t\t\t\t\t\t\t\t<\/div>\n\t\t\t\t<\/div>\n\t\t\t\t<\/div>\n\t\t\t\t\t<\/div>\n\t\t\t\t<\/div>\n\t\t<div class=\"elementor-element elementor-element-7db4ff7f e-flex e-con-boxed elementor-invisible e-con e-parent\" data-id=\"7db4ff7f\" data-element_type=\"container\" data-settings=\"{&quot;background_background&quot;:&quot;classic&quot;,&quot;animation&quot;:&quot;fadeInUp&quot;}\">\n\t\t\t\t\t<div class=\"e-con-inner\">\n\t\t\t\t<div class=\"elementor-element elementor-element-63a71f2 elementor-widget elementor-widget-html\" data-id=\"63a71f2\" data-element_type=\"widget\" data-widget_type=\"html.default\">\n\t\t\t\t<div class=\"elementor-widget-container\">\n\t\t\t\t\t<!--googleoff: all--> \n<div id=\"literaturverzeichnis\">Bibliografie<br>\n[1] Aziz, M. F., Healy, D., Kheterpal, S., et al. (2011). \u201e\u00da\u010dinnost Glidescopu v rutinn\u00ed klinick\u00e9 praxi p\u0159i zaji\u0161t\u011bn\u00ed obt\u00ed\u017en\u00fdch d\u00fdchac\u00edch cest: Anal\u00fdza 2 004 intubac\u00ed Glidescopem, komplikac\u00ed a selh\u00e1n\u00ed z prospektivn\u00ed, multicentrick\u00e9, observa\u010dn\u00ed studie\u201c. Anaesthesiology, 114(1), 34-41. <br>\n[2] Mosier, J. M., Sakles, J. C., Law, J. A., et al. (2020). \u201eTrache\u00e1ln\u00ed intubace u kriticky nemocn\u00fdch: sou\u010dasn\u00fd stav a budouc\u00ed sm\u011bry\u201c. The Lancet Respiratory Medicine, 8(8), 754-766. <br>\n[Cook, T. M., Kelly, F. E. (2017). \u201eN\u00e1rodn\u00ed pr\u016fzkum videolaryngoskopie ve Spojen\u00e9m kr\u00e1lovstv\u00ed\u201c. Anaesthesia, 72(8), 1017-1024.  <br>\n[4] Pieters, B. M., Maas, E., Knape, J. T. A., et al. (2017). \u201eVideolaryngoskopie vs. p\u0159\u00edm\u00e1 laryngoskopie p\u0159i trache\u00e1ln\u00ed intubaci u dosp\u011bl\u00fdch s obezitou: systematick\u00fd p\u0159ehled a metaanal\u00fdza\u201c. Anaesthesia, 72(6), 691-701. <br>\n[5] Myatra, S. N., Jain, R., Gandhi, K. a kol. (2013). \u201eSrovn\u00e1n\u00ed videolaryngoskopu C-MAC s laryngoskopem Macintosh pro rutinn\u00ed zaji\u0161t\u011bn\u00ed d\u00fdchac\u00edch cest: randomizovan\u00e1 klinick\u00e1 studie.\u201c Anaesthesia, 68(9), 899-907. <br>\n[6] Apfelbaum, J. L., Hagberg, C. A., Caplan, R. A., et al. (2013). \u201ePraktick\u00e9 pokyny pro zvl\u00e1d\u00e1n\u00ed obt\u00ed\u017en\u00fdch d\u00fdchac\u00edch cest: Aktualizovan\u00e1 zpr\u00e1va pracovn\u00ed skupiny Americk\u00e9 spole\u010dnosti anesteziolog\u016f pro zvl\u00e1d\u00e1n\u00ed obt\u00ed\u017en\u00fdch d\u00fdchac\u00edch cest\u201c. Anesthesiology, 118(2), 251-270. <br>\n[7] N\u011bmeck\u00e1 spole\u010dnost pro anesteziologii a intenzivn\u00ed medic\u00ednu (DGAI). (2023). \u201ePokyny S1 pro zaji\u0161t\u011bn\u00ed d\u00fdchac\u00edch cest.\u201c Registra\u010dn\u00ed \u010d\u00edslo AWMF: 001-028. Dostupn\u00e9 na: https:\/\/register.awmf.org\/assets\/guidelines\/001-028l_S1_Atemwegsmanagement_2023-09.pdf (nav\u0161t\u00edveno dne 4. \u00fanora 2025).  <br>\n[8] Brown, C. A., Bair, A. E., Pallin, D. J., et al. (2010). \u201eTechniky, \u00fasp\u011b\u0161nost a ne\u017e\u00e1douc\u00ed p\u0159\u00edhody intubac\u00ed dosp\u011bl\u00fdch na pohotovosti\u201c. Annals of Emergency Medicine, 56(4), 260-270. <br>\n[9] Martin, L. D., Mhyre, J. M., Shanks, A. M., et al. (2011). \u201e3 423 urgentn\u00edch trache\u00e1ln\u00edch intubac\u00ed v univerzitn\u00ed nemocnici: v\u00fdsledky a komplikace v d\u00fdchac\u00edch cest\u00e1ch.\u201c Anaesthesiology, 114(1), 42-48. <br>\n[10] Piepho, T., Werner, C., Noppens, R. (2015). \u201eHodnocen\u00ed videolaryngoskopu C-MAC pro nazotrache\u00e1ln\u00ed intubaci\u201c. Anaesthesia, 70(2), 134-138.  <br>\n[11] Frerk, C., Mitchell, V. S., McNarry, A. F., et al. (2015). \u201eDifficult Airway Society 2015 Guidelines for Management of Unanticipated Difficult Intubation in Adults\u201c (Pokyny Spole\u010dnosti pro obt\u00ed\u017enou intubaci 2015). British Journal of Anaesthesia, 115(6), 827-848. <\/div>\n\t\t\t\t<\/div>\n\t\t\t\t<\/div>\n\t\t\t\t\t<\/div>\n\t\t\t\t<\/div>\n\t\t\t\t<\/div>\n\t\t","protected":false},"excerpt":{"rendered":"<p>Videolaryngoskopy: Struktura, \u00fa\u010del a d\u016fkazy Videolaryngoskop BF-DP Je pom\u016fckou pro endotrache\u00e1ln\u00ed intubaci. Je vybavena rukojet\u00ed MAC a MIL a je vhodn\u00e1 pro &#8230; K v\u00fdrobku V posledn\u00edch letech se videolaryngoskopy staly nepostradateln\u00fdmi n\u00e1stroji v anestezii a urgentn\u00ed medic\u00edn\u011b. Umo\u017e\u0148uj\u00ed lep\u0161\u00ed vizualizaci hrtanov\u00fdch struktur, co\u017e zvy\u0161uje \u00fasp\u011b\u0161nost endotrache\u00e1ln\u00ed intubace, zejm\u00e9na v obt\u00ed\u017en\u00fdch d\u00fdchac\u00edch cest\u00e1ch [1]. Nastaven\u00ed [&hellip;]<\/p>\n","protected":false},"author":1,"featured_media":0,"parent":1512,"menu_order":0,"comment_status":"closed","ping_status":"closed","template":"","meta":{"footnotes":""},"class_list":["post-1529","page","type-page","status-publish","hentry"],"yoast_head":"<!-- This site is optimized with the Yoast SEO plugin v26.6 - https:\/\/yoast.com\/wordpress\/plugins\/seo\/ -->\n<title>Videolaryngoskopy: konstrukce, \u00fa\u010del a d\u016fkazy<\/title>\n<meta name=\"description\" content=\"Co jsou videolaryngoskopy? K \u010demu jsou u\u017eite\u010dn\u00e9 a k \u010demu jsou dobr\u00e9? Vysv\u011btl\u00edme v\u00e1m to a p\u0159ibl\u00ed\u017e\u00edme v\u00e1m to!\" \/>\n<meta name=\"robots\" content=\"index, follow, max-snippet:-1, max-image-preview:large, max-video-preview:-1\" \/>\n<link rel=\"canonical\" href=\"https:\/\/www.visionheart.eu\/cs\/insights\/videolaryngoskopy-konstrukce-ucel-a-dukazy\/\" \/>\n<meta property=\"og:locale\" content=\"cs_CZ\" \/>\n<meta property=\"og:type\" content=\"article\" \/>\n<meta property=\"og:title\" content=\"Videolaryngoskopy: konstrukce, \u00fa\u010del a d\u016fkazy\" \/>\n<meta property=\"og:description\" content=\"Co jsou videolaryngoskopy? K \u010demu jsou u\u017eite\u010dn\u00e9 a k \u010demu jsou dobr\u00e9? Vysv\u011btl\u00edme v\u00e1m to a p\u0159ibl\u00ed\u017e\u00edme v\u00e1m to!\" \/>\n<meta property=\"og:url\" content=\"https:\/\/www.visionheart.eu\/cs\/insights\/videolaryngoskopy-konstrukce-ucel-a-dukazy\/\" \/>\n<meta property=\"og:site_name\" content=\"VisionHEART GmbH\" \/>\n<meta property=\"article:modified_time\" content=\"2025-06-06T18:08:31+00:00\" \/>\n<meta property=\"og:image\" content=\"https:\/\/www.visionheart.eu\/wp-content\/uploads\/2025\/05\/BD-DP-Freigestellt-farbe-korrigiert.png\" \/>\n<script type=\"application\/ld+json\" class=\"yoast-schema-graph\">{\"@context\":\"https:\/\/schema.org\",\"@graph\":[{\"@type\":\"WebPage\",\"@id\":\"https:\/\/www.visionheart.eu\/cs\/insights\/videolaryngoskopy-konstrukce-ucel-a-dukazy\/\",\"url\":\"https:\/\/www.visionheart.eu\/cs\/insights\/videolaryngoskopy-konstrukce-ucel-a-dukazy\/\",\"name\":\"Videolaryngoskopy: konstrukce, \u00fa\u010del a d\u016fkazy\",\"isPartOf\":{\"@id\":\"https:\/\/www.visionheart.eu\/cs\/#website\"},\"primaryImageOfPage\":{\"@id\":\"https:\/\/www.visionheart.eu\/cs\/insights\/videolaryngoskopy-konstrukce-ucel-a-dukazy\/#primaryimage\"},\"image\":{\"@id\":\"https:\/\/www.visionheart.eu\/cs\/insights\/videolaryngoskopy-konstrukce-ucel-a-dukazy\/#primaryimage\"},\"thumbnailUrl\":\"https:\/\/www.visionheart.eu\/wp-content\/uploads\/2025\/05\/BD-DP-Freigestellt-farbe-korrigiert.png\",\"datePublished\":\"2025-05-22T11:57:30+00:00\",\"dateModified\":\"2025-06-06T18:08:31+00:00\",\"description\":\"Co jsou videolaryngoskopy? K \u010demu jsou u\u017eite\u010dn\u00e9 a k \u010demu jsou dobr\u00e9? Vysv\u011btl\u00edme v\u00e1m to a p\u0159ibl\u00ed\u017e\u00edme v\u00e1m to!\",\"breadcrumb\":{\"@id\":\"https:\/\/www.visionheart.eu\/cs\/insights\/videolaryngoskopy-konstrukce-ucel-a-dukazy\/#breadcrumb\"},\"inLanguage\":\"cs\",\"potentialAction\":[{\"@type\":\"ReadAction\",\"target\":[\"https:\/\/www.visionheart.eu\/cs\/insights\/videolaryngoskopy-konstrukce-ucel-a-dukazy\/\"]}]},{\"@type\":\"ImageObject\",\"inLanguage\":\"cs\",\"@id\":\"https:\/\/www.visionheart.eu\/cs\/insights\/videolaryngoskopy-konstrukce-ucel-a-dukazy\/#primaryimage\",\"url\":\"https:\/\/www.visionheart.eu\/wp-content\/uploads\/2025\/05\/BD-DP-Freigestellt-farbe-korrigiert.png\",\"contentUrl\":\"https:\/\/www.visionheart.eu\/wp-content\/uploads\/2025\/05\/BD-DP-Freigestellt-farbe-korrigiert.png\"},{\"@type\":\"BreadcrumbList\",\"@id\":\"https:\/\/www.visionheart.eu\/cs\/insights\/videolaryngoskopy-konstrukce-ucel-a-dukazy\/#breadcrumb\",\"itemListElement\":[{\"@type\":\"ListItem\",\"position\":1,\"name\":\"Startseite\",\"item\":\"https:\/\/www.visionheart.eu\/cs\/\"},{\"@type\":\"ListItem\",\"position\":2,\"name\":\"Insights\",\"item\":\"https:\/\/www.visionheart.eu\/cs\/insights\/\"},{\"@type\":\"ListItem\",\"position\":3,\"name\":\"Videolaryngoskopy: konstrukce, \u00fa\u010del a d\u016fkazy\"}]},{\"@type\":\"WebSite\",\"@id\":\"https:\/\/www.visionheart.eu\/cs\/#website\",\"url\":\"https:\/\/www.visionheart.eu\/cs\/\",\"name\":\"VisionHEART GmbH\",\"description\":\"Ihr Ansprechpartner f\u00fcr Videolaryngoskope in Europa.\",\"publisher\":{\"@id\":\"https:\/\/www.visionheart.eu\/cs\/#organization\"},\"potentialAction\":[{\"@type\":\"SearchAction\",\"target\":{\"@type\":\"EntryPoint\",\"urlTemplate\":\"https:\/\/www.visionheart.eu\/cs\/?s={search_term_string}\"},\"query-input\":{\"@type\":\"PropertyValueSpecification\",\"valueRequired\":true,\"valueName\":\"search_term_string\"}}],\"inLanguage\":\"cs\"},{\"@type\":\"Organization\",\"@id\":\"https:\/\/www.visionheart.eu\/cs\/#organization\",\"name\":\"VisionHEART GmbH\",\"alternateName\":\"VisionHEART GmbH\",\"url\":\"https:\/\/www.visionheart.eu\/cs\/\",\"logo\":{\"@type\":\"ImageObject\",\"inLanguage\":\"cs\",\"@id\":\"https:\/\/www.visionheart.eu\/cs\/#\/schema\/logo\/image\/\",\"url\":\"https:\/\/www.visionheart.eu\/wp-content\/uploads\/2025\/05\/cropped-VisionHEART_Logo_Color_EV_435x135.png\",\"contentUrl\":\"https:\/\/www.visionheart.eu\/wp-content\/uploads\/2025\/05\/cropped-VisionHEART_Logo_Color_EV_435x135.png\",\"width\":450,\"height\":128,\"caption\":\"VisionHEART GmbH\"},\"image\":{\"@id\":\"https:\/\/www.visionheart.eu\/cs\/#\/schema\/logo\/image\/\"}}]}<\/script>\n<!-- \/ Yoast SEO plugin. -->","yoast_head_json":{"title":"Videolaryngoskopy: konstrukce, \u00fa\u010del a d\u016fkazy","description":"Co jsou videolaryngoskopy? K \u010demu jsou u\u017eite\u010dn\u00e9 a k \u010demu jsou dobr\u00e9? Vysv\u011btl\u00edme v\u00e1m to a p\u0159ibl\u00ed\u017e\u00edme v\u00e1m to!","robots":{"index":"index","follow":"follow","max-snippet":"max-snippet:-1","max-image-preview":"max-image-preview:large","max-video-preview":"max-video-preview:-1"},"canonical":"https:\/\/www.visionheart.eu\/cs\/insights\/videolaryngoskopy-konstrukce-ucel-a-dukazy\/","og_locale":"cs_CZ","og_type":"article","og_title":"Videolaryngoskopy: konstrukce, \u00fa\u010del a d\u016fkazy","og_description":"Co jsou videolaryngoskopy? K \u010demu jsou u\u017eite\u010dn\u00e9 a k \u010demu jsou dobr\u00e9? Vysv\u011btl\u00edme v\u00e1m to a p\u0159ibl\u00ed\u017e\u00edme v\u00e1m to!","og_url":"https:\/\/www.visionheart.eu\/cs\/insights\/videolaryngoskopy-konstrukce-ucel-a-dukazy\/","og_site_name":"VisionHEART GmbH","article_modified_time":"2025-06-06T18:08:31+00:00","og_image":[{"url":"https:\/\/www.visionheart.eu\/wp-content\/uploads\/2025\/05\/BD-DP-Freigestellt-farbe-korrigiert.png","type":"","width":"","height":""}],"schema":{"@context":"https:\/\/schema.org","@graph":[{"@type":"WebPage","@id":"https:\/\/www.visionheart.eu\/cs\/insights\/videolaryngoskopy-konstrukce-ucel-a-dukazy\/","url":"https:\/\/www.visionheart.eu\/cs\/insights\/videolaryngoskopy-konstrukce-ucel-a-dukazy\/","name":"Videolaryngoskopy: konstrukce, \u00fa\u010del a d\u016fkazy","isPartOf":{"@id":"https:\/\/www.visionheart.eu\/cs\/#website"},"primaryImageOfPage":{"@id":"https:\/\/www.visionheart.eu\/cs\/insights\/videolaryngoskopy-konstrukce-ucel-a-dukazy\/#primaryimage"},"image":{"@id":"https:\/\/www.visionheart.eu\/cs\/insights\/videolaryngoskopy-konstrukce-ucel-a-dukazy\/#primaryimage"},"thumbnailUrl":"https:\/\/www.visionheart.eu\/wp-content\/uploads\/2025\/05\/BD-DP-Freigestellt-farbe-korrigiert.png","datePublished":"2025-05-22T11:57:30+00:00","dateModified":"2025-06-06T18:08:31+00:00","description":"Co jsou videolaryngoskopy? K \u010demu jsou u\u017eite\u010dn\u00e9 a k \u010demu jsou dobr\u00e9? Vysv\u011btl\u00edme v\u00e1m to a p\u0159ibl\u00ed\u017e\u00edme v\u00e1m to!","breadcrumb":{"@id":"https:\/\/www.visionheart.eu\/cs\/insights\/videolaryngoskopy-konstrukce-ucel-a-dukazy\/#breadcrumb"},"inLanguage":"cs","potentialAction":[{"@type":"ReadAction","target":["https:\/\/www.visionheart.eu\/cs\/insights\/videolaryngoskopy-konstrukce-ucel-a-dukazy\/"]}]},{"@type":"ImageObject","inLanguage":"cs","@id":"https:\/\/www.visionheart.eu\/cs\/insights\/videolaryngoskopy-konstrukce-ucel-a-dukazy\/#primaryimage","url":"https:\/\/www.visionheart.eu\/wp-content\/uploads\/2025\/05\/BD-DP-Freigestellt-farbe-korrigiert.png","contentUrl":"https:\/\/www.visionheart.eu\/wp-content\/uploads\/2025\/05\/BD-DP-Freigestellt-farbe-korrigiert.png"},{"@type":"BreadcrumbList","@id":"https:\/\/www.visionheart.eu\/cs\/insights\/videolaryngoskopy-konstrukce-ucel-a-dukazy\/#breadcrumb","itemListElement":[{"@type":"ListItem","position":1,"name":"Startseite","item":"https:\/\/www.visionheart.eu\/cs\/"},{"@type":"ListItem","position":2,"name":"Insights","item":"https:\/\/www.visionheart.eu\/cs\/insights\/"},{"@type":"ListItem","position":3,"name":"Videolaryngoskopy: konstrukce, \u00fa\u010del a d\u016fkazy"}]},{"@type":"WebSite","@id":"https:\/\/www.visionheart.eu\/cs\/#website","url":"https:\/\/www.visionheart.eu\/cs\/","name":"VisionHEART GmbH","description":"Ihr Ansprechpartner f\u00fcr Videolaryngoskope in Europa.","publisher":{"@id":"https:\/\/www.visionheart.eu\/cs\/#organization"},"potentialAction":[{"@type":"SearchAction","target":{"@type":"EntryPoint","urlTemplate":"https:\/\/www.visionheart.eu\/cs\/?s={search_term_string}"},"query-input":{"@type":"PropertyValueSpecification","valueRequired":true,"valueName":"search_term_string"}}],"inLanguage":"cs"},{"@type":"Organization","@id":"https:\/\/www.visionheart.eu\/cs\/#organization","name":"VisionHEART GmbH","alternateName":"VisionHEART GmbH","url":"https:\/\/www.visionheart.eu\/cs\/","logo":{"@type":"ImageObject","inLanguage":"cs","@id":"https:\/\/www.visionheart.eu\/cs\/#\/schema\/logo\/image\/","url":"https:\/\/www.visionheart.eu\/wp-content\/uploads\/2025\/05\/cropped-VisionHEART_Logo_Color_EV_435x135.png","contentUrl":"https:\/\/www.visionheart.eu\/wp-content\/uploads\/2025\/05\/cropped-VisionHEART_Logo_Color_EV_435x135.png","width":450,"height":128,"caption":"VisionHEART GmbH"},"image":{"@id":"https:\/\/www.visionheart.eu\/cs\/#\/schema\/logo\/image\/"}}]}},"_links":{"self":[{"href":"https:\/\/www.visionheart.eu\/cs\/wp-json\/wp\/v2\/pages\/1529","targetHints":{"allow":["GET"]}}],"collection":[{"href":"https:\/\/www.visionheart.eu\/cs\/wp-json\/wp\/v2\/pages"}],"about":[{"href":"https:\/\/www.visionheart.eu\/cs\/wp-json\/wp\/v2\/types\/page"}],"author":[{"embeddable":true,"href":"https:\/\/www.visionheart.eu\/cs\/wp-json\/wp\/v2\/users\/1"}],"replies":[{"embeddable":true,"href":"https:\/\/www.visionheart.eu\/cs\/wp-json\/wp\/v2\/comments?post=1529"}],"version-history":[{"count":1,"href":"https:\/\/www.visionheart.eu\/cs\/wp-json\/wp\/v2\/pages\/1529\/revisions"}],"predecessor-version":[{"id":1531,"href":"https:\/\/www.visionheart.eu\/cs\/wp-json\/wp\/v2\/pages\/1529\/revisions\/1531"}],"up":[{"embeddable":true,"href":"https:\/\/www.visionheart.eu\/cs\/wp-json\/wp\/v2\/pages\/1512"}],"wp:attachment":[{"href":"https:\/\/www.visionheart.eu\/cs\/wp-json\/wp\/v2\/media?parent=1529"}],"curies":[{"name":"wp","href":"https:\/\/api.w.org\/{rel}","templated":true}]}}