{"id":1347,"date":"2025-05-22T13:57:30","date_gmt":"2025-05-22T11:57:30","guid":{"rendered":"https:\/\/www.visionheart.eu\/videolaringoscopios-diseno-finalidad-y-evidencia\/"},"modified":"2025-06-04T12:14:16","modified_gmt":"2025-06-04T10:14:16","slug":"videolaringoscopios-diseno-finalidad-y-evidencia","status":"publish","type":"page","link":"https:\/\/www.visionheart.eu\/es\/perspectivas\/videolaringoscopios-diseno-finalidad-y-evidencia\/","title":{"rendered":"Videolaringoscopios: dise\u00f1o, finalidad y evidencia"},"content":{"rendered":"\t\t<div data-elementor-type=\"wp-page\" data-elementor-id=\"1347\" class=\"elementor elementor-1347 elementor-598\" data-elementor-post-type=\"page\">\n\t\t\t\t<div class=\"elementor-element elementor-element-74800837 e-flex e-con-boxed e-con e-parent\" data-id=\"74800837\" data-element_type=\"container\" data-settings=\"{&quot;background_background&quot;:&quot;classic&quot;}\">\n\t\t\t\t\t<div class=\"e-con-inner\">\n\t\t\t\t<div class=\"elementor-element elementor-element-8a2b289 elementor-headline--style-highlight elementor-widget elementor-widget-animated-headline\" data-id=\"8a2b289\" data-element_type=\"widget\" data-settings=\"{&quot;marker&quot;:&quot;underline&quot;,&quot;highlighted_text&quot;:&quot;Estructura, finalidad y pruebas&quot;,&quot;headline_style&quot;:&quot;highlight&quot;,&quot;loop&quot;:&quot;yes&quot;,&quot;highlight_animation_duration&quot;:1200,&quot;highlight_iteration_delay&quot;:8000}\" data-widget_type=\"animated-headline.default\">\n\t\t\t\t<div class=\"elementor-widget-container\">\n\t\t\t\t\t\t\t<h1 class=\"elementor-headline\">\n\t\t\t\t\t<span class=\"elementor-headline-plain-text elementor-headline-text-wrapper\">Videolaringoscopios:  <\/span>\n\t\t\t\t<span class=\"elementor-headline-dynamic-wrapper elementor-headline-text-wrapper\">\n\t\t\t\t\t<span class=\"elementor-headline-dynamic-text elementor-headline-text-active\">Estructura, finalidad y pruebas<\/span>\n\t\t\t\t<\/span>\n\t\t\t\t<\/h1>\n\t\t\t\t\t\t<\/div>\n\t\t\t\t<\/div>\n\t\t\t\t\t<\/div>\n\t\t\t\t<\/div>\n\t\t<div class=\"elementor-element elementor-element-b055d69 e-flex e-con-boxed e-con e-parent\" data-id=\"b055d69\" data-element_type=\"container\">\n\t\t\t\t\t<div class=\"e-con-inner\">\n\t\t<div class=\"elementor-element elementor-element-528bbda e-con-full e-flex e-con e-child\" data-id=\"528bbda\" data-element_type=\"container\">\n\t\t<div class=\"elementor-element elementor-element-b3e88dc e-con-full e-flex elementor-invisible e-con e-child\" data-id=\"b3e88dc\" data-element_type=\"container\" data-settings=\"{&quot;animation&quot;:&quot;fadeInLeft&quot;}\">\n\t\t\t\t<div class=\"elementor-element elementor-element-7053b36 elementor-widget elementor-widget-cta\" data-id=\"7053b36\" data-element_type=\"widget\" data-settings=\"{&quot;layout_preset&quot;:&quot;storytelling&quot;,&quot;content_alignment&quot;:&quot;center&quot;,&quot;content_alignment_tablet&quot;:&quot;center&quot;,&quot;content_alignment_mobile&quot;:&quot;center&quot;,&quot;image_shape&quot;:&quot;sharp&quot;,&quot;primary_button_shape&quot;:&quot;default&quot;,&quot;cta_width&quot;:&quot;default&quot;,&quot;cta_position&quot;:&quot;default&quot;,&quot;box_shape&quot;:&quot;sharp&quot;}\" data-widget_type=\"cta.default\">\n\t\t\t\t<div class=\"elementor-widget-container\">\n\t\t\t\t\t\t\t<div class=\"has-shape-sharp shape-type-box ehp-cta has-preset-storytelling\">\n\t\t\t<div class=\"ehp-cta__overlay\"><\/div>\n\t\t\t<div class=\"ehp-cta__elements-container\">\n\t\t\t\t\t\t\t<div class=\"ehp-image ehp-cta__image-container\">\n\t\t\t\t<img decoding=\"async\" class=\"ehp-image__img ehp-cta__img has-shape-sharp shape-type-image\" src=\"https:\/\/www.visionheart.eu\/wp-content\/uploads\/2025\/05\/BD-DP-Freigestellt-farbe-korrigiert.png\" title=\"Videolaryngoskop BF-DP\" alt=\"Videolaryngoskop BF-DP MAC\" loading=\"lazy\" \/>\t\t\t<\/div>\n\t\t\t\t\t<div class=\"ehp-cta__text-container\">\n\t\t\t<h2 class=\"ehp-cta__heading\">Videolaringoscopio BF-DP<\/h2><p class=\"ehp-cta__description\">Es una ayuda para la intubaci\u00f3n endotraqueal. Equipado con MAC y mango MIL, es adecuado para ... <\/p>\t\t<\/div>\n\t\t\t\t\t<div class=\"ehp-cta__ctas-container has-cta-width-default\">\n\t\t\t\t<div class=\"ehp-cta__buttons-wrapper\">\n\t\t\t\t\t\t\t<a class=\"has-shape-default shape-type-button ehp-button ehp-button--primary ehp-cta__button ehp-cta__button--primary is-type-button\" href=\"https:\/\/www.visionheart.eu\/es\/productos\/videolaringoscopio-bf-dp\/\">\n\t\t\t\t\t<span class=\"ehp-button__text ehp-cta__button-text ehp-cta__button-text--primary\">\n\t\t\tAl producto\t\t\t\t<\/a>\n\t\t\t\t\t\t\t\t\t\t\t<\/div>\n\t\t\t<\/div>\n\t\t\t\t\t<\/div>\n\t\t<\/div>\n\t\t\t\t\t\t<\/div>\n\t\t\t\t<\/div>\n\t\t\t\t<\/div>\n\t\t\t\t<\/div>\n\t\t<div class=\"elementor-element elementor-element-b9b5ccb e-con-full e-flex e-con e-child\" data-id=\"b9b5ccb\" data-element_type=\"container\">\n\t\t\t\t<div class=\"elementor-element elementor-element-6deec21 elementor-widget elementor-widget-text-editor\" data-id=\"6deec21\" data-element_type=\"widget\" data-widget_type=\"text-editor.default\">\n\t\t\t\t<div class=\"elementor-widget-container\">\n\t\t\t\t\t\t\t\t\t<p>En los \u00faltimos a\u00f1os, los videolaringoscopios se han consolidado como instrumentos indispensables en anestesia y medicina de urgencias. Permiten una mejor visualizaci\u00f3n de las estructuras lar\u00edngeas, lo que aumenta la tasa de \u00e9xito de la intubaci\u00f3n endotraqueal, sobre todo en condiciones de v\u00eda a\u00e9rea dif\u00edcil [1]. <\/p><h2><b>Configuraci\u00f3n de los videolaringoscopios<\/b><\/h2><p>Un videolaringoscopio consta de varios componentes esenciales:<\/p><ul><li>Esp\u00e1tula: Se introduce en la boca para apartar la lengua y permitir ver la glotis. Existen distintos tipos de esp\u00e1tulas para diferentes aplicaciones: <ul><li>Esp\u00e1tula tipo Macintosh (permite la visi\u00f3n directa e indirecta)<\/li><li>Esp\u00e1tula hiperangulada (adecuada para condiciones dif\u00edciles de las v\u00edas respiratorias) [2].<\/li><li>Esp\u00e1tula Miller (adecuada para su uso con neonatos; ver tambi\u00e9n aqu\u00ed: <a href=\"https:\/\/www.visionheart.eu\/produkte\/einweg-laryngoskopspatel\/\">Visi\u00f3n general de las esp\u00e1tulas<\/a>)<\/li><\/ul><\/li><li>C\u00e1mara: Una c\u00e1mara en miniatura acoplada a la punta de la esp\u00e1tula transmite la imagen en tiempo real a un monitor [3].<\/li><li>Fuente de luz: una fuente de luz LED garantiza una iluminaci\u00f3n \u00f3ptima de las v\u00edas respiratorias [4].<\/li><li>Monitor: La imagen grabada se muestra en un monitor externo o integrado, que permite colocar con precisi\u00f3n el tubo endotraqueal [5].<\/li><\/ul><h2><b>Finalidad de los videolaringoscopios<\/b><\/h2><p>La finalidad principal de los videolaringoscopios es la realizaci\u00f3n segura y eficaz de la intubaci\u00f3n endotraqueal. Los \u00e1mbitos de aplicaci\u00f3n m\u00e1s importantes son <\/p><ul><li>Intubaci\u00f3n habitual: los videolaringoscopios se utilizan cada vez m\u00e1s como procedimiento habitual, sobre todo en anestesia [6].<\/li><li>V\u00eda a\u00e9rea dif\u00edcil: La directriz S1 sobre el manejo de la v\u00eda a\u00e9rea recomienda el uso primario de videolaringoscopios en condiciones de intubaci\u00f3n dif\u00edcil [7].<\/li><li>Medicina de urgencias: Una mejor visibilidad de la v\u00eda a\u00e9rea puede aumentar la tasa de \u00e9xito de las intubaciones de urgencia [8].<\/li><li>Formaci\u00f3n m\u00e9dica: Gracias a la visualizaci\u00f3n en tiempo real en un monitor, los videolaringoscopios son ideales para la formaci\u00f3n de anestesistas y m\u00e9dicos de urgencias [9].<\/li><\/ul><h2><b>Pruebas cient\u00edficas y directrices actuales<\/b><\/h2><p>Seg\u00fan la actual directriz S1 \u201cManejo de la v\u00eda a\u00e9rea\u201d de la Sociedad Alemana de Anestesiolog\u00eda y Medicina Intensiva (DGAI) [7], en todos los centros de trabajo de anestesiolog\u00eda debe haber un videolaringoscopio. Las recomendaciones m\u00e1s importantes son <\/p><ul><li>Los videolaringoscopios con una cuchilla tipo Macintosh son adecuados como instrumento principal para la intubaci\u00f3n [7].<\/li><li>Si se prev\u00e9n v\u00edas a\u00e9reas dif\u00edciles, debe disponerse de palas hiperanguladas [10].<\/li><li>Tras una laringoscopia directa fallida, se recomienda el uso de un videolaringoscopio [7].<\/li><li>La videolaringoscopia es el m\u00e9todo preferido para asegurar la v\u00eda a\u00e9rea, sobre todo en pacientes con riesgo de aspiraci\u00f3n [11].<\/li><\/ul><p> <\/p><p>La introducci\u00f3n de los videolaringoscopios ha mejorado significativamente la pr\u00e1ctica cl\u00ednica del manejo de la v\u00eda a\u00e9rea. Sus ventajas, sobre todo en situaciones dif\u00edciles, est\u00e1n bien documentadas por estudios cient\u00edficos y directrices. Su uso rutinario se considera cada vez m\u00e1s est\u00e1ndar y es esencial una formaci\u00f3n adecuada para maximizar el potencial de esta tecnolog\u00eda.  <\/p>\t\t\t\t\t\t\t\t<\/div>\n\t\t\t\t<\/div>\n\t\t\t\t<\/div>\n\t\t\t\t\t<\/div>\n\t\t\t\t<\/div>\n\t\t<div class=\"elementor-element elementor-element-7db4ff7f e-flex e-con-boxed elementor-invisible e-con e-parent\" data-id=\"7db4ff7f\" data-element_type=\"container\" data-settings=\"{&quot;background_background&quot;:&quot;classic&quot;,&quot;animation&quot;:&quot;fadeInUp&quot;}\">\n\t\t\t\t\t<div class=\"e-con-inner\">\n\t\t\t\t<div class=\"elementor-element elementor-element-63a71f2 elementor-widget elementor-widget-html\" data-id=\"63a71f2\" data-element_type=\"widget\" data-widget_type=\"html.default\">\n\t\t\t\t<div class=\"elementor-widget-container\">\n\t\t\t\t\t<!--googleoff: all--> \n<div id=\"literaturverzeichnis\">Bibliograf\u00eda<br>\n[1] Aziz, M. F., Healy, D., Kheterpal, S., et al. (2011). \u201cEficacia del Glidescopio en la Pr\u00e1ctica Cl\u00ednica Rutinaria para el Manejo de V\u00edas A\u00e9reas Dif\u00edciles: Un An\u00e1lisis de 2.004 Intubaciones con Glidescopio, Complicaciones y Fallos de un Estudio Prospectivo, Multic\u00e9ntrico y Observacional\u201d. Anaesthesiology, 114(1), 34-41. <br>\n[2] Mosier, J. M., Sakles, J. C., Law, J. A., et al. (2020). \u201cIntubaci\u00f3n Traqueal en el Enfermo Cr\u00edtico: Situaci\u00f3n Actual y Orientaciones Futuras\u201d. The Lancet Medicina Respiratoria, 8(8), 754-766. <br>\n[Cook, T. M., Kelly, F. E. (2017). \u201cEncuesta nacional sobre videolaringoscopia en el Reino Unido\u201d. Anestesia, 72(8), 1017-1024.  <br>\n[4] Pieters, B. M., Maas, E., Knape, J. T. A., et al. (2017). \u201cVideolaringoscopia frente a laringoscopia directa para la intubaci\u00f3n traqueal en adultos con obesidad: revisi\u00f3n sistem\u00e1tica y metaan\u00e1lisis\u201d. Anestesia, 72(6), 691-701. <br>\n[5] Myatra, S. N., Jain, R., Gandhi, K., et al. (2013). \u201cComparaci\u00f3n del videolaringoscopio C-MAC con el laringoscopio Macintosh para el manejo rutinario de la v\u00eda a\u00e9rea: un estudio cl\u00ednico aleatorizado\u201d. Anestesia, 68(9), 899-907. <br>\n[6] Apfelbaum, J. L., Hagberg, C. A., Caplan, R. A., et al. (2013). \u201cDirectrices Pr\u00e1cticas para el Manejo de la V\u00eda A\u00e9rea Dif\u00edcil: Informe Actualizado del Grupo de Trabajo sobre el Manejo de la V\u00eda A\u00e9rea Dif\u00edcil de la Sociedad Americana de Anestesi\u00f3logos\u201d. Anestesiolog\u00eda, 118(2), 251-270. <br>\n[7] Sociedad Alemana de Anestesiolog\u00eda y Medicina Intensiva (DGAI). (2023). \u201cDirectriz S1 sobre el manejo de la v\u00eda a\u00e9rea\u201d. N\u00famero de registro AWMF: 001-028. Disponible en: https:\/\/register.awmf.org\/assets\/guidelines\/001-028l_S1_Atemwegsmanagement_2023-09.pdf (consultado el 04 de febrero de 2025).  <br>\n[8] Brown, C. A., Bair, A. E., Pallin, D. J., et al. (2010). \u201cT\u00e9cnicas, \u00e9xito y acontecimientos adversos de las intubaciones en adultos en el Servicio de Urgencias\u201d. Anales de Medicina de Urgencias, 56(4), 260-270. <br>\n[9] Martin, L. D., Mhyre, J. M., Shanks, A. M., et al. (2011). \u201c3.423 intubaciones traqueales de urgencia en un hospital universitario: resultados y complicaciones de la v\u00eda a\u00e9rea\u201d. Anestesiolog\u00eda, 114(1), 42-48. <br>\n[10] Piepho, T., Werner, C., Noppens, R. (2015). \u201cEvaluaci\u00f3n del videolaringoscopio C-MAC para la intubaci\u00f3n nasotraqueal\u201d. Anestesia, 70(2), 134-138.  <br>\n[11] Frerk, C., Mitchell, V. S., McNarry, A. F., et al. (2015). \u201cDirectrices de 2015 de la Difficult Airway Society para el manejo de la intubaci\u00f3n dif\u00edcil imprevista en adultos\u201d. Revista Brit\u00e1nica de Anestesia, 115(6), 827-848. <\/div>\n\t\t\t\t<\/div>\n\t\t\t\t<\/div>\n\t\t\t\t\t<\/div>\n\t\t\t\t<\/div>\n\t\t\t\t<\/div>\n\t\t","protected":false},"excerpt":{"rendered":"<p>Videolaringoscopios: Estructura, finalidad y pruebas Videolaringoscopio BF-DP Es una ayuda para la intubaci\u00f3n endotraqueal. Equipado con MAC y mango MIL, es adecuado para &#8230; Al producto En los \u00faltimos a\u00f1os, los videolaringoscopios se han consolidado como instrumentos indispensables en anestesia y medicina de urgencias. Permiten una mejor visualizaci\u00f3n de las estructuras lar\u00edngeas, lo que aumenta [&hellip;]<\/p>\n","protected":false},"author":1,"featured_media":0,"parent":1363,"menu_order":0,"comment_status":"closed","ping_status":"closed","template":"","meta":{"footnotes":""},"class_list":["post-1347","page","type-page","status-publish","hentry"],"yoast_head":"<!-- This site is optimized with the Yoast SEO plugin v26.6 - https:\/\/yoast.com\/wordpress\/plugins\/seo\/ -->\n<title>Videolaringoscopios: dise\u00f1o, finalidad y pruebas<\/title>\n<meta name=\"description\" content=\"\u00bfQu\u00e9 son los videolaringoscopios? \u00bfPara qu\u00e9 sirven y para qu\u00e9 sirven? \u00a1Te lo explicamos y te damos una idea!\" \/>\n<meta name=\"robots\" content=\"index, follow, max-snippet:-1, max-image-preview:large, max-video-preview:-1\" \/>\n<link rel=\"canonical\" href=\"https:\/\/www.visionheart.eu\/es\/perspectivas\/videolaringoscopios-diseno-finalidad-y-evidencia\/\" \/>\n<meta property=\"og:locale\" content=\"es_ES\" \/>\n<meta property=\"og:type\" content=\"article\" \/>\n<meta property=\"og:title\" content=\"Videolaringoscopios: dise\u00f1o, finalidad y pruebas\" \/>\n<meta property=\"og:description\" content=\"\u00bfQu\u00e9 son los videolaringoscopios? \u00bfPara qu\u00e9 sirven y para qu\u00e9 sirven? \u00a1Te lo explicamos y te damos una idea!\" \/>\n<meta property=\"og:url\" content=\"https:\/\/www.visionheart.eu\/es\/perspectivas\/videolaringoscopios-diseno-finalidad-y-evidencia\/\" \/>\n<meta property=\"og:site_name\" content=\"VisionHEART GmbH\" \/>\n<meta property=\"article:modified_time\" content=\"2025-06-04T10:14:16+00:00\" \/>\n<meta property=\"og:image\" content=\"https:\/\/www.visionheart.eu\/wp-content\/uploads\/2025\/05\/BD-DP-Freigestellt-farbe-korrigiert.png\" \/>\n<script type=\"application\/ld+json\" class=\"yoast-schema-graph\">{\"@context\":\"https:\/\/schema.org\",\"@graph\":[{\"@type\":\"WebPage\",\"@id\":\"https:\/\/www.visionheart.eu\/es\/perspectivas\/videolaringoscopios-diseno-finalidad-y-evidencia\/\",\"url\":\"https:\/\/www.visionheart.eu\/es\/perspectivas\/videolaringoscopios-diseno-finalidad-y-evidencia\/\",\"name\":\"Videolaringoscopios: dise\u00f1o, finalidad y pruebas\",\"isPartOf\":{\"@id\":\"https:\/\/www.visionheart.eu\/es\/#website\"},\"primaryImageOfPage\":{\"@id\":\"https:\/\/www.visionheart.eu\/es\/perspectivas\/videolaringoscopios-diseno-finalidad-y-evidencia\/#primaryimage\"},\"image\":{\"@id\":\"https:\/\/www.visionheart.eu\/es\/perspectivas\/videolaringoscopios-diseno-finalidad-y-evidencia\/#primaryimage\"},\"thumbnailUrl\":\"https:\/\/www.visionheart.eu\/wp-content\/uploads\/2025\/05\/BD-DP-Freigestellt-farbe-korrigiert.png\",\"datePublished\":\"2025-05-22T11:57:30+00:00\",\"dateModified\":\"2025-06-04T10:14:16+00:00\",\"description\":\"\u00bfQu\u00e9 son los videolaringoscopios? \u00bfPara qu\u00e9 sirven y para qu\u00e9 sirven? \u00a1Te lo explicamos y te damos una idea!\",\"breadcrumb\":{\"@id\":\"https:\/\/www.visionheart.eu\/es\/perspectivas\/videolaringoscopios-diseno-finalidad-y-evidencia\/#breadcrumb\"},\"inLanguage\":\"es\",\"potentialAction\":[{\"@type\":\"ReadAction\",\"target\":[\"https:\/\/www.visionheart.eu\/es\/perspectivas\/videolaringoscopios-diseno-finalidad-y-evidencia\/\"]}]},{\"@type\":\"ImageObject\",\"inLanguage\":\"es\",\"@id\":\"https:\/\/www.visionheart.eu\/es\/perspectivas\/videolaringoscopios-diseno-finalidad-y-evidencia\/#primaryimage\",\"url\":\"https:\/\/www.visionheart.eu\/wp-content\/uploads\/2025\/05\/BD-DP-Freigestellt-farbe-korrigiert.png\",\"contentUrl\":\"https:\/\/www.visionheart.eu\/wp-content\/uploads\/2025\/05\/BD-DP-Freigestellt-farbe-korrigiert.png\"},{\"@type\":\"BreadcrumbList\",\"@id\":\"https:\/\/www.visionheart.eu\/es\/perspectivas\/videolaringoscopios-diseno-finalidad-y-evidencia\/#breadcrumb\",\"itemListElement\":[{\"@type\":\"ListItem\",\"position\":1,\"name\":\"Startseite\",\"item\":\"https:\/\/www.visionheart.eu\/es\/\"},{\"@type\":\"ListItem\",\"position\":2,\"name\":\"Perspectivas\",\"item\":\"https:\/\/www.visionheart.eu\/es\/perspectivas\/\"},{\"@type\":\"ListItem\",\"position\":3,\"name\":\"Videolaringoscopios: dise\u00f1o, finalidad y evidencia\"}]},{\"@type\":\"WebSite\",\"@id\":\"https:\/\/www.visionheart.eu\/es\/#website\",\"url\":\"https:\/\/www.visionheart.eu\/es\/\",\"name\":\"VisionHEART GmbH\",\"description\":\"Ihr Ansprechpartner f\u00fcr Videolaryngoskope in Europa.\",\"publisher\":{\"@id\":\"https:\/\/www.visionheart.eu\/es\/#organization\"},\"potentialAction\":[{\"@type\":\"SearchAction\",\"target\":{\"@type\":\"EntryPoint\",\"urlTemplate\":\"https:\/\/www.visionheart.eu\/es\/?s={search_term_string}\"},\"query-input\":{\"@type\":\"PropertyValueSpecification\",\"valueRequired\":true,\"valueName\":\"search_term_string\"}}],\"inLanguage\":\"es\"},{\"@type\":\"Organization\",\"@id\":\"https:\/\/www.visionheart.eu\/es\/#organization\",\"name\":\"VisionHEART GmbH\",\"alternateName\":\"VisionHEART GmbH\",\"url\":\"https:\/\/www.visionheart.eu\/es\/\",\"logo\":{\"@type\":\"ImageObject\",\"inLanguage\":\"es\",\"@id\":\"https:\/\/www.visionheart.eu\/es\/#\/schema\/logo\/image\/\",\"url\":\"https:\/\/www.visionheart.eu\/wp-content\/uploads\/2025\/05\/cropped-VisionHEART_Logo_Color_EV_435x135.png\",\"contentUrl\":\"https:\/\/www.visionheart.eu\/wp-content\/uploads\/2025\/05\/cropped-VisionHEART_Logo_Color_EV_435x135.png\",\"width\":450,\"height\":128,\"caption\":\"VisionHEART GmbH\"},\"image\":{\"@id\":\"https:\/\/www.visionheart.eu\/es\/#\/schema\/logo\/image\/\"}}]}<\/script>\n<!-- \/ Yoast SEO plugin. -->","yoast_head_json":{"title":"Videolaringoscopios: dise\u00f1o, finalidad y pruebas","description":"\u00bfQu\u00e9 son los videolaringoscopios? \u00bfPara qu\u00e9 sirven y para qu\u00e9 sirven? \u00a1Te lo explicamos y te damos una idea!","robots":{"index":"index","follow":"follow","max-snippet":"max-snippet:-1","max-image-preview":"max-image-preview:large","max-video-preview":"max-video-preview:-1"},"canonical":"https:\/\/www.visionheart.eu\/es\/perspectivas\/videolaringoscopios-diseno-finalidad-y-evidencia\/","og_locale":"es_ES","og_type":"article","og_title":"Videolaringoscopios: dise\u00f1o, finalidad y pruebas","og_description":"\u00bfQu\u00e9 son los videolaringoscopios? \u00bfPara qu\u00e9 sirven y para qu\u00e9 sirven? \u00a1Te lo explicamos y te damos una idea!","og_url":"https:\/\/www.visionheart.eu\/es\/perspectivas\/videolaringoscopios-diseno-finalidad-y-evidencia\/","og_site_name":"VisionHEART GmbH","article_modified_time":"2025-06-04T10:14:16+00:00","og_image":[{"url":"https:\/\/www.visionheart.eu\/wp-content\/uploads\/2025\/05\/BD-DP-Freigestellt-farbe-korrigiert.png","type":"","width":"","height":""}],"schema":{"@context":"https:\/\/schema.org","@graph":[{"@type":"WebPage","@id":"https:\/\/www.visionheart.eu\/es\/perspectivas\/videolaringoscopios-diseno-finalidad-y-evidencia\/","url":"https:\/\/www.visionheart.eu\/es\/perspectivas\/videolaringoscopios-diseno-finalidad-y-evidencia\/","name":"Videolaringoscopios: dise\u00f1o, finalidad y pruebas","isPartOf":{"@id":"https:\/\/www.visionheart.eu\/es\/#website"},"primaryImageOfPage":{"@id":"https:\/\/www.visionheart.eu\/es\/perspectivas\/videolaringoscopios-diseno-finalidad-y-evidencia\/#primaryimage"},"image":{"@id":"https:\/\/www.visionheart.eu\/es\/perspectivas\/videolaringoscopios-diseno-finalidad-y-evidencia\/#primaryimage"},"thumbnailUrl":"https:\/\/www.visionheart.eu\/wp-content\/uploads\/2025\/05\/BD-DP-Freigestellt-farbe-korrigiert.png","datePublished":"2025-05-22T11:57:30+00:00","dateModified":"2025-06-04T10:14:16+00:00","description":"\u00bfQu\u00e9 son los videolaringoscopios? \u00bfPara qu\u00e9 sirven y para qu\u00e9 sirven? \u00a1Te lo explicamos y te damos una idea!","breadcrumb":{"@id":"https:\/\/www.visionheart.eu\/es\/perspectivas\/videolaringoscopios-diseno-finalidad-y-evidencia\/#breadcrumb"},"inLanguage":"es","potentialAction":[{"@type":"ReadAction","target":["https:\/\/www.visionheart.eu\/es\/perspectivas\/videolaringoscopios-diseno-finalidad-y-evidencia\/"]}]},{"@type":"ImageObject","inLanguage":"es","@id":"https:\/\/www.visionheart.eu\/es\/perspectivas\/videolaringoscopios-diseno-finalidad-y-evidencia\/#primaryimage","url":"https:\/\/www.visionheart.eu\/wp-content\/uploads\/2025\/05\/BD-DP-Freigestellt-farbe-korrigiert.png","contentUrl":"https:\/\/www.visionheart.eu\/wp-content\/uploads\/2025\/05\/BD-DP-Freigestellt-farbe-korrigiert.png"},{"@type":"BreadcrumbList","@id":"https:\/\/www.visionheart.eu\/es\/perspectivas\/videolaringoscopios-diseno-finalidad-y-evidencia\/#breadcrumb","itemListElement":[{"@type":"ListItem","position":1,"name":"Startseite","item":"https:\/\/www.visionheart.eu\/es\/"},{"@type":"ListItem","position":2,"name":"Perspectivas","item":"https:\/\/www.visionheart.eu\/es\/perspectivas\/"},{"@type":"ListItem","position":3,"name":"Videolaringoscopios: dise\u00f1o, finalidad y evidencia"}]},{"@type":"WebSite","@id":"https:\/\/www.visionheart.eu\/es\/#website","url":"https:\/\/www.visionheart.eu\/es\/","name":"VisionHEART GmbH","description":"Ihr Ansprechpartner f\u00fcr Videolaryngoskope in Europa.","publisher":{"@id":"https:\/\/www.visionheart.eu\/es\/#organization"},"potentialAction":[{"@type":"SearchAction","target":{"@type":"EntryPoint","urlTemplate":"https:\/\/www.visionheart.eu\/es\/?s={search_term_string}"},"query-input":{"@type":"PropertyValueSpecification","valueRequired":true,"valueName":"search_term_string"}}],"inLanguage":"es"},{"@type":"Organization","@id":"https:\/\/www.visionheart.eu\/es\/#organization","name":"VisionHEART GmbH","alternateName":"VisionHEART GmbH","url":"https:\/\/www.visionheart.eu\/es\/","logo":{"@type":"ImageObject","inLanguage":"es","@id":"https:\/\/www.visionheart.eu\/es\/#\/schema\/logo\/image\/","url":"https:\/\/www.visionheart.eu\/wp-content\/uploads\/2025\/05\/cropped-VisionHEART_Logo_Color_EV_435x135.png","contentUrl":"https:\/\/www.visionheart.eu\/wp-content\/uploads\/2025\/05\/cropped-VisionHEART_Logo_Color_EV_435x135.png","width":450,"height":128,"caption":"VisionHEART GmbH"},"image":{"@id":"https:\/\/www.visionheart.eu\/es\/#\/schema\/logo\/image\/"}}]}},"_links":{"self":[{"href":"https:\/\/www.visionheart.eu\/es\/wp-json\/wp\/v2\/pages\/1347","targetHints":{"allow":["GET"]}}],"collection":[{"href":"https:\/\/www.visionheart.eu\/es\/wp-json\/wp\/v2\/pages"}],"about":[{"href":"https:\/\/www.visionheart.eu\/es\/wp-json\/wp\/v2\/types\/page"}],"author":[{"embeddable":true,"href":"https:\/\/www.visionheart.eu\/es\/wp-json\/wp\/v2\/users\/1"}],"replies":[{"embeddable":true,"href":"https:\/\/www.visionheart.eu\/es\/wp-json\/wp\/v2\/comments?post=1347"}],"version-history":[{"count":2,"href":"https:\/\/www.visionheart.eu\/es\/wp-json\/wp\/v2\/pages\/1347\/revisions"}],"predecessor-version":[{"id":1435,"href":"https:\/\/www.visionheart.eu\/es\/wp-json\/wp\/v2\/pages\/1347\/revisions\/1435"}],"up":[{"embeddable":true,"href":"https:\/\/www.visionheart.eu\/es\/wp-json\/wp\/v2\/pages\/1363"}],"wp:attachment":[{"href":"https:\/\/www.visionheart.eu\/es\/wp-json\/wp\/v2\/media?parent=1347"}],"curies":[{"name":"wp","href":"https:\/\/api.w.org\/{rel}","templated":true}]}}