{"id":1363,"date":"2025-05-21T13:28:08","date_gmt":"2025-05-21T11:28:08","guid":{"rendered":"https:\/\/www.visionheart.eu\/perspectivas\/"},"modified":"2025-06-04T12:45:13","modified_gmt":"2025-06-04T10:45:13","slug":"perspectivas","status":"publish","type":"page","link":"https:\/\/www.visionheart.eu\/es\/perspectivas\/","title":{"rendered":"Perspectivas"},"content":{"rendered":"\t\t<div data-elementor-type=\"wp-page\" data-elementor-id=\"1363\" class=\"elementor elementor-1363 elementor-73\" data-elementor-post-type=\"page\">\n\t\t\t\t<div class=\"elementor-element elementor-element-21adc925 e-flex e-con-boxed e-con e-parent\" data-id=\"21adc925\" data-element_type=\"container\" data-settings=\"{&quot;background_background&quot;:&quot;classic&quot;}\">\n\t\t\t\t\t<div class=\"e-con-inner\">\n\t\t\t\t<div class=\"elementor-element elementor-element-23cf673 elementor-headline--style-highlight elementor-widget elementor-widget-animated-headline\" data-id=\"23cf673\" data-element_type=\"widget\" data-settings=\"{&quot;highlighted_text&quot;:&quot;&amp; Lo que debes saber&quot;,&quot;marker&quot;:&quot;underline&quot;,&quot;headline_style&quot;:&quot;highlight&quot;,&quot;loop&quot;:&quot;yes&quot;,&quot;highlight_animation_duration&quot;:1200,&quot;highlight_iteration_delay&quot;:8000}\" data-widget_type=\"animated-headline.default\">\n\t\t\t\t<div class=\"elementor-widget-container\">\n\t\t\t\t\t\t\t<h1 class=\"elementor-headline\">\n\t\t\t\t\t<span class=\"elementor-headline-plain-text elementor-headline-text-wrapper\">Perspectivas<\/span>\n\t\t\t\t<span class=\"elementor-headline-dynamic-wrapper elementor-headline-text-wrapper\">\n\t\t\t\t\t<span class=\"elementor-headline-dynamic-text elementor-headline-text-active\">&amp; Lo que debes saber<\/span>\n\t\t\t\t<\/span>\n\t\t\t\t<\/h1>\n\t\t\t\t\t\t<\/div>\n\t\t\t\t<\/div>\n\t\t\t\t\t<\/div>\n\t\t\t\t<\/div>\n\t\t<div class=\"elementor-element elementor-element-2d74195 e-flex e-con-boxed elementor-invisible e-con e-parent\" data-id=\"2d74195\" data-element_type=\"container\" data-settings=\"{&quot;background_background&quot;:&quot;classic&quot;,&quot;animation&quot;:&quot;fadeInUp&quot;}\">\n\t\t\t\t\t<div class=\"e-con-inner\">\n\t\t<div class=\"elementor-element elementor-element-123c119 e-con-full e-flex e-con e-child\" data-id=\"123c119\" data-element_type=\"container\">\n\t\t\t\t<div class=\"elementor-element elementor-element-1576345 elementor-widget elementor-widget-image\" data-id=\"1576345\" data-element_type=\"widget\" data-widget_type=\"image.default\">\n\t\t\t\t<div class=\"elementor-widget-container\">\n\t\t\t\t\t\t\t\t\t\t\t\t\t\t\t<img fetchpriority=\"high\" decoding=\"async\" width=\"800\" height=\"400\" src=\"https:\/\/www.visionheart.eu\/wp-content\/uploads\/2025\/05\/Banner-Videolaryngoskop-BF-DP_kleiner-1-1024x512.jpg\" class=\"attachment-large size-large wp-image-1335\" alt=\"\" srcset=\"https:\/\/www.visionheart.eu\/wp-content\/uploads\/2025\/05\/Banner-Videolaryngoskop-BF-DP_kleiner-1-1024x512.jpg 1024w, https:\/\/www.visionheart.eu\/wp-content\/uploads\/2025\/05\/Banner-Videolaryngoskop-BF-DP_kleiner-1-300x150.jpg 300w, https:\/\/www.visionheart.eu\/wp-content\/uploads\/2025\/05\/Banner-Videolaryngoskop-BF-DP_kleiner-1-768x384.jpg 768w, https:\/\/www.visionheart.eu\/wp-content\/uploads\/2025\/05\/Banner-Videolaryngoskop-BF-DP_kleiner-1.jpg 1100w\" sizes=\"(max-width: 800px) 100vw, 800px\" \/>\t\t\t\t\t\t\t\t\t\t\t\t\t\t\t<\/div>\n\t\t\t\t<\/div>\n\t\t\t\t<\/div>\n\t\t<div class=\"elementor-element elementor-element-5e90c0b e-con-full e-flex e-con e-child\" data-id=\"5e90c0b\" data-element_type=\"container\">\n\t\t\t\t<div class=\"elementor-element elementor-element-528e8c3 elementor-headline--style-highlight elementor-widget elementor-widget-animated-headline\" data-id=\"528e8c3\" data-element_type=\"widget\" data-settings=\"{&quot;marker&quot;:&quot;underline&quot;,&quot;highlighted_text&quot;:&quot;\\u00bfMerece la pena saberlo?&quot;,&quot;headline_style&quot;:&quot;highlight&quot;,&quot;loop&quot;:&quot;yes&quot;,&quot;highlight_animation_duration&quot;:1200,&quot;highlight_iteration_delay&quot;:8000}\" data-widget_type=\"animated-headline.default\">\n\t\t\t\t<div class=\"elementor-widget-container\">\n\t\t\t\t\t\t\t<h2 class=\"elementor-headline\">\n\t\t\t\t\t<span class=\"elementor-headline-plain-text elementor-headline-text-wrapper\">A\u00fan m\u00e1s  <\/span>\n\t\t\t\t<span class=\"elementor-headline-dynamic-wrapper elementor-headline-text-wrapper\">\n\t\t\t\t\t<span class=\"elementor-headline-dynamic-text elementor-headline-text-active\">\u00bfMerece la pena saberlo?<\/span>\n\t\t\t\t<\/span>\n\t\t\t\t<\/h2>\n\t\t\t\t\t\t<\/div>\n\t\t\t\t<\/div>\n\t\t\t\t<div class=\"elementor-element elementor-element-2864464 elementor-widget elementor-widget-heading\" data-id=\"2864464\" data-element_type=\"widget\" data-widget_type=\"heading.default\">\n\t\t\t\t<div class=\"elementor-widget-container\">\n\t\t\t\t\t<h2 class=\"elementor-heading-title elementor-size-default\">Videolaringoscopios: dise\u00f1o, uso previsto y evidencia cl\u00ednica<\/h2>\t\t\t\t<\/div>\n\t\t\t\t<\/div>\n\t\t\t\t<div class=\"elementor-element elementor-element-c5e1af7 elementor-widget elementor-widget-text-editor\" data-id=\"c5e1af7\" data-element_type=\"widget\" data-widget_type=\"text-editor.default\">\n\t\t\t\t<div class=\"elementor-widget-container\">\n\t\t\t\t\t\t\t\t\t<p>En nuestro art\u00edculo, nos gustar\u00eda informarte sobre c\u00f3mo est\u00e1n dise\u00f1ados los productos y qu\u00e9 ventajas tienen los videolaringoscopios frente a los laringoscopios convencionales. En esta secci\u00f3n tambi\u00e9n examinaremos m\u00e1s detenidamente el dise\u00f1o.   <\/p>\t\t\t\t\t\t\t\t<\/div>\n\t\t\t\t<\/div>\n\t\t\t\t<div class=\"elementor-element elementor-element-06c9cfd elementor-align-center elementor-widget elementor-widget-button\" data-id=\"06c9cfd\" data-element_type=\"widget\" data-widget_type=\"button.default\">\n\t\t\t\t<div class=\"elementor-widget-container\">\n\t\t\t\t\t\t\t\t\t<div class=\"elementor-button-wrapper\">\n\t\t\t\t\t<a class=\"elementor-button elementor-button-link elementor-size-sm\" href=\"https:\/\/www.visionheart.eu\/es\/perspectivas\/videolaringoscopios-diseno-finalidad-y-evidencia\/\">\n\t\t\t\t\t\t<span class=\"elementor-button-content-wrapper\">\n\t\t\t\t\t\t\t\t\t<span class=\"elementor-button-text\">Al art\u00edculo<\/span>\n\t\t\t\t\t<\/span>\n\t\t\t\t\t<\/a>\n\t\t\t\t<\/div>\n\t\t\t\t\t\t\t\t<\/div>\n\t\t\t\t<\/div>\n\t\t\t\t<\/div>\n\t\t\t\t\t<\/div>\n\t\t\t\t<\/div>\n\t\t<div class=\"elementor-element elementor-element-f02dad8 e-flex e-con-boxed elementor-invisible e-con e-parent\" data-id=\"f02dad8\" data-element_type=\"container\" data-settings=\"{&quot;background_background&quot;:&quot;classic&quot;,&quot;animation&quot;:&quot;fadeInUp&quot;}\">\n\t\t\t\t\t<div class=\"e-con-inner\">\n\t\t<div class=\"elementor-element elementor-element-fe47ce7 e-con-full e-flex e-con e-child\" data-id=\"fe47ce7\" data-element_type=\"container\">\n\t\t<div class=\"elementor-element elementor-element-94bc993 e-con-full e-flex e-con e-child\" data-id=\"94bc993\" data-element_type=\"container\">\n\t\t\t\t<div class=\"elementor-element elementor-element-3471b4b elementor-headline--style-highlight elementor-widget elementor-widget-animated-headline\" data-id=\"3471b4b\" data-element_type=\"widget\" data-settings=\"{&quot;marker&quot;:&quot;underline&quot;,&quot;highlighted_text&quot;:&quot;Intubaci\\u00f3n&quot;,&quot;headline_style&quot;:&quot;highlight&quot;,&quot;loop&quot;:&quot;yes&quot;,&quot;highlight_animation_duration&quot;:1200,&quot;highlight_iteration_delay&quot;:8000}\" data-widget_type=\"animated-headline.default\">\n\t\t\t\t<div class=\"elementor-widget-container\">\n\t\t\t\t\t\t\t<h2 class=\"elementor-headline\">\n\t\t\t\t\t<span class=\"elementor-headline-plain-text elementor-headline-text-wrapper\">Los distintos m\u00e9todos de<\/span>\n\t\t\t\t<span class=\"elementor-headline-dynamic-wrapper elementor-headline-text-wrapper\">\n\t\t\t\t\t<span class=\"elementor-headline-dynamic-text elementor-headline-text-active\">Intubaci\u00f3n<\/span>\n\t\t\t\t<\/span>\n\t\t\t\t<\/h2>\n\t\t\t\t\t\t<\/div>\n\t\t\t\t<\/div>\n\t\t\t\t<div class=\"elementor-element elementor-element-cbb698d elementor-widget elementor-widget-heading\" data-id=\"cbb698d\" data-element_type=\"widget\" data-widget_type=\"heading.default\">\n\t\t\t\t<div class=\"elementor-widget-container\">\n\t\t\t\t\t<h2 class=\"elementor-heading-title elementor-size-default\">La intubaci\u00f3n asegura las v\u00edas respiratorias y se utiliza en anestesia, cuidados intensivos y medicina de urgencias.<\/h2>\t\t\t\t<\/div>\n\t\t\t\t<\/div>\n\t\t\t\t<div class=\"elementor-element elementor-element-34b9dd9 elementor-widget elementor-widget-text-editor\" data-id=\"34b9dd9\" data-element_type=\"widget\" data-widget_type=\"text-editor.default\">\n\t\t\t\t<div class=\"elementor-widget-container\">\n\t\t\t\t\t\t\t\t\t<p>La intubaci\u00f3n es un procedimiento clave para asegurar la v\u00eda a\u00e9rea en anestesia, cuidados intensivos y medicina de urgencias. Adem\u00e1s de la laringoscopia directa cl\u00e1sica, cada vez se utilizan m\u00e1s m\u00e9todos modernos, como la videolaringoscopia o los procedimientos con fibra \u00f3ptica, adaptados al estado y la situaci\u00f3n del paciente. Te ofrecemos una visi\u00f3n de los distintos m\u00e9todos.  <\/p>\t\t\t\t\t\t\t\t<\/div>\n\t\t\t\t<\/div>\n\t\t\t\t<div class=\"elementor-element elementor-element-98df98c elementor-align-center elementor-widget elementor-widget-button\" data-id=\"98df98c\" data-element_type=\"widget\" data-widget_type=\"button.default\">\n\t\t\t\t<div class=\"elementor-widget-container\">\n\t\t\t\t\t\t\t\t\t<div class=\"elementor-button-wrapper\">\n\t\t\t\t\t<a class=\"elementor-button elementor-button-link elementor-size-sm\" href=\"https:\/\/www.visionheart.eu\/es\/perspectivas\/los-diferentes-metodos-de-intubacion\/\">\n\t\t\t\t\t\t<span class=\"elementor-button-content-wrapper\">\n\t\t\t\t\t\t\t\t\t<span class=\"elementor-button-text\">Saber m\u00e1s<\/span>\n\t\t\t\t\t<\/span>\n\t\t\t\t\t<\/a>\n\t\t\t\t<\/div>\n\t\t\t\t\t\t\t\t<\/div>\n\t\t\t\t<\/div>\n\t\t\t\t<\/div>\n\t\t\t\t<\/div>\n\t\t<div class=\"elementor-element elementor-element-1e4fdf6 e-con-full e-flex e-con e-child\" data-id=\"1e4fdf6\" data-element_type=\"container\">\n\t\t\t\t<div class=\"elementor-element elementor-element-981b283 elementor-widget elementor-widget-image\" data-id=\"981b283\" data-element_type=\"widget\" data-widget_type=\"image.default\">\n\t\t\t\t<div class=\"elementor-widget-container\">\n\t\t\t\t\t\t\t\t\t\t\t\t\t\t\t<img decoding=\"async\" width=\"800\" height=\"450\" src=\"https:\/\/www.visionheart.eu\/wp-content\/uploads\/2025\/05\/Intubation-HERO.jpg\" class=\"attachment-large size-large wp-image-1336\" alt=\"\" srcset=\"https:\/\/www.visionheart.eu\/wp-content\/uploads\/2025\/05\/Intubation-HERO.jpg 889w, https:\/\/www.visionheart.eu\/wp-content\/uploads\/2025\/05\/Intubation-HERO-300x169.jpg 300w, https:\/\/www.visionheart.eu\/wp-content\/uploads\/2025\/05\/Intubation-HERO-768x432.jpg 768w\" sizes=\"(max-width: 800px) 100vw, 800px\" \/>\t\t\t\t\t\t\t\t\t\t\t\t\t\t\t<\/div>\n\t\t\t\t<\/div>\n\t\t\t\t<\/div>\n\t\t\t\t\t<\/div>\n\t\t\t\t<\/div>\n\t\t<div class=\"elementor-element elementor-element-7bf55c4a e-flex e-con-boxed e-con e-parent\" data-id=\"7bf55c4a\" data-element_type=\"container\">\n\t\t\t\t\t<div class=\"e-con-inner\">\n\t\t\t\t\t<\/div>\n\t\t\t\t<\/div>\n\t\t\t\t<\/div>\n\t\t","protected":false},"excerpt":{"rendered":"<p>Perspectivas &amp; Lo que debes saber A\u00fan m\u00e1s \u00bfMerece la pena saberlo? Videolaringoscopios: dise\u00f1o, uso previsto y evidencia cl\u00ednica En nuestro art\u00edculo, nos gustar\u00eda informarte sobre c\u00f3mo est\u00e1n dise\u00f1ados los productos y qu\u00e9 ventajas tienen los videolaringoscopios frente a los laringoscopios convencionales. En esta secci\u00f3n tambi\u00e9n examinaremos m\u00e1s detenidamente el dise\u00f1o. Al art\u00edculo Los distintos [&hellip;]<\/p>\n","protected":false},"author":1,"featured_media":0,"parent":0,"menu_order":0,"comment_status":"closed","ping_status":"closed","template":"","meta":{"footnotes":""},"class_list":["post-1363","page","type-page","status-publish","hentry"],"yoast_head":"<!-- This site is optimized with the Yoast SEO plugin v26.6 - https:\/\/yoast.com\/wordpress\/plugins\/seo\/ -->\n<title>Perspectivas y pr\u00f3ximos eventos<\/title>\n<meta name=\"description\" content=\"Descubre datos interesantes de los campos de la medicina de urgencias y la anestesia. Tambi\u00e9n encontrar\u00e1s eventos actuales y participaciones en ferias.\" \/>\n<meta name=\"robots\" content=\"index, follow, max-snippet:-1, max-image-preview:large, max-video-preview:-1\" \/>\n<link rel=\"canonical\" href=\"https:\/\/www.visionheart.eu\/es\/perspectivas\/\" \/>\n<meta property=\"og:locale\" content=\"es_ES\" \/>\n<meta property=\"og:type\" content=\"article\" \/>\n<meta property=\"og:title\" content=\"Perspectivas y pr\u00f3ximos eventos\" \/>\n<meta property=\"og:description\" content=\"Descubre datos interesantes de los campos de la medicina de urgencias y la anestesia. Tambi\u00e9n encontrar\u00e1s eventos actuales y participaciones en ferias.\" \/>\n<meta property=\"og:url\" content=\"https:\/\/www.visionheart.eu\/es\/perspectivas\/\" \/>\n<meta property=\"og:site_name\" content=\"VisionHEART GmbH\" \/>\n<meta property=\"article:modified_time\" content=\"2025-06-04T10:45:13+00:00\" \/>\n<meta property=\"og:image\" content=\"https:\/\/www.visionheart.eu\/wp-content\/uploads\/2025\/05\/Banner-Videolaryngoskop-BF-DP_kleiner-1.jpg\" \/>\n\t<meta property=\"og:image:width\" content=\"1100\" \/>\n\t<meta property=\"og:image:height\" content=\"550\" \/>\n\t<meta property=\"og:image:type\" content=\"image\/jpeg\" \/>\n<script type=\"application\/ld+json\" class=\"yoast-schema-graph\">{\"@context\":\"https:\/\/schema.org\",\"@graph\":[{\"@type\":\"WebPage\",\"@id\":\"https:\/\/www.visionheart.eu\/es\/perspectivas\/\",\"url\":\"https:\/\/www.visionheart.eu\/es\/perspectivas\/\",\"name\":\"Perspectivas y pr\u00f3ximos eventos\",\"isPartOf\":{\"@id\":\"https:\/\/www.visionheart.eu\/es\/#website\"},\"primaryImageOfPage\":{\"@id\":\"https:\/\/www.visionheart.eu\/es\/perspectivas\/#primaryimage\"},\"image\":{\"@id\":\"https:\/\/www.visionheart.eu\/es\/perspectivas\/#primaryimage\"},\"thumbnailUrl\":\"https:\/\/www.visionheart.eu\/wp-content\/uploads\/2025\/05\/Banner-Videolaryngoskop-BF-DP_kleiner-1-1024x512.jpg\",\"datePublished\":\"2025-05-21T11:28:08+00:00\",\"dateModified\":\"2025-06-04T10:45:13+00:00\",\"description\":\"Descubre datos interesantes de los campos de la medicina de urgencias y la anestesia. Tambi\u00e9n encontrar\u00e1s eventos actuales y participaciones en ferias.\",\"breadcrumb\":{\"@id\":\"https:\/\/www.visionheart.eu\/es\/perspectivas\/#breadcrumb\"},\"inLanguage\":\"es\",\"potentialAction\":[{\"@type\":\"ReadAction\",\"target\":[\"https:\/\/www.visionheart.eu\/es\/perspectivas\/\"]}]},{\"@type\":\"ImageObject\",\"inLanguage\":\"es\",\"@id\":\"https:\/\/www.visionheart.eu\/es\/perspectivas\/#primaryimage\",\"url\":\"https:\/\/www.visionheart.eu\/wp-content\/uploads\/2025\/05\/Banner-Videolaryngoskop-BF-DP_kleiner-1-1024x512.jpg\",\"contentUrl\":\"https:\/\/www.visionheart.eu\/wp-content\/uploads\/2025\/05\/Banner-Videolaryngoskop-BF-DP_kleiner-1-1024x512.jpg\"},{\"@type\":\"BreadcrumbList\",\"@id\":\"https:\/\/www.visionheart.eu\/es\/perspectivas\/#breadcrumb\",\"itemListElement\":[{\"@type\":\"ListItem\",\"position\":1,\"name\":\"Startseite\",\"item\":\"https:\/\/www.visionheart.eu\/es\/\"},{\"@type\":\"ListItem\",\"position\":2,\"name\":\"Perspectivas\"}]},{\"@type\":\"WebSite\",\"@id\":\"https:\/\/www.visionheart.eu\/es\/#website\",\"url\":\"https:\/\/www.visionheart.eu\/es\/\",\"name\":\"VisionHEART GmbH\",\"description\":\"Ihr Ansprechpartner f\u00fcr Videolaryngoskope in Europa.\",\"publisher\":{\"@id\":\"https:\/\/www.visionheart.eu\/es\/#organization\"},\"potentialAction\":[{\"@type\":\"SearchAction\",\"target\":{\"@type\":\"EntryPoint\",\"urlTemplate\":\"https:\/\/www.visionheart.eu\/es\/?s={search_term_string}\"},\"query-input\":{\"@type\":\"PropertyValueSpecification\",\"valueRequired\":true,\"valueName\":\"search_term_string\"}}],\"inLanguage\":\"es\"},{\"@type\":\"Organization\",\"@id\":\"https:\/\/www.visionheart.eu\/es\/#organization\",\"name\":\"VisionHEART GmbH\",\"alternateName\":\"VisionHEART GmbH\",\"url\":\"https:\/\/www.visionheart.eu\/es\/\",\"logo\":{\"@type\":\"ImageObject\",\"inLanguage\":\"es\",\"@id\":\"https:\/\/www.visionheart.eu\/es\/#\/schema\/logo\/image\/\",\"url\":\"https:\/\/www.visionheart.eu\/wp-content\/uploads\/2025\/05\/cropped-VisionHEART_Logo_Color_EV_435x135.png\",\"contentUrl\":\"https:\/\/www.visionheart.eu\/wp-content\/uploads\/2025\/05\/cropped-VisionHEART_Logo_Color_EV_435x135.png\",\"width\":450,\"height\":128,\"caption\":\"VisionHEART GmbH\"},\"image\":{\"@id\":\"https:\/\/www.visionheart.eu\/es\/#\/schema\/logo\/image\/\"}}]}<\/script>\n<!-- \/ Yoast SEO plugin. -->","yoast_head_json":{"title":"Perspectivas y pr\u00f3ximos eventos","description":"Descubre datos interesantes de los campos de la medicina de urgencias y la anestesia. Tambi\u00e9n encontrar\u00e1s eventos actuales y participaciones en ferias.","robots":{"index":"index","follow":"follow","max-snippet":"max-snippet:-1","max-image-preview":"max-image-preview:large","max-video-preview":"max-video-preview:-1"},"canonical":"https:\/\/www.visionheart.eu\/es\/perspectivas\/","og_locale":"es_ES","og_type":"article","og_title":"Perspectivas y pr\u00f3ximos eventos","og_description":"Descubre datos interesantes de los campos de la medicina de urgencias y la anestesia. Tambi\u00e9n encontrar\u00e1s eventos actuales y participaciones en ferias.","og_url":"https:\/\/www.visionheart.eu\/es\/perspectivas\/","og_site_name":"VisionHEART GmbH","article_modified_time":"2025-06-04T10:45:13+00:00","og_image":[{"width":1100,"height":550,"url":"https:\/\/www.visionheart.eu\/wp-content\/uploads\/2025\/05\/Banner-Videolaryngoskop-BF-DP_kleiner-1.jpg","type":"image\/jpeg"}],"schema":{"@context":"https:\/\/schema.org","@graph":[{"@type":"WebPage","@id":"https:\/\/www.visionheart.eu\/es\/perspectivas\/","url":"https:\/\/www.visionheart.eu\/es\/perspectivas\/","name":"Perspectivas y pr\u00f3ximos eventos","isPartOf":{"@id":"https:\/\/www.visionheart.eu\/es\/#website"},"primaryImageOfPage":{"@id":"https:\/\/www.visionheart.eu\/es\/perspectivas\/#primaryimage"},"image":{"@id":"https:\/\/www.visionheart.eu\/es\/perspectivas\/#primaryimage"},"thumbnailUrl":"https:\/\/www.visionheart.eu\/wp-content\/uploads\/2025\/05\/Banner-Videolaryngoskop-BF-DP_kleiner-1-1024x512.jpg","datePublished":"2025-05-21T11:28:08+00:00","dateModified":"2025-06-04T10:45:13+00:00","description":"Descubre datos interesantes de los campos de la medicina de urgencias y la anestesia. Tambi\u00e9n encontrar\u00e1s eventos actuales y participaciones en ferias.","breadcrumb":{"@id":"https:\/\/www.visionheart.eu\/es\/perspectivas\/#breadcrumb"},"inLanguage":"es","potentialAction":[{"@type":"ReadAction","target":["https:\/\/www.visionheart.eu\/es\/perspectivas\/"]}]},{"@type":"ImageObject","inLanguage":"es","@id":"https:\/\/www.visionheart.eu\/es\/perspectivas\/#primaryimage","url":"https:\/\/www.visionheart.eu\/wp-content\/uploads\/2025\/05\/Banner-Videolaryngoskop-BF-DP_kleiner-1-1024x512.jpg","contentUrl":"https:\/\/www.visionheart.eu\/wp-content\/uploads\/2025\/05\/Banner-Videolaryngoskop-BF-DP_kleiner-1-1024x512.jpg"},{"@type":"BreadcrumbList","@id":"https:\/\/www.visionheart.eu\/es\/perspectivas\/#breadcrumb","itemListElement":[{"@type":"ListItem","position":1,"name":"Startseite","item":"https:\/\/www.visionheart.eu\/es\/"},{"@type":"ListItem","position":2,"name":"Perspectivas"}]},{"@type":"WebSite","@id":"https:\/\/www.visionheart.eu\/es\/#website","url":"https:\/\/www.visionheart.eu\/es\/","name":"VisionHEART GmbH","description":"Ihr Ansprechpartner f\u00fcr Videolaryngoskope in Europa.","publisher":{"@id":"https:\/\/www.visionheart.eu\/es\/#organization"},"potentialAction":[{"@type":"SearchAction","target":{"@type":"EntryPoint","urlTemplate":"https:\/\/www.visionheart.eu\/es\/?s={search_term_string}"},"query-input":{"@type":"PropertyValueSpecification","valueRequired":true,"valueName":"search_term_string"}}],"inLanguage":"es"},{"@type":"Organization","@id":"https:\/\/www.visionheart.eu\/es\/#organization","name":"VisionHEART GmbH","alternateName":"VisionHEART GmbH","url":"https:\/\/www.visionheart.eu\/es\/","logo":{"@type":"ImageObject","inLanguage":"es","@id":"https:\/\/www.visionheart.eu\/es\/#\/schema\/logo\/image\/","url":"https:\/\/www.visionheart.eu\/wp-content\/uploads\/2025\/05\/cropped-VisionHEART_Logo_Color_EV_435x135.png","contentUrl":"https:\/\/www.visionheart.eu\/wp-content\/uploads\/2025\/05\/cropped-VisionHEART_Logo_Color_EV_435x135.png","width":450,"height":128,"caption":"VisionHEART GmbH"},"image":{"@id":"https:\/\/www.visionheart.eu\/es\/#\/schema\/logo\/image\/"}}]}},"_links":{"self":[{"href":"https:\/\/www.visionheart.eu\/es\/wp-json\/wp\/v2\/pages\/1363","targetHints":{"allow":["GET"]}}],"collection":[{"href":"https:\/\/www.visionheart.eu\/es\/wp-json\/wp\/v2\/pages"}],"about":[{"href":"https:\/\/www.visionheart.eu\/es\/wp-json\/wp\/v2\/types\/page"}],"author":[{"embeddable":true,"href":"https:\/\/www.visionheart.eu\/es\/wp-json\/wp\/v2\/users\/1"}],"replies":[{"embeddable":true,"href":"https:\/\/www.visionheart.eu\/es\/wp-json\/wp\/v2\/comments?post=1363"}],"version-history":[{"count":4,"href":"https:\/\/www.visionheart.eu\/es\/wp-json\/wp\/v2\/pages\/1363\/revisions"}],"predecessor-version":[{"id":1453,"href":"https:\/\/www.visionheart.eu\/es\/wp-json\/wp\/v2\/pages\/1363\/revisions\/1453"}],"wp:attachment":[{"href":"https:\/\/www.visionheart.eu\/es\/wp-json\/wp\/v2\/media?parent=1363"}],"curies":[{"name":"wp","href":"https:\/\/api.w.org\/{rel}","templated":true}]}}