{"id":667,"date":"2025-05-21T13:28:08","date_gmt":"2025-05-21T11:28:08","guid":{"rendered":"https:\/\/www.visionheart.eu\/insights\/"},"modified":"2025-06-04T12:44:53","modified_gmt":"2025-06-04T10:44:53","slug":"insights","status":"publish","type":"page","link":"https:\/\/www.visionheart.eu\/fr\/insights\/","title":{"rendered":"Insights"},"content":{"rendered":"\t\t<div data-elementor-type=\"wp-page\" data-elementor-id=\"667\" class=\"elementor elementor-667 elementor-73\" data-elementor-post-type=\"page\">\n\t\t\t\t<div class=\"elementor-element elementor-element-21adc925 e-flex e-con-boxed e-con e-parent\" data-id=\"21adc925\" data-element_type=\"container\" data-settings=\"{&quot;background_background&quot;:&quot;classic&quot;}\">\n\t\t\t\t\t<div class=\"e-con-inner\">\n\t\t\t\t<div class=\"elementor-element elementor-element-23cf673 elementor-headline--style-highlight elementor-widget elementor-widget-animated-headline\" data-id=\"23cf673\" data-element_type=\"widget\" data-settings=\"{&quot;highlighted_text&quot;:&quot;&amp; Ce qu&#039;il faut savoir&quot;,&quot;marker&quot;:&quot;underline&quot;,&quot;headline_style&quot;:&quot;highlight&quot;,&quot;loop&quot;:&quot;yes&quot;,&quot;highlight_animation_duration&quot;:1200,&quot;highlight_iteration_delay&quot;:8000}\" data-widget_type=\"animated-headline.default\">\n\t\t\t\t<div class=\"elementor-widget-container\">\n\t\t\t\t\t\t\t<h1 class=\"elementor-headline\">\n\t\t\t\t\t<span class=\"elementor-headline-plain-text elementor-headline-text-wrapper\">Insights<\/span>\n\t\t\t\t<span class=\"elementor-headline-dynamic-wrapper elementor-headline-text-wrapper\">\n\t\t\t\t\t<span class=\"elementor-headline-dynamic-text elementor-headline-text-active\">&amp; Ce qu'il faut savoir<\/span>\n\t\t\t\t<\/span>\n\t\t\t\t<\/h1>\n\t\t\t\t\t\t<\/div>\n\t\t\t\t<\/div>\n\t\t\t\t\t<\/div>\n\t\t\t\t<\/div>\n\t\t<div class=\"elementor-element elementor-element-2d74195 e-flex e-con-boxed elementor-invisible e-con e-parent\" data-id=\"2d74195\" data-element_type=\"container\" data-settings=\"{&quot;background_background&quot;:&quot;classic&quot;,&quot;animation&quot;:&quot;fadeInUp&quot;}\">\n\t\t\t\t\t<div class=\"e-con-inner\">\n\t\t<div class=\"elementor-element elementor-element-123c119 e-con-full e-flex e-con e-child\" data-id=\"123c119\" data-element_type=\"container\">\n\t\t\t\t<div class=\"elementor-element elementor-element-1576345 elementor-widget elementor-widget-image\" data-id=\"1576345\" data-element_type=\"widget\" data-widget_type=\"image.default\">\n\t\t\t\t<div class=\"elementor-widget-container\">\n\t\t\t\t\t\t\t\t\t\t\t\t\t\t\t<img fetchpriority=\"high\" decoding=\"async\" width=\"800\" height=\"400\" src=\"https:\/\/www.visionheart.eu\/wp-content\/uploads\/2025\/05\/Banner-Videolaryngoskop-BF-DP_kleiner-1-1024x512.jpg\" class=\"attachment-large size-large wp-image-353\" alt=\"Banner Videolaryngoskop BF-DP\" srcset=\"https:\/\/www.visionheart.eu\/wp-content\/uploads\/2025\/05\/Banner-Videolaryngoskop-BF-DP_kleiner-1-1024x512.jpg 1024w, https:\/\/www.visionheart.eu\/wp-content\/uploads\/2025\/05\/Banner-Videolaryngoskop-BF-DP_kleiner-1-300x150.jpg 300w, https:\/\/www.visionheart.eu\/wp-content\/uploads\/2025\/05\/Banner-Videolaryngoskop-BF-DP_kleiner-1-768x384.jpg 768w, https:\/\/www.visionheart.eu\/wp-content\/uploads\/2025\/05\/Banner-Videolaryngoskop-BF-DP_kleiner-1.jpg 1100w\" sizes=\"(max-width: 800px) 100vw, 800px\" \/>\t\t\t\t\t\t\t\t\t\t\t\t\t\t\t<\/div>\n\t\t\t\t<\/div>\n\t\t\t\t<\/div>\n\t\t<div class=\"elementor-element elementor-element-5e90c0b e-con-full e-flex e-con e-child\" data-id=\"5e90c0b\" data-element_type=\"container\">\n\t\t\t\t<div class=\"elementor-element elementor-element-528e8c3 elementor-headline--style-highlight elementor-widget elementor-widget-animated-headline\" data-id=\"528e8c3\" data-element_type=\"widget\" data-settings=\"{&quot;marker&quot;:&quot;underline&quot;,&quot;highlighted_text&quot;:&quot;Ce qu&#039;il faut savoir ?&quot;,&quot;headline_style&quot;:&quot;highlight&quot;,&quot;loop&quot;:&quot;yes&quot;,&quot;highlight_animation_duration&quot;:1200,&quot;highlight_iteration_delay&quot;:8000}\" data-widget_type=\"animated-headline.default\">\n\t\t\t\t<div class=\"elementor-widget-container\">\n\t\t\t\t\t\t\t<h2 class=\"elementor-headline\">\n\t\t\t\t\t<span class=\"elementor-headline-plain-text elementor-headline-text-wrapper\">Encore plus  <\/span>\n\t\t\t\t<span class=\"elementor-headline-dynamic-wrapper elementor-headline-text-wrapper\">\n\t\t\t\t\t<span class=\"elementor-headline-dynamic-text elementor-headline-text-active\">Ce qu'il faut savoir ?<\/span>\n\t\t\t\t<\/span>\n\t\t\t\t<\/h2>\n\t\t\t\t\t\t<\/div>\n\t\t\t\t<\/div>\n\t\t\t\t<div class=\"elementor-element elementor-element-2864464 elementor-widget elementor-widget-heading\" data-id=\"2864464\" data-element_type=\"widget\" data-widget_type=\"heading.default\">\n\t\t\t\t<div class=\"elementor-widget-container\">\n\t\t\t\t\t<h2 class=\"elementor-heading-title elementor-size-default\">Vid\u00e9olaryngoscopes : structure, utilisation et preuves cliniques<\/h2>\t\t\t\t<\/div>\n\t\t\t\t<\/div>\n\t\t\t\t<div class=\"elementor-element elementor-element-c5e1af7 elementor-widget elementor-widget-text-editor\" data-id=\"c5e1af7\" data-element_type=\"widget\" data-widget_type=\"text-editor.default\">\n\t\t\t\t<div class=\"elementor-widget-container\">\n\t\t\t\t\t\t\t\t\t<p>Dans notre article, nous souhaitons vous informer sur la structure des produits et sur les avantages des vid\u00e9o-laryngoscopes par rapport aux laryngoscopes traditionnels. Nous allons \u00e9galement nous pencher sur la structure.   <\/p>\t\t\t\t\t\t\t\t<\/div>\n\t\t\t\t<\/div>\n\t\t\t\t<div class=\"elementor-element elementor-element-06c9cfd elementor-align-center elementor-widget elementor-widget-button\" data-id=\"06c9cfd\" data-element_type=\"widget\" data-widget_type=\"button.default\">\n\t\t\t\t<div class=\"elementor-widget-container\">\n\t\t\t\t\t\t\t\t\t<div class=\"elementor-button-wrapper\">\n\t\t\t\t\t<a class=\"elementor-button elementor-button-link elementor-size-sm\" href=\"https:\/\/www.visionheart.eu\/fr\/insights\/videolaryngoscopes-structure-utilisation-et-preuves\/\">\n\t\t\t\t\t\t<span class=\"elementor-button-content-wrapper\">\n\t\t\t\t\t\t\t\t\t<span class=\"elementor-button-text\">Voir l'article<\/span>\n\t\t\t\t\t<\/span>\n\t\t\t\t\t<\/a>\n\t\t\t\t<\/div>\n\t\t\t\t\t\t\t\t<\/div>\n\t\t\t\t<\/div>\n\t\t\t\t<\/div>\n\t\t\t\t\t<\/div>\n\t\t\t\t<\/div>\n\t\t<div class=\"elementor-element elementor-element-f02dad8 e-flex e-con-boxed elementor-invisible e-con e-parent\" data-id=\"f02dad8\" data-element_type=\"container\" data-settings=\"{&quot;background_background&quot;:&quot;classic&quot;,&quot;animation&quot;:&quot;fadeInUp&quot;}\">\n\t\t\t\t\t<div class=\"e-con-inner\">\n\t\t<div class=\"elementor-element elementor-element-fe47ce7 e-con-full e-flex e-con e-child\" data-id=\"fe47ce7\" data-element_type=\"container\">\n\t\t<div class=\"elementor-element elementor-element-94bc993 e-con-full e-flex e-con e-child\" data-id=\"94bc993\" data-element_type=\"container\">\n\t\t\t\t<div class=\"elementor-element elementor-element-3471b4b elementor-headline--style-highlight elementor-widget elementor-widget-animated-headline\" data-id=\"3471b4b\" data-element_type=\"widget\" data-settings=\"{&quot;marker&quot;:&quot;underline&quot;,&quot;highlighted_text&quot;:&quot;Intubation&quot;,&quot;headline_style&quot;:&quot;highlight&quot;,&quot;loop&quot;:&quot;yes&quot;,&quot;highlight_animation_duration&quot;:1200,&quot;highlight_iteration_delay&quot;:8000}\" data-widget_type=\"animated-headline.default\">\n\t\t\t\t<div class=\"elementor-widget-container\">\n\t\t\t\t\t\t\t<h2 class=\"elementor-headline\">\n\t\t\t\t\t<span class=\"elementor-headline-plain-text elementor-headline-text-wrapper\">Les diff\u00e9rentes m\u00e9thodes de<\/span>\n\t\t\t\t<span class=\"elementor-headline-dynamic-wrapper elementor-headline-text-wrapper\">\n\t\t\t\t\t<span class=\"elementor-headline-dynamic-text elementor-headline-text-active\">Intubation<\/span>\n\t\t\t\t<\/span>\n\t\t\t\t<\/h2>\n\t\t\t\t\t\t<\/div>\n\t\t\t\t<\/div>\n\t\t\t\t<div class=\"elementor-element elementor-element-cbb698d elementor-widget elementor-widget-heading\" data-id=\"cbb698d\" data-element_type=\"widget\" data-widget_type=\"heading.default\">\n\t\t\t\t<div class=\"elementor-widget-container\">\n\t\t\t\t\t<h2 class=\"elementor-heading-title elementor-size-default\">L'intubation s\u00e9curise les voies respiratoires et est utilis\u00e9e en anesth\u00e9sie, en soins intensifs et en m\u00e9decine d'urgence.<\/h2>\t\t\t\t<\/div>\n\t\t\t\t<\/div>\n\t\t\t\t<div class=\"elementor-element elementor-element-34b9dd9 elementor-widget elementor-widget-text-editor\" data-id=\"34b9dd9\" data-element_type=\"widget\" data-widget_type=\"text-editor.default\">\n\t\t\t\t<div class=\"elementor-widget-container\">\n\t\t\t\t\t\t\t\t\t<p>L&rsquo;intubation est une proc\u00e9dure centrale pour la s\u00e9curisation des voies respiratoires en anesth\u00e9sie, en soins intensifs et en m\u00e9decine d&rsquo;urgence. Outre la laryngoscopie directe classique, des m\u00e9thodes modernes telles que la vid\u00e9olaryngoscopie ou la fibre optique sont de plus en plus utilis\u00e9es &#8211; adapt\u00e9es \u00e0 l&rsquo;\u00e9tat du patient et \u00e0 la situation. Nous vous pr\u00e9sentons un aper\u00e7u de ces diff\u00e9rentes m\u00e9thodes.  <\/p>\t\t\t\t\t\t\t\t<\/div>\n\t\t\t\t<\/div>\n\t\t\t\t<div class=\"elementor-element elementor-element-98df98c elementor-align-center elementor-widget elementor-widget-button\" data-id=\"98df98c\" data-element_type=\"widget\" data-widget_type=\"button.default\">\n\t\t\t\t<div class=\"elementor-widget-container\">\n\t\t\t\t\t\t\t\t\t<div class=\"elementor-button-wrapper\">\n\t\t\t\t\t<a class=\"elementor-button elementor-button-link elementor-size-sm\" href=\"https:\/\/www.visionheart.eu\/fr\/insights\/les-differentes-methodes-dintubation\/\">\n\t\t\t\t\t\t<span class=\"elementor-button-content-wrapper\">\n\t\t\t\t\t\t\t\t\t<span class=\"elementor-button-text\">Apprendre encore plus<\/span>\n\t\t\t\t\t<\/span>\n\t\t\t\t\t<\/a>\n\t\t\t\t<\/div>\n\t\t\t\t\t\t\t\t<\/div>\n\t\t\t\t<\/div>\n\t\t\t\t<\/div>\n\t\t\t\t<\/div>\n\t\t<div class=\"elementor-element elementor-element-1e4fdf6 e-con-full e-flex e-con e-child\" data-id=\"1e4fdf6\" data-element_type=\"container\">\n\t\t\t\t<div class=\"elementor-element elementor-element-981b283 elementor-widget elementor-widget-image\" data-id=\"981b283\" data-element_type=\"widget\" data-widget_type=\"image.default\">\n\t\t\t\t<div class=\"elementor-widget-container\">\n\t\t\t\t\t\t\t\t\t\t\t\t\t\t\t<img decoding=\"async\" width=\"800\" height=\"450\" src=\"https:\/\/www.visionheart.eu\/wp-content\/uploads\/2025\/05\/Intubation-HERO.jpg\" class=\"attachment-large size-large wp-image-539\" alt=\"Intubationsprodukte\" srcset=\"https:\/\/www.visionheart.eu\/wp-content\/uploads\/2025\/05\/Intubation-HERO.jpg 889w, https:\/\/www.visionheart.eu\/wp-content\/uploads\/2025\/05\/Intubation-HERO-300x169.jpg 300w, https:\/\/www.visionheart.eu\/wp-content\/uploads\/2025\/05\/Intubation-HERO-768x432.jpg 768w\" sizes=\"(max-width: 800px) 100vw, 800px\" \/>\t\t\t\t\t\t\t\t\t\t\t\t\t\t\t<\/div>\n\t\t\t\t<\/div>\n\t\t\t\t<\/div>\n\t\t\t\t\t<\/div>\n\t\t\t\t<\/div>\n\t\t<div class=\"elementor-element elementor-element-7bf55c4a e-flex e-con-boxed e-con e-parent\" data-id=\"7bf55c4a\" data-element_type=\"container\">\n\t\t\t\t\t<div class=\"e-con-inner\">\n\t\t\t\t\t<\/div>\n\t\t\t\t<\/div>\n\t\t\t\t<\/div>\n\t\t","protected":false},"excerpt":{"rendered":"<p>Insights &amp; Ce qu&rsquo;il faut savoir Encore plus Ce qu&rsquo;il faut savoir ? Vid\u00e9olaryngoscopes : structure, utilisation et preuves cliniques Dans notre article, nous souhaitons vous informer sur la structure des produits et sur les avantages des vid\u00e9o-laryngoscopes par rapport aux laryngoscopes traditionnels. Nous allons \u00e9galement nous pencher sur la structure. Voir l&rsquo;article Les diff\u00e9rentes [&hellip;]<\/p>\n","protected":false},"author":1,"featured_media":0,"parent":0,"menu_order":0,"comment_status":"closed","ping_status":"closed","template":"","meta":{"footnotes":""},"class_list":["post-667","page","type-page","status-publish","hentry"],"yoast_head":"<!-- This site is optimized with the Yoast SEO plugin v26.6 - https:\/\/yoast.com\/wordpress\/plugins\/seo\/ -->\n<title>Insights &amp; prochains \u00e9v\u00e9nements<\/title>\n<meta name=\"description\" content=\"Apprenez ce qu&#039;il faut savoir dans les domaines de la m\u00e9decine d&#039;urgence et de l&#039;anesth\u00e9sie. Vous trouverez \u00e9galement les \u00e9v\u00e9nements actuels et les participations aux salons !\" \/>\n<meta name=\"robots\" content=\"index, follow, max-snippet:-1, max-image-preview:large, max-video-preview:-1\" \/>\n<link rel=\"canonical\" href=\"https:\/\/www.visionheart.eu\/fr\/insights\/\" \/>\n<meta property=\"og:locale\" content=\"fr_FR\" \/>\n<meta property=\"og:type\" content=\"article\" \/>\n<meta property=\"og:title\" content=\"Insights &amp; prochains \u00e9v\u00e9nements\" \/>\n<meta property=\"og:description\" content=\"Apprenez ce qu&#039;il faut savoir dans les domaines de la m\u00e9decine d&#039;urgence et de l&#039;anesth\u00e9sie. Vous trouverez \u00e9galement les \u00e9v\u00e9nements actuels et les participations aux salons !\" \/>\n<meta property=\"og:url\" content=\"https:\/\/www.visionheart.eu\/fr\/insights\/\" \/>\n<meta property=\"og:site_name\" content=\"VisionHEART GmbH\" \/>\n<meta property=\"article:modified_time\" content=\"2025-06-04T10:44:53+00:00\" \/>\n<meta property=\"og:image\" content=\"https:\/\/www.visionheart.eu\/wp-content\/uploads\/2025\/05\/Banner-Videolaryngoskop-BF-DP_kleiner-1.jpg\" \/>\n\t<meta property=\"og:image:width\" content=\"1100\" \/>\n\t<meta property=\"og:image:height\" content=\"550\" \/>\n\t<meta property=\"og:image:type\" content=\"image\/jpeg\" \/>\n<script type=\"application\/ld+json\" class=\"yoast-schema-graph\">{\"@context\":\"https:\/\/schema.org\",\"@graph\":[{\"@type\":\"WebPage\",\"@id\":\"https:\/\/www.visionheart.eu\/fr\/insights\/\",\"url\":\"https:\/\/www.visionheart.eu\/fr\/insights\/\",\"name\":\"Insights & prochains \u00e9v\u00e9nements\",\"isPartOf\":{\"@id\":\"https:\/\/www.visionheart.eu\/fr\/#website\"},\"primaryImageOfPage\":{\"@id\":\"https:\/\/www.visionheart.eu\/fr\/insights\/#primaryimage\"},\"image\":{\"@id\":\"https:\/\/www.visionheart.eu\/fr\/insights\/#primaryimage\"},\"thumbnailUrl\":\"https:\/\/www.visionheart.eu\/wp-content\/uploads\/2025\/05\/Banner-Videolaryngoskop-BF-DP_kleiner-1-1024x512.jpg\",\"datePublished\":\"2025-05-21T11:28:08+00:00\",\"dateModified\":\"2025-06-04T10:44:53+00:00\",\"description\":\"Apprenez ce qu'il faut savoir dans les domaines de la m\u00e9decine d'urgence et de l'anesth\u00e9sie. Vous trouverez \u00e9galement les \u00e9v\u00e9nements actuels et les participations aux salons !\",\"breadcrumb\":{\"@id\":\"https:\/\/www.visionheart.eu\/fr\/insights\/#breadcrumb\"},\"inLanguage\":\"fr-FR\",\"potentialAction\":[{\"@type\":\"ReadAction\",\"target\":[\"https:\/\/www.visionheart.eu\/fr\/insights\/\"]}]},{\"@type\":\"ImageObject\",\"inLanguage\":\"fr-FR\",\"@id\":\"https:\/\/www.visionheart.eu\/fr\/insights\/#primaryimage\",\"url\":\"https:\/\/www.visionheart.eu\/wp-content\/uploads\/2025\/05\/Banner-Videolaryngoskop-BF-DP_kleiner-1-1024x512.jpg\",\"contentUrl\":\"https:\/\/www.visionheart.eu\/wp-content\/uploads\/2025\/05\/Banner-Videolaryngoskop-BF-DP_kleiner-1-1024x512.jpg\"},{\"@type\":\"BreadcrumbList\",\"@id\":\"https:\/\/www.visionheart.eu\/fr\/insights\/#breadcrumb\",\"itemListElement\":[{\"@type\":\"ListItem\",\"position\":1,\"name\":\"Startseite\",\"item\":\"https:\/\/www.visionheart.eu\/fr\/\"},{\"@type\":\"ListItem\",\"position\":2,\"name\":\"Insights\"}]},{\"@type\":\"WebSite\",\"@id\":\"https:\/\/www.visionheart.eu\/fr\/#website\",\"url\":\"https:\/\/www.visionheart.eu\/fr\/\",\"name\":\"VisionHEART GmbH\",\"description\":\"Ihr Ansprechpartner f\u00fcr Videolaryngoskope in Europa.\",\"publisher\":{\"@id\":\"https:\/\/www.visionheart.eu\/fr\/#organization\"},\"potentialAction\":[{\"@type\":\"SearchAction\",\"target\":{\"@type\":\"EntryPoint\",\"urlTemplate\":\"https:\/\/www.visionheart.eu\/fr\/?s={search_term_string}\"},\"query-input\":{\"@type\":\"PropertyValueSpecification\",\"valueRequired\":true,\"valueName\":\"search_term_string\"}}],\"inLanguage\":\"fr-FR\"},{\"@type\":\"Organization\",\"@id\":\"https:\/\/www.visionheart.eu\/fr\/#organization\",\"name\":\"VisionHEART GmbH\",\"alternateName\":\"VisionHEART GmbH\",\"url\":\"https:\/\/www.visionheart.eu\/fr\/\",\"logo\":{\"@type\":\"ImageObject\",\"inLanguage\":\"fr-FR\",\"@id\":\"https:\/\/www.visionheart.eu\/fr\/#\/schema\/logo\/image\/\",\"url\":\"https:\/\/www.visionheart.eu\/wp-content\/uploads\/2025\/05\/cropped-VisionHEART_Logo_Color_EV_435x135.png\",\"contentUrl\":\"https:\/\/www.visionheart.eu\/wp-content\/uploads\/2025\/05\/cropped-VisionHEART_Logo_Color_EV_435x135.png\",\"width\":450,\"height\":128,\"caption\":\"VisionHEART GmbH\"},\"image\":{\"@id\":\"https:\/\/www.visionheart.eu\/fr\/#\/schema\/logo\/image\/\"}}]}<\/script>\n<!-- \/ Yoast SEO plugin. -->","yoast_head_json":{"title":"Insights & prochains \u00e9v\u00e9nements","description":"Apprenez ce qu'il faut savoir dans les domaines de la m\u00e9decine d'urgence et de l'anesth\u00e9sie. Vous trouverez \u00e9galement les \u00e9v\u00e9nements actuels et les participations aux salons !","robots":{"index":"index","follow":"follow","max-snippet":"max-snippet:-1","max-image-preview":"max-image-preview:large","max-video-preview":"max-video-preview:-1"},"canonical":"https:\/\/www.visionheart.eu\/fr\/insights\/","og_locale":"fr_FR","og_type":"article","og_title":"Insights & prochains \u00e9v\u00e9nements","og_description":"Apprenez ce qu'il faut savoir dans les domaines de la m\u00e9decine d'urgence et de l'anesth\u00e9sie. Vous trouverez \u00e9galement les \u00e9v\u00e9nements actuels et les participations aux salons !","og_url":"https:\/\/www.visionheart.eu\/fr\/insights\/","og_site_name":"VisionHEART GmbH","article_modified_time":"2025-06-04T10:44:53+00:00","og_image":[{"width":1100,"height":550,"url":"https:\/\/www.visionheart.eu\/wp-content\/uploads\/2025\/05\/Banner-Videolaryngoskop-BF-DP_kleiner-1.jpg","type":"image\/jpeg"}],"schema":{"@context":"https:\/\/schema.org","@graph":[{"@type":"WebPage","@id":"https:\/\/www.visionheart.eu\/fr\/insights\/","url":"https:\/\/www.visionheart.eu\/fr\/insights\/","name":"Insights & prochains \u00e9v\u00e9nements","isPartOf":{"@id":"https:\/\/www.visionheart.eu\/fr\/#website"},"primaryImageOfPage":{"@id":"https:\/\/www.visionheart.eu\/fr\/insights\/#primaryimage"},"image":{"@id":"https:\/\/www.visionheart.eu\/fr\/insights\/#primaryimage"},"thumbnailUrl":"https:\/\/www.visionheart.eu\/wp-content\/uploads\/2025\/05\/Banner-Videolaryngoskop-BF-DP_kleiner-1-1024x512.jpg","datePublished":"2025-05-21T11:28:08+00:00","dateModified":"2025-06-04T10:44:53+00:00","description":"Apprenez ce qu'il faut savoir dans les domaines de la m\u00e9decine d'urgence et de l'anesth\u00e9sie. Vous trouverez \u00e9galement les \u00e9v\u00e9nements actuels et les participations aux salons !","breadcrumb":{"@id":"https:\/\/www.visionheart.eu\/fr\/insights\/#breadcrumb"},"inLanguage":"fr-FR","potentialAction":[{"@type":"ReadAction","target":["https:\/\/www.visionheart.eu\/fr\/insights\/"]}]},{"@type":"ImageObject","inLanguage":"fr-FR","@id":"https:\/\/www.visionheart.eu\/fr\/insights\/#primaryimage","url":"https:\/\/www.visionheart.eu\/wp-content\/uploads\/2025\/05\/Banner-Videolaryngoskop-BF-DP_kleiner-1-1024x512.jpg","contentUrl":"https:\/\/www.visionheart.eu\/wp-content\/uploads\/2025\/05\/Banner-Videolaryngoskop-BF-DP_kleiner-1-1024x512.jpg"},{"@type":"BreadcrumbList","@id":"https:\/\/www.visionheart.eu\/fr\/insights\/#breadcrumb","itemListElement":[{"@type":"ListItem","position":1,"name":"Startseite","item":"https:\/\/www.visionheart.eu\/fr\/"},{"@type":"ListItem","position":2,"name":"Insights"}]},{"@type":"WebSite","@id":"https:\/\/www.visionheart.eu\/fr\/#website","url":"https:\/\/www.visionheart.eu\/fr\/","name":"VisionHEART GmbH","description":"Ihr Ansprechpartner f\u00fcr Videolaryngoskope in Europa.","publisher":{"@id":"https:\/\/www.visionheart.eu\/fr\/#organization"},"potentialAction":[{"@type":"SearchAction","target":{"@type":"EntryPoint","urlTemplate":"https:\/\/www.visionheart.eu\/fr\/?s={search_term_string}"},"query-input":{"@type":"PropertyValueSpecification","valueRequired":true,"valueName":"search_term_string"}}],"inLanguage":"fr-FR"},{"@type":"Organization","@id":"https:\/\/www.visionheart.eu\/fr\/#organization","name":"VisionHEART GmbH","alternateName":"VisionHEART GmbH","url":"https:\/\/www.visionheart.eu\/fr\/","logo":{"@type":"ImageObject","inLanguage":"fr-FR","@id":"https:\/\/www.visionheart.eu\/fr\/#\/schema\/logo\/image\/","url":"https:\/\/www.visionheart.eu\/wp-content\/uploads\/2025\/05\/cropped-VisionHEART_Logo_Color_EV_435x135.png","contentUrl":"https:\/\/www.visionheart.eu\/wp-content\/uploads\/2025\/05\/cropped-VisionHEART_Logo_Color_EV_435x135.png","width":450,"height":128,"caption":"VisionHEART GmbH"},"image":{"@id":"https:\/\/www.visionheart.eu\/fr\/#\/schema\/logo\/image\/"}}]}},"_links":{"self":[{"href":"https:\/\/www.visionheart.eu\/fr\/wp-json\/wp\/v2\/pages\/667","targetHints":{"allow":["GET"]}}],"collection":[{"href":"https:\/\/www.visionheart.eu\/fr\/wp-json\/wp\/v2\/pages"}],"about":[{"href":"https:\/\/www.visionheart.eu\/fr\/wp-json\/wp\/v2\/types\/page"}],"author":[{"embeddable":true,"href":"https:\/\/www.visionheart.eu\/fr\/wp-json\/wp\/v2\/users\/1"}],"replies":[{"embeddable":true,"href":"https:\/\/www.visionheart.eu\/fr\/wp-json\/wp\/v2\/comments?post=667"}],"version-history":[{"count":10,"href":"https:\/\/www.visionheart.eu\/fr\/wp-json\/wp\/v2\/pages\/667\/revisions"}],"predecessor-version":[{"id":1451,"href":"https:\/\/www.visionheart.eu\/fr\/wp-json\/wp\/v2\/pages\/667\/revisions\/1451"}],"wp:attachment":[{"href":"https:\/\/www.visionheart.eu\/fr\/wp-json\/wp\/v2\/media?parent=667"}],"curies":[{"name":"wp","href":"https:\/\/api.w.org\/{rel}","templated":true}]}}