{"id":669,"date":"2025-05-22T13:57:30","date_gmt":"2025-05-22T11:57:30","guid":{"rendered":"https:\/\/www.visionheart.eu\/insights\/videolaryngoscopes-structure-utilisation-et-preuves\/"},"modified":"2025-06-04T12:14:16","modified_gmt":"2025-06-04T10:14:16","slug":"videolaryngoscopes-structure-utilisation-et-preuves","status":"publish","type":"page","link":"https:\/\/www.visionheart.eu\/fr\/insights\/videolaryngoscopes-structure-utilisation-et-preuves\/","title":{"rendered":"Vid\u00e9olaryngoscopes : structure, utilisation et preuves"},"content":{"rendered":"\t\t<div data-elementor-type=\"wp-page\" data-elementor-id=\"669\" class=\"elementor elementor-669 elementor-598\" data-elementor-post-type=\"page\">\n\t\t\t\t<div class=\"elementor-element elementor-element-74800837 e-flex e-con-boxed e-con e-parent\" data-id=\"74800837\" data-element_type=\"container\" data-settings=\"{&quot;background_background&quot;:&quot;classic&quot;}\">\n\t\t\t\t\t<div class=\"e-con-inner\">\n\t\t\t\t<div class=\"elementor-element elementor-element-8a2b289 elementor-headline--style-highlight elementor-widget elementor-widget-animated-headline\" data-id=\"8a2b289\" data-element_type=\"widget\" data-settings=\"{&quot;marker&quot;:&quot;underline&quot;,&quot;highlighted_text&quot;:&quot;Structure, utilisation et preuves&quot;,&quot;headline_style&quot;:&quot;highlight&quot;,&quot;loop&quot;:&quot;yes&quot;,&quot;highlight_animation_duration&quot;:1200,&quot;highlight_iteration_delay&quot;:8000}\" data-widget_type=\"animated-headline.default\">\n\t\t\t\t<div class=\"elementor-widget-container\">\n\t\t\t\t\t\t\t<h1 class=\"elementor-headline\">\n\t\t\t\t\t<span class=\"elementor-headline-plain-text elementor-headline-text-wrapper\">Vid\u00e9olaryngoscopes :  <\/span>\n\t\t\t\t<span class=\"elementor-headline-dynamic-wrapper elementor-headline-text-wrapper\">\n\t\t\t\t\t<span class=\"elementor-headline-dynamic-text elementor-headline-text-active\">Structure, utilisation et preuves<\/span>\n\t\t\t\t<\/span>\n\t\t\t\t<\/h1>\n\t\t\t\t\t\t<\/div>\n\t\t\t\t<\/div>\n\t\t\t\t\t<\/div>\n\t\t\t\t<\/div>\n\t\t<div class=\"elementor-element elementor-element-b055d69 e-flex e-con-boxed e-con e-parent\" data-id=\"b055d69\" data-element_type=\"container\">\n\t\t\t\t\t<div class=\"e-con-inner\">\n\t\t<div class=\"elementor-element elementor-element-528bbda e-con-full e-flex e-con e-child\" data-id=\"528bbda\" data-element_type=\"container\">\n\t\t<div class=\"elementor-element elementor-element-b3e88dc e-con-full e-flex elementor-invisible e-con e-child\" data-id=\"b3e88dc\" data-element_type=\"container\" data-settings=\"{&quot;animation&quot;:&quot;fadeInLeft&quot;}\">\n\t\t\t\t<div class=\"elementor-element elementor-element-7053b36 elementor-widget elementor-widget-cta\" data-id=\"7053b36\" data-element_type=\"widget\" data-settings=\"{&quot;layout_preset&quot;:&quot;storytelling&quot;,&quot;content_alignment&quot;:&quot;center&quot;,&quot;content_alignment_tablet&quot;:&quot;center&quot;,&quot;content_alignment_mobile&quot;:&quot;center&quot;,&quot;image_shape&quot;:&quot;sharp&quot;,&quot;primary_button_shape&quot;:&quot;default&quot;,&quot;cta_width&quot;:&quot;default&quot;,&quot;cta_position&quot;:&quot;default&quot;,&quot;box_shape&quot;:&quot;sharp&quot;}\" data-widget_type=\"cta.default\">\n\t\t\t\t<div class=\"elementor-widget-container\">\n\t\t\t\t\t\t\t<div class=\"has-shape-sharp shape-type-box ehp-cta has-preset-storytelling\">\n\t\t\t<div class=\"ehp-cta__overlay\"><\/div>\n\t\t\t<div class=\"ehp-cta__elements-container\">\n\t\t\t\t\t\t\t<div class=\"ehp-image ehp-cta__image-container\">\n\t\t\t\t<img decoding=\"async\" class=\"ehp-image__img ehp-cta__img has-shape-sharp shape-type-image\" src=\"https:\/\/www.visionheart.eu\/wp-content\/uploads\/2025\/05\/BD-DP-Freigestellt-farbe-korrigiert.png\" title=\"Videolaryngoskop BF-DP\" alt=\"Videolaryngoskop BF-DP MAC\" loading=\"lazy\" \/>\t\t\t<\/div>\n\t\t\t\t\t<div class=\"ehp-cta__text-container\">\n\t\t\t<h2 class=\"ehp-cta__heading\">Vid\u00e9olaryngoscope BF-DP<\/h2><p class=\"ehp-cta__description\">Est un accessoire pour l'intubation endotrach\u00e9ale. \u00c9quip\u00e9 d'une poign\u00e9e MAC et MIL, il est ... <\/p>\t\t<\/div>\n\t\t\t\t\t<div class=\"ehp-cta__ctas-container has-cta-width-default\">\n\t\t\t\t<div class=\"ehp-cta__buttons-wrapper\">\n\t\t\t\t\t\t\t<a class=\"has-shape-default shape-type-button ehp-button ehp-button--primary ehp-cta__button ehp-cta__button--primary is-type-button\" href=\"https:\/\/www.visionheart.eu\/fr\/produits\/videolaryngoscope-bf-dp\/\">\n\t\t\t\t\t<span class=\"ehp-button__text ehp-cta__button-text ehp-cta__button-text--primary\">\n\t\t\tVoir le produit\t\t\t\t<\/a>\n\t\t\t\t\t\t\t\t\t\t\t<\/div>\n\t\t\t<\/div>\n\t\t\t\t\t<\/div>\n\t\t<\/div>\n\t\t\t\t\t\t<\/div>\n\t\t\t\t<\/div>\n\t\t\t\t<\/div>\n\t\t\t\t<\/div>\n\t\t<div class=\"elementor-element elementor-element-b9b5ccb e-con-full e-flex e-con e-child\" data-id=\"b9b5ccb\" data-element_type=\"container\">\n\t\t\t\t<div class=\"elementor-element elementor-element-6deec21 elementor-widget elementor-widget-text-editor\" data-id=\"6deec21\" data-element_type=\"widget\" data-widget_type=\"text-editor.default\">\n\t\t\t\t<div class=\"elementor-widget-container\">\n\t\t\t\t\t\t\t\t\t<p>Ces derni\u00e8res ann\u00e9es, les vid\u00e9o-laryngoscopes se sont impos\u00e9s comme des outils indispensables en anesth\u00e9sie et en m\u00e9decine d&rsquo;urgence. Ils permettent une meilleure visualisation des structures laryng\u00e9es, ce qui augmente le taux de r\u00e9ussite de l&rsquo;intubation endotrach\u00e9ale, en particulier dans des conditions respiratoires difficiles [1]. <\/p><h2><b>Structure des vid\u00e9olaryngoscopes<\/b><\/h2><p>Un vid\u00e9o-laryngoscope se compose de plusieurs \u00e9l\u00e9ments essentiels :<\/p><ul><li>Spatule : elle est introduite dans la bouche pour pousser la langue sur le c\u00f4t\u00e9 et permettre de voir la glotte. Il existe diff\u00e9rents types de spatules pour diff\u00e9rentes applications : <ul><li>Spatule de type Macintosh (permet une vision directe et indirecte)<\/li><li>Spatule hyperangul\u00e9e (adapt\u00e9e aux conditions respiratoires difficiles) [2].<\/li><li>Spatule de Miller (adapt\u00e9e \u00e0 l&rsquo;utilisation chez les n\u00e9onatals ; voir aussi ici : <a href=\"https:\/\/www.visionheart.eu\/fr\/produits\/lames-de-laryngoscope-a-usage-unique\/\">aper\u00e7u des spatules<\/a>)<\/li><\/ul><\/li><li>Cam\u00e9ra : une cam\u00e9ra miniature fix\u00e9e \u00e0 l&rsquo;extr\u00e9mit\u00e9 de la lame transmet l&rsquo;image en temps r\u00e9el sur un \u00e9cran [3].<\/li><li>Source de lumi\u00e8re : une source de lumi\u00e8re LED assure un \u00e9clairage optimal des voies respiratoires [4].<\/li><li>Moniteur : l&rsquo;image captur\u00e9e est affich\u00e9e sur un moniteur externe ou int\u00e9gr\u00e9, ce qui permet un positionnement pr\u00e9cis de la sonde endotrach\u00e9ale [5].<\/li><\/ul><h2><b>Utilisation des vid\u00e9olaryngoscopes<\/b><\/h2><p>L&rsquo;objectif principal des vid\u00e9olaryngoscopes est de r\u00e9aliser l&rsquo;intubation endotrach\u00e9ale de mani\u00e8re s\u00fbre et efficace. Les principaux domaines d&rsquo;application sont les suivants <\/p><ul><li>Intubation r\u00e9guli\u00e8re : Les vid\u00e9o-laryngoscopes sont de plus en plus utilis\u00e9s comme proc\u00e9dure standard, en particulier en anesth\u00e9sie [6].<\/li><li>Voies a\u00e9riennes difficiles : le guide S1 sur la s\u00e9curisation des voies a\u00e9riennes recommande l&rsquo;utilisation primaire de vid\u00e9olaryngoscopes dans des conditions d&rsquo;intubation difficiles [7].<\/li><li>M\u00e9decine d&rsquo;urgence : l&rsquo;am\u00e9lioration de la visibilit\u00e9 des voies respiratoires peut augmenter le taux de r\u00e9ussite des intubations d&rsquo;urgence [8].<\/li><li>Formation m\u00e9dicale : En raison de l&rsquo;affichage en temps r\u00e9el sur un \u00e9cran, les vid\u00e9o-laryngoscopes sont id\u00e9aux pour la formation des anesth\u00e9sistes et des urgentistes [9].<\/li><\/ul><h2><b>Preuves scientifiques et lignes directrices actuelles<\/b><\/h2><p>Selon le guide S1 actuel \u00ab Gestion des voies respiratoires \u00bb de la Soci\u00e9t\u00e9 allemande d&rsquo;anesth\u00e9siologie et de m\u00e9decine intensive (DGAI) [7], un vid\u00e9olaryngoscope devrait \u00eatre disponible sur chaque lieu de travail anesth\u00e9siologique. Les principales recommandations sont les suivantes : <\/p><ul><li>Les vid\u00e9olaryngoscopes \u00e9quip\u00e9s d&rsquo;une lame de type Macintosh peuvent \u00eatre utilis\u00e9s comme instrument primaire pour l&rsquo;intubation [7].<\/li><li>Si l&rsquo;on s&rsquo;attend \u00e0 ce que les voies respiratoires soient difficiles, il faut disposer de spatules hyperangul\u00e9es [10].<\/li><li>Apr\u00e8s une laryngoscopie directe infructueuse, il est recommand\u00e9 d&rsquo;utiliser un vid\u00e9olaryngoscope [7].<\/li><li>La vid\u00e9olaryngoscopie est la m\u00e9thode privil\u00e9gi\u00e9e pour s\u00e9curiser les voies a\u00e9riennes, en particulier chez les patients pr\u00e9sentant un risque d&rsquo;aspiration [11].<\/li><\/ul><p> <\/p><p>L&rsquo;introduction des vid\u00e9o-laryngoscopes a consid\u00e9rablement am\u00e9lior\u00e9 la pratique clinique de la s\u00e9curisation des voies a\u00e9riennes. Leurs avantages, en particulier dans les situations difficiles, sont bien document\u00e9s par des \u00e9tudes scientifiques et des directives. Leur utilisation de routine est de plus en plus consid\u00e9r\u00e9e comme un standard et une formation ad\u00e9quate est essentielle pour exploiter au mieux le potentiel de cette technologie.  <\/p>\t\t\t\t\t\t\t\t<\/div>\n\t\t\t\t<\/div>\n\t\t\t\t<\/div>\n\t\t\t\t\t<\/div>\n\t\t\t\t<\/div>\n\t\t<div class=\"elementor-element elementor-element-7db4ff7f e-flex e-con-boxed elementor-invisible e-con e-parent\" data-id=\"7db4ff7f\" data-element_type=\"container\" data-settings=\"{&quot;background_background&quot;:&quot;classic&quot;,&quot;animation&quot;:&quot;fadeInUp&quot;}\">\n\t\t\t\t\t<div class=\"e-con-inner\">\n\t\t\t\t<div class=\"elementor-element elementor-element-63a71f2 elementor-widget elementor-widget-html\" data-id=\"63a71f2\" data-element_type=\"widget\" data-widget_type=\"html.default\">\n\t\t\t\t<div class=\"elementor-widget-container\">\n\t\t\t\t\t<!--googleoff: all--> \n<div id=\"literaturverzeichnis\">Bibliographie<br>\n[1] Aziz, M. F., Healy, D., Kheterpal, S., et al. (2011). \u00ab Efficacit\u00e9 de la pratique clinique de routine du glidescope dans la gestion des voies a\u00e9riennes difficiles : Une analyse de 2,004 intubations au glidescope, complications, et \u00e9checs \u00e0 partir d'une \u00e9tude prospective, multicentrique, observationnelle \u00bb. Anesthesiology, 114(1), 34-41. <br>\n[2] Mosier, J. M., Sakles, J. C., Law, J. A., et al. (2020). \u00ab Tracheal Intubation in the Critically Ill : Current Status and Future Directions \u00bb. The Lancet Respiratory Medicine, 8(8), 754-766. <br>\n[3] Cook, T. M., Kelly, F. E. (2017). \u00ab A National Survey of Videolaryngoscopy in the United Kingdom \u00bb. Anaesthesia, 72(8), 1017-1024.  <br>\n[4] Pieters, B. M., Maas, E., Knape, J. T. A., et al. (2017). \u00ab Videolaryngoscopy vs. Direct Laryngoscopy for Tracheal Intubation in Adults with Obesity : A Systematic Review and Meta-analysis \u00bb. Anaesthesia, 72(6), 691-701. <br>\n[5] Myatra, S. N., Jain, R., Gandhi, K., et al. (2013). \u00ab Comparaison du vid\u00e9olaryngoscope C-MAC et du laryngoscope Macintosh pour la gestion des voies a\u00e9riennes de routine : une \u00e9tude clinique randomis\u00e9e \u00bb. Anaesthesia, 68(9), 899-907. <br>\n[6] Apfelbaum, J. L., Hagberg, C. A., Caplan, R. A., et al. (2013). \u00ab Practice Guidelines for Management of the Difficult Airway : An Updated Report by the American Society of Anesthesiologists Task Force on Management of the Difficult Airway \u00bb. Anesthesiology, 118(2), 251-270. <br>\n[7] Soci\u00e9t\u00e9 allemande d'anesth\u00e9siologie et de m\u00e9decine intensive (DGAI). (2023). \u00ab Ligne directrice S1 sur la gestion des voies respiratoires \u00bb. Num\u00e9ro de registre AWMF : 001-028. Disponible sur : https:\/\/register.awmf.org\/assets\/guidelines\/001-028l_S1_Atemwegsmanagement_2023-09.pdf (consult\u00e9 le 04 f\u00e9vrier 2025).  <br>\n[8] Brown, C. A., Bair, A. E., Pallin, D. J., et al. (2010). \u00ab Techniques, succ\u00e8s et \u00e9v\u00e9nements ind\u00e9sirables des intubations d'adultes dans les services d'urgence \u00bb. Annals of Emergency Medicine, 56(4), 260-270. <br>\n[9] Martin, L. D., Mhyre, J. M., Shanks, A. M., et al. (2011). \u00ab 3,423 intubations trach\u00e9ales d'urgence dans un h\u00f4pital universitaire : r\u00e9sultats des voies a\u00e9riennes et complications \u00bb. Anesthesiology, 114(1), 42-48. <br>\n[10] Piepho, T., Werner, C., Noppens, R. (2015). \u00ab \u00c9valuation du vid\u00e9olaryngoscope C-MAC pour l'intubation nasotrach\u00e9ale \u00bb. Anaesthesia, 70(2), 134-138.  <br>\n[11] Frerk, C., Mitchell, V. S., McNarry, A. F., et al. (2015). \u00ab Difficult Airway Society 2015 Guidelines for Management of Unanticipated Difficult Intubation in Adults \u00bb. British Journal of Anaesthesia, 115(6), 827-848. <\/div>\n\t\t\t\t<\/div>\n\t\t\t\t<\/div>\n\t\t\t\t\t<\/div>\n\t\t\t\t<\/div>\n\t\t\t\t<\/div>\n\t\t","protected":false},"excerpt":{"rendered":"<p>Vid\u00e9olaryngoscopes : Structure, utilisation et preuves Vid\u00e9olaryngoscope BF-DP Est un accessoire pour l&rsquo;intubation endotrach\u00e9ale. \u00c9quip\u00e9 d&rsquo;une poign\u00e9e MAC et MIL, il est &#8230; Voir le produit Ces derni\u00e8res ann\u00e9es, les vid\u00e9o-laryngoscopes se sont impos\u00e9s comme des outils indispensables en anesth\u00e9sie et en m\u00e9decine d&rsquo;urgence. Ils permettent une meilleure visualisation des structures laryng\u00e9es, ce qui augmente [&hellip;]<\/p>\n","protected":false},"author":1,"featured_media":0,"parent":667,"menu_order":0,"comment_status":"closed","ping_status":"closed","template":"","meta":{"footnotes":""},"class_list":["post-669","page","type-page","status-publish","hentry"],"yoast_head":"<!-- This site is optimized with the Yoast SEO plugin v26.6 - https:\/\/yoast.com\/wordpress\/plugins\/seo\/ -->\n<title>Vid\u00e9olaryngoscopes : structure, utilisation &amp; preuves<\/title>\n<meta name=\"description\" content=\"Que sont les vid\u00e9o-laryngoscopes ? Quelle est leur utilit\u00e9 et quelles sont leurs caract\u00e9ristiques ? Nous vous \u00e9clairons et vous donnons un aper\u00e7u !\" \/>\n<meta name=\"robots\" content=\"index, follow, max-snippet:-1, max-image-preview:large, max-video-preview:-1\" \/>\n<link rel=\"canonical\" href=\"https:\/\/www.visionheart.eu\/fr\/insights\/videolaryngoscopes-structure-utilisation-et-preuves\/\" \/>\n<meta property=\"og:locale\" content=\"fr_FR\" \/>\n<meta property=\"og:type\" content=\"article\" \/>\n<meta property=\"og:title\" content=\"Vid\u00e9olaryngoscopes : structure, utilisation &amp; preuves\" \/>\n<meta property=\"og:description\" content=\"Que sont les vid\u00e9o-laryngoscopes ? Quelle est leur utilit\u00e9 et quelles sont leurs caract\u00e9ristiques ? Nous vous \u00e9clairons et vous donnons un aper\u00e7u !\" \/>\n<meta property=\"og:url\" content=\"https:\/\/www.visionheart.eu\/fr\/insights\/videolaryngoscopes-structure-utilisation-et-preuves\/\" \/>\n<meta property=\"og:site_name\" content=\"VisionHEART GmbH\" \/>\n<meta property=\"article:modified_time\" content=\"2025-06-04T10:14:16+00:00\" \/>\n<meta property=\"og:image\" content=\"https:\/\/www.visionheart.eu\/wp-content\/uploads\/2025\/05\/BD-DP-Freigestellt-farbe-korrigiert.png\" \/>\n<script type=\"application\/ld+json\" class=\"yoast-schema-graph\">{\"@context\":\"https:\/\/schema.org\",\"@graph\":[{\"@type\":\"WebPage\",\"@id\":\"https:\/\/www.visionheart.eu\/fr\/insights\/videolaryngoscopes-structure-utilisation-et-preuves\/\",\"url\":\"https:\/\/www.visionheart.eu\/fr\/insights\/videolaryngoscopes-structure-utilisation-et-preuves\/\",\"name\":\"Vid\u00e9olaryngoscopes : structure, utilisation & preuves\",\"isPartOf\":{\"@id\":\"https:\/\/www.visionheart.eu\/fr\/#website\"},\"primaryImageOfPage\":{\"@id\":\"https:\/\/www.visionheart.eu\/fr\/insights\/videolaryngoscopes-structure-utilisation-et-preuves\/#primaryimage\"},\"image\":{\"@id\":\"https:\/\/www.visionheart.eu\/fr\/insights\/videolaryngoscopes-structure-utilisation-et-preuves\/#primaryimage\"},\"thumbnailUrl\":\"https:\/\/www.visionheart.eu\/wp-content\/uploads\/2025\/05\/BD-DP-Freigestellt-farbe-korrigiert.png\",\"datePublished\":\"2025-05-22T11:57:30+00:00\",\"dateModified\":\"2025-06-04T10:14:16+00:00\",\"description\":\"Que sont les vid\u00e9o-laryngoscopes ? Quelle est leur utilit\u00e9 et quelles sont leurs caract\u00e9ristiques ? Nous vous \u00e9clairons et vous donnons un aper\u00e7u !\",\"breadcrumb\":{\"@id\":\"https:\/\/www.visionheart.eu\/fr\/insights\/videolaryngoscopes-structure-utilisation-et-preuves\/#breadcrumb\"},\"inLanguage\":\"fr-FR\",\"potentialAction\":[{\"@type\":\"ReadAction\",\"target\":[\"https:\/\/www.visionheart.eu\/fr\/insights\/videolaryngoscopes-structure-utilisation-et-preuves\/\"]}]},{\"@type\":\"ImageObject\",\"inLanguage\":\"fr-FR\",\"@id\":\"https:\/\/www.visionheart.eu\/fr\/insights\/videolaryngoscopes-structure-utilisation-et-preuves\/#primaryimage\",\"url\":\"https:\/\/www.visionheart.eu\/wp-content\/uploads\/2025\/05\/BD-DP-Freigestellt-farbe-korrigiert.png\",\"contentUrl\":\"https:\/\/www.visionheart.eu\/wp-content\/uploads\/2025\/05\/BD-DP-Freigestellt-farbe-korrigiert.png\"},{\"@type\":\"BreadcrumbList\",\"@id\":\"https:\/\/www.visionheart.eu\/fr\/insights\/videolaryngoscopes-structure-utilisation-et-preuves\/#breadcrumb\",\"itemListElement\":[{\"@type\":\"ListItem\",\"position\":1,\"name\":\"Startseite\",\"item\":\"https:\/\/www.visionheart.eu\/fr\/\"},{\"@type\":\"ListItem\",\"position\":2,\"name\":\"Insights\",\"item\":\"https:\/\/www.visionheart.eu\/fr\/insights\/\"},{\"@type\":\"ListItem\",\"position\":3,\"name\":\"Vid\u00e9olaryngoscopes : structure, utilisation et preuves\"}]},{\"@type\":\"WebSite\",\"@id\":\"https:\/\/www.visionheart.eu\/fr\/#website\",\"url\":\"https:\/\/www.visionheart.eu\/fr\/\",\"name\":\"VisionHEART GmbH\",\"description\":\"Ihr Ansprechpartner f\u00fcr Videolaryngoskope in Europa.\",\"publisher\":{\"@id\":\"https:\/\/www.visionheart.eu\/fr\/#organization\"},\"potentialAction\":[{\"@type\":\"SearchAction\",\"target\":{\"@type\":\"EntryPoint\",\"urlTemplate\":\"https:\/\/www.visionheart.eu\/fr\/?s={search_term_string}\"},\"query-input\":{\"@type\":\"PropertyValueSpecification\",\"valueRequired\":true,\"valueName\":\"search_term_string\"}}],\"inLanguage\":\"fr-FR\"},{\"@type\":\"Organization\",\"@id\":\"https:\/\/www.visionheart.eu\/fr\/#organization\",\"name\":\"VisionHEART GmbH\",\"alternateName\":\"VisionHEART GmbH\",\"url\":\"https:\/\/www.visionheart.eu\/fr\/\",\"logo\":{\"@type\":\"ImageObject\",\"inLanguage\":\"fr-FR\",\"@id\":\"https:\/\/www.visionheart.eu\/fr\/#\/schema\/logo\/image\/\",\"url\":\"https:\/\/www.visionheart.eu\/wp-content\/uploads\/2025\/05\/cropped-VisionHEART_Logo_Color_EV_435x135.png\",\"contentUrl\":\"https:\/\/www.visionheart.eu\/wp-content\/uploads\/2025\/05\/cropped-VisionHEART_Logo_Color_EV_435x135.png\",\"width\":450,\"height\":128,\"caption\":\"VisionHEART GmbH\"},\"image\":{\"@id\":\"https:\/\/www.visionheart.eu\/fr\/#\/schema\/logo\/image\/\"}}]}<\/script>\n<!-- \/ Yoast SEO plugin. -->","yoast_head_json":{"title":"Vid\u00e9olaryngoscopes : structure, utilisation & preuves","description":"Que sont les vid\u00e9o-laryngoscopes ? Quelle est leur utilit\u00e9 et quelles sont leurs caract\u00e9ristiques ? Nous vous \u00e9clairons et vous donnons un aper\u00e7u !","robots":{"index":"index","follow":"follow","max-snippet":"max-snippet:-1","max-image-preview":"max-image-preview:large","max-video-preview":"max-video-preview:-1"},"canonical":"https:\/\/www.visionheart.eu\/fr\/insights\/videolaryngoscopes-structure-utilisation-et-preuves\/","og_locale":"fr_FR","og_type":"article","og_title":"Vid\u00e9olaryngoscopes : structure, utilisation & preuves","og_description":"Que sont les vid\u00e9o-laryngoscopes ? Quelle est leur utilit\u00e9 et quelles sont leurs caract\u00e9ristiques ? Nous vous \u00e9clairons et vous donnons un aper\u00e7u !","og_url":"https:\/\/www.visionheart.eu\/fr\/insights\/videolaryngoscopes-structure-utilisation-et-preuves\/","og_site_name":"VisionHEART GmbH","article_modified_time":"2025-06-04T10:14:16+00:00","og_image":[{"url":"https:\/\/www.visionheart.eu\/wp-content\/uploads\/2025\/05\/BD-DP-Freigestellt-farbe-korrigiert.png","type":"","width":"","height":""}],"schema":{"@context":"https:\/\/schema.org","@graph":[{"@type":"WebPage","@id":"https:\/\/www.visionheart.eu\/fr\/insights\/videolaryngoscopes-structure-utilisation-et-preuves\/","url":"https:\/\/www.visionheart.eu\/fr\/insights\/videolaryngoscopes-structure-utilisation-et-preuves\/","name":"Vid\u00e9olaryngoscopes : structure, utilisation & preuves","isPartOf":{"@id":"https:\/\/www.visionheart.eu\/fr\/#website"},"primaryImageOfPage":{"@id":"https:\/\/www.visionheart.eu\/fr\/insights\/videolaryngoscopes-structure-utilisation-et-preuves\/#primaryimage"},"image":{"@id":"https:\/\/www.visionheart.eu\/fr\/insights\/videolaryngoscopes-structure-utilisation-et-preuves\/#primaryimage"},"thumbnailUrl":"https:\/\/www.visionheart.eu\/wp-content\/uploads\/2025\/05\/BD-DP-Freigestellt-farbe-korrigiert.png","datePublished":"2025-05-22T11:57:30+00:00","dateModified":"2025-06-04T10:14:16+00:00","description":"Que sont les vid\u00e9o-laryngoscopes ? Quelle est leur utilit\u00e9 et quelles sont leurs caract\u00e9ristiques ? Nous vous \u00e9clairons et vous donnons un aper\u00e7u !","breadcrumb":{"@id":"https:\/\/www.visionheart.eu\/fr\/insights\/videolaryngoscopes-structure-utilisation-et-preuves\/#breadcrumb"},"inLanguage":"fr-FR","potentialAction":[{"@type":"ReadAction","target":["https:\/\/www.visionheart.eu\/fr\/insights\/videolaryngoscopes-structure-utilisation-et-preuves\/"]}]},{"@type":"ImageObject","inLanguage":"fr-FR","@id":"https:\/\/www.visionheart.eu\/fr\/insights\/videolaryngoscopes-structure-utilisation-et-preuves\/#primaryimage","url":"https:\/\/www.visionheart.eu\/wp-content\/uploads\/2025\/05\/BD-DP-Freigestellt-farbe-korrigiert.png","contentUrl":"https:\/\/www.visionheart.eu\/wp-content\/uploads\/2025\/05\/BD-DP-Freigestellt-farbe-korrigiert.png"},{"@type":"BreadcrumbList","@id":"https:\/\/www.visionheart.eu\/fr\/insights\/videolaryngoscopes-structure-utilisation-et-preuves\/#breadcrumb","itemListElement":[{"@type":"ListItem","position":1,"name":"Startseite","item":"https:\/\/www.visionheart.eu\/fr\/"},{"@type":"ListItem","position":2,"name":"Insights","item":"https:\/\/www.visionheart.eu\/fr\/insights\/"},{"@type":"ListItem","position":3,"name":"Vid\u00e9olaryngoscopes : structure, utilisation et preuves"}]},{"@type":"WebSite","@id":"https:\/\/www.visionheart.eu\/fr\/#website","url":"https:\/\/www.visionheart.eu\/fr\/","name":"VisionHEART GmbH","description":"Ihr Ansprechpartner f\u00fcr Videolaryngoskope in Europa.","publisher":{"@id":"https:\/\/www.visionheart.eu\/fr\/#organization"},"potentialAction":[{"@type":"SearchAction","target":{"@type":"EntryPoint","urlTemplate":"https:\/\/www.visionheart.eu\/fr\/?s={search_term_string}"},"query-input":{"@type":"PropertyValueSpecification","valueRequired":true,"valueName":"search_term_string"}}],"inLanguage":"fr-FR"},{"@type":"Organization","@id":"https:\/\/www.visionheart.eu\/fr\/#organization","name":"VisionHEART GmbH","alternateName":"VisionHEART GmbH","url":"https:\/\/www.visionheart.eu\/fr\/","logo":{"@type":"ImageObject","inLanguage":"fr-FR","@id":"https:\/\/www.visionheart.eu\/fr\/#\/schema\/logo\/image\/","url":"https:\/\/www.visionheart.eu\/wp-content\/uploads\/2025\/05\/cropped-VisionHEART_Logo_Color_EV_435x135.png","contentUrl":"https:\/\/www.visionheart.eu\/wp-content\/uploads\/2025\/05\/cropped-VisionHEART_Logo_Color_EV_435x135.png","width":450,"height":128,"caption":"VisionHEART GmbH"},"image":{"@id":"https:\/\/www.visionheart.eu\/fr\/#\/schema\/logo\/image\/"}}]}},"_links":{"self":[{"href":"https:\/\/www.visionheart.eu\/fr\/wp-json\/wp\/v2\/pages\/669","targetHints":{"allow":["GET"]}}],"collection":[{"href":"https:\/\/www.visionheart.eu\/fr\/wp-json\/wp\/v2\/pages"}],"about":[{"href":"https:\/\/www.visionheart.eu\/fr\/wp-json\/wp\/v2\/types\/page"}],"author":[{"embeddable":true,"href":"https:\/\/www.visionheart.eu\/fr\/wp-json\/wp\/v2\/users\/1"}],"replies":[{"embeddable":true,"href":"https:\/\/www.visionheart.eu\/fr\/wp-json\/wp\/v2\/comments?post=669"}],"version-history":[{"count":10,"href":"https:\/\/www.visionheart.eu\/fr\/wp-json\/wp\/v2\/pages\/669\/revisions"}],"predecessor-version":[{"id":1433,"href":"https:\/\/www.visionheart.eu\/fr\/wp-json\/wp\/v2\/pages\/669\/revisions\/1433"}],"up":[{"embeddable":true,"href":"https:\/\/www.visionheart.eu\/fr\/wp-json\/wp\/v2\/pages\/667"}],"wp:attachment":[{"href":"https:\/\/www.visionheart.eu\/fr\/wp-json\/wp\/v2\/media?parent=669"}],"curies":[{"name":"wp","href":"https:\/\/api.w.org\/{rel}","templated":true}]}}