{"id":1200,"date":"2025-05-21T13:28:04","date_gmt":"2025-05-21T11:28:04","guid":{"rendered":"https:\/\/www.visionheart.eu\/pagina-iniziale\/"},"modified":"2025-12-12T13:58:47","modified_gmt":"2025-12-12T12:58:47","slug":"pagina-iniziale","status":"publish","type":"page","link":"https:\/\/www.visionheart.eu\/it\/","title":{"rendered":"Pagina iniziale"},"content":{"rendered":"\t\t<div data-elementor-type=\"wp-page\" data-elementor-id=\"1200\" class=\"elementor elementor-1200 elementor-70\" data-elementor-post-type=\"page\">\n\t\t\t\t<div class=\"elementor-element elementor-element-774bd2dd e-con-full e-flex e-con e-parent\" data-id=\"774bd2dd\" data-element_type=\"container\" data-settings=\"{&quot;background_background&quot;:&quot;classic&quot;}\">\n\t\t<div class=\"elementor-element elementor-element-5f5e9704 e-con-full e-flex e-con e-child\" data-id=\"5f5e9704\" data-element_type=\"container\">\n\t\t\t\t<div class=\"elementor-element elementor-element-51a9004a elementor-headline--style-rotate elementor-widget elementor-widget-animated-headline\" data-id=\"51a9004a\" data-element_type=\"widget\" data-settings=\"{&quot;rotating_text&quot;:&quot;Anestesia \\nMedicina d&#039;urgenza\\nConsulenza&quot;,&quot;headline_style&quot;:&quot;rotate&quot;,&quot;animation_type&quot;:&quot;slide&quot;,&quot;loop&quot;:&quot;yes&quot;,&quot;rotate_iteration_delay&quot;:2500}\" data-widget_type=\"animated-headline.default\">\n\t\t\t\t<div class=\"elementor-widget-container\">\n\t\t\t\t\t\t\t<h1 class=\"elementor-headline elementor-headline-animation-type-slide\">\n\t\t\t\t\t<span class=\"elementor-headline-plain-text elementor-headline-text-wrapper\">Siamo il tuo partner per<\/span>\n\t\t\t\t<span class=\"elementor-headline-dynamic-wrapper elementor-headline-text-wrapper\">\n\t\t\t\t\t<span class=\"elementor-headline-dynamic-text elementor-headline-text-active\">\n\t\t\t\tAnestesia&nbsp;\t\t\t<\/span>\n\t\t\t\t\t<span class=\"elementor-headline-dynamic-text\">\n\t\t\t\tMedicina&nbsp;d'urgenza\t\t\t<\/span>\n\t\t\t\t\t<span class=\"elementor-headline-dynamic-text\">\n\t\t\t\tConsulenza\t\t\t<\/span>\n\t\t\t\t\t\t<\/span>\n\t\t\t\t\t<span class=\"elementor-headline-plain-text elementor-headline-text-wrapper\">e altro ancora.<\/span>\n\t\t\t\t\t<\/h1>\n\t\t\t\t\t\t<\/div>\n\t\t\t\t<\/div>\n\t\t\t\t<div class=\"elementor-element elementor-element-52ed10b2 elementor-widget elementor-widget-text-editor\" data-id=\"52ed10b2\" data-element_type=\"widget\" data-widget_type=\"text-editor.default\">\n\t\t\t\t<div class=\"elementor-widget-container\">\n\t\t\t\t\t\t\t\t\t<p><span style=\"font-weight: 400;\">Scopri la nostra innovativa gamma di prodotti nel campo della medicina d \u201cemergenza e dell\u201d anestesia e scopri come il nostro video laringoscopio ottimizza l \u201cassistenza ai pazienti. Scopri le ultime tecnologie e soluzioni che offriamo per migliorare l\u201d efficienza e la sicurezza.   <\/span><\/p>\t\t\t\t\t\t\t\t<\/div>\n\t\t\t\t<\/div>\n\t\t<div class=\"elementor-element elementor-element-41b2113 e-flex e-con-boxed e-con e-child\" data-id=\"41b2113\" data-element_type=\"container\">\n\t\t\t\t\t<div class=\"e-con-inner\">\n\t\t\t\t<div class=\"elementor-element elementor-element-818c4f0 elementor-widget__width-auto elementor-align-right elementor-widget elementor-widget-button\" data-id=\"818c4f0\" data-element_type=\"widget\" data-widget_type=\"button.default\">\n\t\t\t\t<div class=\"elementor-widget-container\">\n\t\t\t\t\t\t\t\t\t<div class=\"elementor-button-wrapper\">\n\t\t\t\t\t<a class=\"elementor-button elementor-button-link elementor-size-sm\" href=\"https:\/\/www.visionheart.eu\/it\/prodotti\/\">\n\t\t\t\t\t\t<span class=\"elementor-button-content-wrapper\">\n\t\t\t\t\t\t\t\t\t<span class=\"elementor-button-text\">Per saperne di pi\u00f9<\/span>\n\t\t\t\t\t<\/span>\n\t\t\t\t\t<\/a>\n\t\t\t\t<\/div>\n\t\t\t\t\t\t\t\t<\/div>\n\t\t\t\t<\/div>\n\t\t\t\t<div class=\"elementor-element elementor-element-30541581 elementor-widget__width-auto elementor-align-right elementor-widget elementor-widget-button\" data-id=\"30541581\" data-element_type=\"widget\" data-widget_type=\"button.default\">\n\t\t\t\t<div class=\"elementor-widget-container\">\n\t\t\t\t\t\t\t\t\t<div class=\"elementor-button-wrapper\">\n\t\t\t\t\t<a class=\"elementor-button elementor-button-link elementor-size-sm\" href=\"https:\/\/www.visionheart.eu\/it\/contattaci\/\">\n\t\t\t\t\t\t<span class=\"elementor-button-content-wrapper\">\n\t\t\t\t\t\t\t\t\t<span class=\"elementor-button-text\">Contattaci ora<\/span>\n\t\t\t\t\t<\/span>\n\t\t\t\t\t<\/a>\n\t\t\t\t<\/div>\n\t\t\t\t\t\t\t\t<\/div>\n\t\t\t\t<\/div>\n\t\t\t\t\t<\/div>\n\t\t\t\t<\/div>\n\t\t\t\t<\/div>\n\t\t\t\t<\/div>\n\t\t<div class=\"elementor-element elementor-element-8e6fc35 e-flex e-con-boxed e-con e-parent\" data-id=\"8e6fc35\" data-element_type=\"container\">\n\t\t\t\t\t<div class=\"e-con-inner\">\n\t\t<div class=\"elementor-element elementor-element-a692e40 e-con-full e-flex e-con e-child\" data-id=\"a692e40\" data-element_type=\"container\">\n\t\t\t\t<div class=\"elementor-element elementor-element-eb3f81b elementor-widget elementor-widget-eael-fancy-text\" data-id=\"eb3f81b\" data-element_type=\"widget\" data-widget_type=\"eael-fancy-text.default\">\n\t\t\t\t<div class=\"elementor-widget-container\">\n\t\t\t\t\t\n\t<div  class=\"eael-fancy-text-container style-1\" data-fancy-text-id=\"eb3f81b\" data-fancy-text=\"|consulenza personalizzata.|Integrit\u00e0.|Qualit\u00e0.|Affidabilit\u00e0.|Orientamento al cliente.\" data-fancy-text-transition-type=\"typing\" data-fancy-text-speed=\"50\" data-fancy-text-delay=\"2500\" data-fancy-text-cursor=\"yes\" data-fancy-text-loop=\"yes\" data-fancy-text-action=\"page_load\" >\n\t\t\t\t\t<span class=\"eael-fancy-text-prefix\">Siamo a favore di <\/span>\n\t\t\n\t\t\n\t\t\t\t\t<span id=\"eael-fancy-text-eb3f81b\" class=\"eael-fancy-text-strings solid-color\">\n\t\t\t\t<noscript>\n\t\t\t\t\tconsulenza personalizzata., Integrit\u00e0., Qualit\u00e0., Affidabilit\u00e0., Orientamento al cliente.\t\t\t\t<\/noscript>\n\t\t\t<\/span>\n\t\t\n\t\t\t<\/div><!-- close .eael-fancy-text-container -->\n\n\t<div class=\"clearfix\"><\/div>\n\n\t\t\t\t\t<\/div>\n\t\t\t\t<\/div>\n\t\t\t\t<\/div>\n\t\t\t\t\t<\/div>\n\t\t\t\t<\/div>\n\t\t<div class=\"elementor-element elementor-element-eb726e4 e-flex e-con-boxed e-con e-parent\" data-id=\"eb726e4\" data-element_type=\"container\">\n\t\t\t\t\t<div class=\"e-con-inner\">\n\t\t\t\t<div class=\"elementor-element elementor-element-e4746cc elementor-headline--style-highlight elementor-widget elementor-widget-animated-headline\" data-id=\"e4746cc\" data-element_type=\"widget\" data-settings=\"{&quot;highlighted_text&quot;:&quot;Events:&quot;,&quot;headline_style&quot;:&quot;highlight&quot;,&quot;marker&quot;:&quot;circle&quot;,&quot;loop&quot;:&quot;yes&quot;,&quot;highlight_animation_duration&quot;:1200,&quot;highlight_iteration_delay&quot;:8000}\" data-widget_type=\"animated-headline.default\">\n\t\t\t\t<div class=\"elementor-widget-container\">\n\t\t\t\t\t\t\t<h3 class=\"elementor-headline\">\n\t\t\t\t\t<span class=\"elementor-headline-plain-text elementor-headline-text-wrapper\">Next<\/span>\n\t\t\t\t<span class=\"elementor-headline-dynamic-wrapper elementor-headline-text-wrapper\">\n\t\t\t\t\t<span class=\"elementor-headline-dynamic-text elementor-headline-text-active\">Events:<\/span>\n\t\t\t\t<\/span>\n\t\t\t\t<\/h3>\n\t\t\t\t\t\t<\/div>\n\t\t\t\t<\/div>\n\t\t\t\t\t<\/div>\n\t\t\t\t<\/div>\n\t\t<div class=\"elementor-element elementor-element-fcd179c e-flex e-con-boxed e-con e-parent\" data-id=\"fcd179c\" data-element_type=\"container\">\n\t\t\t\t\t<div class=\"e-con-inner\">\n\t\t<div class=\"elementor-element elementor-element-421e370 e-con-full e-flex e-con e-child\" data-id=\"421e370\" data-element_type=\"container\">\n\t\t\t\t<div class=\"elementor-element elementor-element-eaa299c elementor-widget__width-initial elementor-widget elementor-widget-image\" data-id=\"eaa299c\" data-element_type=\"widget\" data-widget_type=\"image.default\">\n\t\t\t\t<div class=\"elementor-widget-container\">\n\t\t\t\t\t\t\t\t\t\t\t\t<figure class=\"wp-caption\">\n\t\t\t\t\t\t\t\t\t\t\t<a href=\"https:\/\/www.worldhealthexpo.com\/events\/healthcare\/dubai\/en\/homepage-dubai2026.html\" target=\"_blank\" rel=\"nofollow\">\n\t\t\t\t\t\t\t<img fetchpriority=\"high\" decoding=\"async\" width=\"588\" height=\"140\" src=\"https:\/\/www.visionheart.eu\/wp-content\/uploads\/2025\/11\/whx-dubai-neon-logo-rgb.png\" class=\"attachment-1536x1536 size-1536x1536 wp-image-2002\" alt=\"Logo WHX Dubai\" srcset=\"https:\/\/www.visionheart.eu\/wp-content\/uploads\/2025\/11\/whx-dubai-neon-logo-rgb.png 588w, https:\/\/www.visionheart.eu\/wp-content\/uploads\/2025\/11\/whx-dubai-neon-logo-rgb-300x71.png 300w\" sizes=\"(max-width: 588px) 100vw, 588px\" \/>\t\t\t\t\t\t\t\t<\/a>\n\t\t\t\t\t\t\t\t\t\t\t<figcaption class=\"widget-image-caption wp-caption-text\">Datum: 09.02.2026 - 12.02.2026                Halle tba \/\/ Stand tba<\/figcaption>\n\t\t\t\t\t\t\t\t\t\t<\/figure>\n\t\t\t\t\t\t\t\t\t<\/div>\n\t\t\t\t<\/div>\n\t\t\t\t<\/div>\n\t\t<div class=\"elementor-element elementor-element-02c2f37 e-con-full e-flex e-con e-child\" data-id=\"02c2f37\" data-element_type=\"container\">\n\t\t\t\t<div class=\"elementor-element elementor-element-267ed1b elementor-widget__width-initial elementor-widget elementor-widget-image\" data-id=\"267ed1b\" data-element_type=\"widget\" data-widget_type=\"image.default\">\n\t\t\t\t<div class=\"elementor-widget-container\">\n\t\t\t\t\t\t\t\t\t\t\t\t<figure class=\"wp-caption\">\n\t\t\t\t\t\t\t\t\t\t\t<a href=\"https:\/\/intensivmed.de\/\" target=\"_blank\" rel=\"nofollow\">\n\t\t\t\t\t\t\t<img decoding=\"async\" src=\"https:\/\/www.visionheart.eu\/wp-content\/uploads\/2025\/11\/Intensivmed_Logo.svg\" title=\"Intensivmed_Logo\" alt=\"Logo Symposium Intensivmedizin\" loading=\"lazy\" \/>\t\t\t\t\t\t\t\t<\/a>\n\t\t\t\t\t\t\t\t\t\t\t<figcaption class=\"widget-image-caption wp-caption-text\">Datum: 11.02.2026 - 13.02.2026                Halle 4 \/\/ Stand 4P19<\/figcaption>\n\t\t\t\t\t\t\t\t\t\t<\/figure>\n\t\t\t\t\t\t\t\t\t<\/div>\n\t\t\t\t<\/div>\n\t\t\t\t<\/div>\n\t\t<div class=\"elementor-element elementor-element-34cea0e e-con-full e-flex e-con e-child\" data-id=\"34cea0e\" data-element_type=\"container\">\n\t\t\t\t<div class=\"elementor-element elementor-element-14fd702 elementor-widget__width-initial elementor-widget elementor-widget-image\" data-id=\"14fd702\" data-element_type=\"widget\" data-widget_type=\"image.default\">\n\t\t\t\t<div class=\"elementor-widget-container\">\n\t\t\t\t\t\t\t\t\t\t\t\t<figure class=\"wp-caption\">\n\t\t\t\t\t\t\t\t\t\t\t<a href=\"https:\/\/rettmobil.de\/\" target=\"_blank\" rel=\"nofollow\">\n\t\t\t\t\t\t\t<img decoding=\"async\" src=\"https:\/\/www.visionheart.eu\/wp-content\/uploads\/2025\/11\/rettmobil_international.svg\" title=\"rettmobil_international\" alt=\"rettmobil_international\" loading=\"lazy\" \/>\t\t\t\t\t\t\t\t<\/a>\n\t\t\t\t\t\t\t\t\t\t\t<figcaption class=\"widget-image-caption wp-caption-text\">Datum: 06.05.2026 - 08.05.2026                Halle D \/\/ Stand 1001A<\/figcaption>\n\t\t\t\t\t\t\t\t\t\t<\/figure>\n\t\t\t\t\t\t\t\t\t<\/div>\n\t\t\t\t<\/div>\n\t\t\t\t<\/div>\n\t\t<div class=\"elementor-element elementor-element-0d2adc7 e-con-full e-flex e-con e-child\" data-id=\"0d2adc7\" data-element_type=\"container\">\n\t\t\t\t<div class=\"elementor-element elementor-element-3f7e921 elementor-widget__width-initial elementor-widget elementor-widget-image\" data-id=\"3f7e921\" data-element_type=\"widget\" data-widget_type=\"image.default\">\n\t\t\t\t<div class=\"elementor-widget-container\">\n\t\t\t\t\t\t\t\t\t\t\t\t<figure class=\"wp-caption\">\n\t\t\t\t\t\t\t\t\t\t\t<a href=\"https:\/\/euroanaesthesia.org\/2026\/\" target=\"_blank\" rel=\"nofollow\">\n\t\t\t\t\t\t\t<img decoding=\"async\" src=\"https:\/\/www.visionheart.eu\/wp-content\/uploads\/elementor\/thumbs\/EA26-logo-website-1-rfbiekdzzi35mm0kum3ma5k562sx4n4i00w4g75bio.png\" title=\"EA26-logo-website\" alt=\"EA26-logo-website\" loading=\"lazy\" \/>\t\t\t\t\t\t\t\t<\/a>\n\t\t\t\t\t\t\t\t\t\t\t<figcaption class=\"widget-image-caption wp-caption-text\">Datum: 06.06.2026 - 08.06.2026                Stand 5.102<\/figcaption>\n\t\t\t\t\t\t\t\t\t\t<\/figure>\n\t\t\t\t\t\t\t\t\t<\/div>\n\t\t\t\t<\/div>\n\t\t\t\t<\/div>\n\t\t\t\t\t<\/div>\n\t\t\t\t<\/div>\n\t\t<div class=\"elementor-element elementor-element-c368021 e-con-full e-flex e-con e-parent\" data-id=\"c368021\" data-element_type=\"container\">\n\t\t\t\t<div class=\"elementor-element elementor-element-33a83cc elementor--h-position-center elementor--v-position-middle elementor-arrows-position-inside elementor-widget elementor-widget-slides\" data-id=\"33a83cc\" data-element_type=\"widget\" data-settings=\"{&quot;navigation&quot;:&quot;arrows&quot;,&quot;transition&quot;:&quot;fade&quot;,&quot;autoplay&quot;:&quot;yes&quot;,&quot;pause_on_hover&quot;:&quot;yes&quot;,&quot;pause_on_interaction&quot;:&quot;yes&quot;,&quot;autoplay_speed&quot;:5000,&quot;infinite&quot;:&quot;yes&quot;,&quot;transition_speed&quot;:500}\" data-widget_type=\"slides.default\">\n\t\t\t\t<div class=\"elementor-widget-container\">\n\t\t\t\t\t\t\t\t\t<div class=\"elementor-swiper\">\n\t\t\t\t\t<div class=\"elementor-slides-wrapper elementor-main-swiper swiper\" role=\"region\" aria-roledescription=\"carousel\" aria-label=\"Unser Angebot\" dir=\"ltr\" data-animation=\"fadeInUp\">\n\t\t\t\t<div class=\"swiper-wrapper elementor-slides\">\n\t\t\t\t\t\t\t\t\t\t<div class=\"elementor-repeater-item-15226ff swiper-slide\" role=\"group\" aria-roledescription=\"slide\"><div class=\"swiper-slide-bg elementor-ken-burns elementor-ken-burns--in\" role=\"img\" aria-label=\"RTW guida con luci blu da sinistra a destra\"><\/div><div class=\"elementor-background-overlay\"><\/div><div class=\"swiper-slide-inner\" ><div class=\"swiper-slide-contents\"><div class=\"elementor-slide-heading\">Dagli utenti per gli utenti.<\/div><div class=\"elementor-slide-description\"><p>Rappresentiamo prodotti che sono stati sviluppati insieme agli utenti. Per questo motivo forniamo sempre prodotti che si adattano alle esigenze dei clienti finali e degli utenti. <\/p>\n<\/div><a href=\"https:\/\/www.visionheart.eu\/it\/prodotti\/\" class=\"elementor-button elementor-slide-button elementor-size-xs\">Prodotti<\/a><\/div><\/div><\/div><div class=\"elementor-repeater-item-d981c06 swiper-slide\" role=\"group\" aria-roledescription=\"slide\"><div class=\"swiper-slide-bg\" role=\"img\" aria-label=\"Lieferanten-Hero-Scheren-und-Pinzette\"><\/div><div class=\"swiper-slide-inner\" ><div class=\"swiper-slide-contents\"><div class=\"elementor-slide-heading\">Fornitori e produttori<\/div><div class=\"elementor-slide-description\"><p>Sei un fornitore o un produttore e vuoi affermare il tuo marchio o i tuoi prodotti nei paesi di lingua tedesca o in Europa?<br \/>\nContattaci: ti forniremo un supporto mirato nella fase di go-to-market.<\/p>\n<\/div><a href=\"https:\/\/www.visionheart.eu\/it\/contattaci\/\" class=\"elementor-button elementor-slide-button elementor-size-xs\">Contattaci<\/a><\/div><\/div><\/div><div class=\"elementor-repeater-item-fc44cfb swiper-slide\" role=\"group\" aria-roledescription=\"slide\"><div class=\"swiper-slide-bg elementor-ken-burns elementor-ken-burns--in\" role=\"img\" aria-label=\"consulting people\"><\/div><div class=\"elementor-background-overlay\"><\/div><div class=\"swiper-slide-inner\" ><div class=\"swiper-slide-contents\"><div class=\"elementor-slide-heading\">Consulenza medica<\/div><div class=\"elementor-slide-description\"><p>Ottimizzazione dei processi. Digitalizzazione.<br \/>\nGestione della qualit\u00e0. Ti supportiamo in modo olistico e indipendente nella digitalizzazione dei flussi di lavoro e dei processi. <\/p>\n<\/div><a href=\"https:\/\/www.visionheart.eu\/it\/contattaci\/\" class=\"elementor-button elementor-slide-button elementor-size-xs\">Contattaci<\/a><\/div><\/div><\/div>\t\t\t\t<\/div>\n\t\t\t\t\t\t\t\t\t\t\t\t\t\t\t<div class=\"elementor-swiper-button elementor-swiper-button-prev\" role=\"button\" tabindex=\"0\" aria-label=\"Diapositiva precedente\">\n\t\t\t\t\t\t\t<svg aria-hidden=\"true\" class=\"e-font-icon-svg e-eicon-chevron-left\" viewBox=\"0 0 1000 1000\" xmlns=\"http:\/\/www.w3.org\/2000\/svg\"><path d=\"M646 125C629 125 613 133 604 142L308 442C296 454 292 471 292 487 292 504 296 521 308 533L604 854C617 867 629 875 646 875 663 875 679 871 692 858 704 846 713 829 713 812 713 796 708 779 692 767L438 487 692 225C700 217 708 204 708 187 708 171 704 154 692 142 675 129 663 125 646 125Z\"><\/path><\/svg>\t\t\t\t\t\t<\/div>\n\t\t\t\t\t\t<div class=\"elementor-swiper-button elementor-swiper-button-next\" role=\"button\" tabindex=\"0\" aria-label=\"Prossima diapositiva\">\n\t\t\t\t\t\t\t<svg aria-hidden=\"true\" class=\"e-font-icon-svg e-eicon-chevron-right\" viewBox=\"0 0 1000 1000\" xmlns=\"http:\/\/www.w3.org\/2000\/svg\"><path d=\"M696 533C708 521 713 504 713 487 713 471 708 454 696 446L400 146C388 133 375 125 354 125 338 125 325 129 313 142 300 154 292 171 292 187 292 204 296 221 308 233L563 492 304 771C292 783 288 800 288 817 288 833 296 850 308 863 321 871 338 875 354 875 371 875 388 867 400 854L696 533Z\"><\/path><\/svg>\t\t\t\t\t\t<\/div>\n\t\t\t\t\t\t\t\t\t\t\t\t\t\t\t\t\t<\/div>\n\t\t\t\t<\/div>\n\t\t\t\t\t\t\t\t<\/div>\n\t\t\t\t<\/div>\n\t\t\t\t<\/div>\n\t\t\t\t<\/div>\n\t\t","protected":false},"excerpt":{"rendered":"<p>Siamo il tuo partner per Anestesia&nbsp; Medicina&nbsp;d&#8217;urgenza Consulenza e altro ancora. Scopri la nostra innovativa gamma di prodotti nel campo della medicina d \u201cemergenza e dell\u201d anestesia e scopri come il nostro video laringoscopio ottimizza l \u201cassistenza ai pazienti. Scopri le ultime tecnologie e soluzioni che offriamo per migliorare l\u201d efficienza e la sicurezza. Per [&hellip;]<\/p>\n","protected":false},"author":1,"featured_media":0,"parent":0,"menu_order":0,"comment_status":"closed","ping_status":"closed","template":"elementor_header_footer","meta":{"footnotes":""},"class_list":["post-1200","page","type-page","status-publish","hentry"],"yoast_head":"<!-- This site is optimized with the Yoast SEO plugin v26.6 - https:\/\/yoast.com\/wordpress\/plugins\/seo\/ -->\n<title>Il tuo partner per la medicina d \u201cemergenza e l\u201d anestesia.<\/title>\n<meta name=\"description\" content=\"VisionHEART GmbH, con sede a Burgthann vicino a Norimberga, \u00e8 il tuo partner per la medicina d \u201cemergenza e l\u201d anestesia in Europa.\" \/>\n<meta name=\"robots\" content=\"index, follow, max-snippet:-1, max-image-preview:large, max-video-preview:-1\" \/>\n<link rel=\"canonical\" href=\"https:\/\/www.visionheart.eu\/it\/\" \/>\n<meta property=\"og:locale\" content=\"it_IT\" \/>\n<meta property=\"og:type\" content=\"article\" \/>\n<meta property=\"og:title\" content=\"Il tuo partner per la medicina d \u201cemergenza e l\u201d anestesia.\" \/>\n<meta property=\"og:description\" content=\"VisionHEART GmbH, con sede a Burgthann vicino a Norimberga, \u00e8 il tuo partner per la medicina d \u201cemergenza e l\u201d anestesia in Europa.\" \/>\n<meta property=\"og:url\" content=\"https:\/\/www.visionheart.eu\/it\/\" \/>\n<meta property=\"og:site_name\" content=\"VisionHEART GmbH\" \/>\n<meta property=\"article:modified_time\" content=\"2025-12-12T12:58:47+00:00\" \/>\n<meta property=\"og:image\" content=\"https:\/\/www.visionheart.eu\/wp-content\/uploads\/2025\/11\/whx-dubai-neon-logo-rgb.png\" \/>\n\t<meta property=\"og:image:width\" content=\"588\" \/>\n\t<meta property=\"og:image:height\" content=\"140\" \/>\n\t<meta property=\"og:image:type\" content=\"image\/png\" \/>\n<script type=\"application\/ld+json\" class=\"yoast-schema-graph\">{\"@context\":\"https:\/\/schema.org\",\"@graph\":[{\"@type\":\"WebPage\",\"@id\":\"https:\/\/www.visionheart.eu\/it\/\",\"url\":\"https:\/\/www.visionheart.eu\/it\/\",\"name\":\"Il tuo partner per la medicina d \u201cemergenza e l\u201d anestesia.\",\"isPartOf\":{\"@id\":\"https:\/\/www.visionheart.eu\/it\/#website\"},\"primaryImageOfPage\":{\"@id\":\"https:\/\/www.visionheart.eu\/it\/#primaryimage\"},\"image\":{\"@id\":\"https:\/\/www.visionheart.eu\/it\/#primaryimage\"},\"thumbnailUrl\":\"https:\/\/www.visionheart.eu\/wp-content\/uploads\/2025\/11\/whx-dubai-neon-logo-rgb.png\",\"datePublished\":\"2025-05-21T11:28:04+00:00\",\"dateModified\":\"2025-12-12T12:58:47+00:00\",\"description\":\"VisionHEART GmbH, con sede a Burgthann vicino a Norimberga, \u00e8 il tuo partner per la medicina d \u201cemergenza e l\u201d anestesia in Europa.\",\"breadcrumb\":{\"@id\":\"https:\/\/www.visionheart.eu\/it\/#breadcrumb\"},\"inLanguage\":\"it-IT\",\"potentialAction\":[{\"@type\":\"ReadAction\",\"target\":[\"https:\/\/www.visionheart.eu\/it\/\"]}]},{\"@type\":\"ImageObject\",\"inLanguage\":\"it-IT\",\"@id\":\"https:\/\/www.visionheart.eu\/it\/#primaryimage\",\"url\":\"https:\/\/www.visionheart.eu\/wp-content\/uploads\/2025\/11\/whx-dubai-neon-logo-rgb.png\",\"contentUrl\":\"https:\/\/www.visionheart.eu\/wp-content\/uploads\/2025\/11\/whx-dubai-neon-logo-rgb.png\"},{\"@type\":\"BreadcrumbList\",\"@id\":\"https:\/\/www.visionheart.eu\/it\/#breadcrumb\",\"itemListElement\":[{\"@type\":\"ListItem\",\"position\":1,\"name\":\"Startseite\",\"item\":\"https:\/\/www.visionheart.eu\/it\/\"},{\"@type\":\"ListItem\",\"position\":2,\"name\":\"Pagina iniziale\"}]},{\"@type\":\"WebSite\",\"@id\":\"https:\/\/www.visionheart.eu\/it\/#website\",\"url\":\"https:\/\/www.visionheart.eu\/it\/\",\"name\":\"VisionHEART GmbH\",\"description\":\"Ihr Ansprechpartner f\u00fcr Videolaryngoskope in Europa.\",\"publisher\":{\"@id\":\"https:\/\/www.visionheart.eu\/it\/#organization\"},\"potentialAction\":[{\"@type\":\"SearchAction\",\"target\":{\"@type\":\"EntryPoint\",\"urlTemplate\":\"https:\/\/www.visionheart.eu\/it\/?s={search_term_string}\"},\"query-input\":{\"@type\":\"PropertyValueSpecification\",\"valueRequired\":true,\"valueName\":\"search_term_string\"}}],\"inLanguage\":\"it-IT\"},{\"@type\":\"Organization\",\"@id\":\"https:\/\/www.visionheart.eu\/it\/#organization\",\"name\":\"VisionHEART GmbH\",\"alternateName\":\"VisionHEART GmbH\",\"url\":\"https:\/\/www.visionheart.eu\/it\/\",\"logo\":{\"@type\":\"ImageObject\",\"inLanguage\":\"it-IT\",\"@id\":\"https:\/\/www.visionheart.eu\/it\/#\/schema\/logo\/image\/\",\"url\":\"https:\/\/www.visionheart.eu\/wp-content\/uploads\/2025\/05\/cropped-VisionHEART_Logo_Color_EV_435x135.png\",\"contentUrl\":\"https:\/\/www.visionheart.eu\/wp-content\/uploads\/2025\/05\/cropped-VisionHEART_Logo_Color_EV_435x135.png\",\"width\":450,\"height\":128,\"caption\":\"VisionHEART GmbH\"},\"image\":{\"@id\":\"https:\/\/www.visionheart.eu\/it\/#\/schema\/logo\/image\/\"}}]}<\/script>\n<!-- \/ Yoast SEO plugin. -->","yoast_head_json":{"title":"Il tuo partner per la medicina d \u201cemergenza e l\u201d anestesia.","description":"VisionHEART GmbH, con sede a Burgthann vicino a Norimberga, \u00e8 il tuo partner per la medicina d \u201cemergenza e l\u201d anestesia in Europa.","robots":{"index":"index","follow":"follow","max-snippet":"max-snippet:-1","max-image-preview":"max-image-preview:large","max-video-preview":"max-video-preview:-1"},"canonical":"https:\/\/www.visionheart.eu\/it\/","og_locale":"it_IT","og_type":"article","og_title":"Il tuo partner per la medicina d \u201cemergenza e l\u201d anestesia.","og_description":"VisionHEART GmbH, con sede a Burgthann vicino a Norimberga, \u00e8 il tuo partner per la medicina d \u201cemergenza e l\u201d anestesia in Europa.","og_url":"https:\/\/www.visionheart.eu\/it\/","og_site_name":"VisionHEART GmbH","article_modified_time":"2025-12-12T12:58:47+00:00","og_image":[{"width":588,"height":140,"url":"https:\/\/www.visionheart.eu\/wp-content\/uploads\/2025\/11\/whx-dubai-neon-logo-rgb.png","type":"image\/png"}],"schema":{"@context":"https:\/\/schema.org","@graph":[{"@type":"WebPage","@id":"https:\/\/www.visionheart.eu\/it\/","url":"https:\/\/www.visionheart.eu\/it\/","name":"Il tuo partner per la medicina d \u201cemergenza e l\u201d anestesia.","isPartOf":{"@id":"https:\/\/www.visionheart.eu\/it\/#website"},"primaryImageOfPage":{"@id":"https:\/\/www.visionheart.eu\/it\/#primaryimage"},"image":{"@id":"https:\/\/www.visionheart.eu\/it\/#primaryimage"},"thumbnailUrl":"https:\/\/www.visionheart.eu\/wp-content\/uploads\/2025\/11\/whx-dubai-neon-logo-rgb.png","datePublished":"2025-05-21T11:28:04+00:00","dateModified":"2025-12-12T12:58:47+00:00","description":"VisionHEART GmbH, con sede a Burgthann vicino a Norimberga, \u00e8 il tuo partner per la medicina d \u201cemergenza e l\u201d anestesia in Europa.","breadcrumb":{"@id":"https:\/\/www.visionheart.eu\/it\/#breadcrumb"},"inLanguage":"it-IT","potentialAction":[{"@type":"ReadAction","target":["https:\/\/www.visionheart.eu\/it\/"]}]},{"@type":"ImageObject","inLanguage":"it-IT","@id":"https:\/\/www.visionheart.eu\/it\/#primaryimage","url":"https:\/\/www.visionheart.eu\/wp-content\/uploads\/2025\/11\/whx-dubai-neon-logo-rgb.png","contentUrl":"https:\/\/www.visionheart.eu\/wp-content\/uploads\/2025\/11\/whx-dubai-neon-logo-rgb.png"},{"@type":"BreadcrumbList","@id":"https:\/\/www.visionheart.eu\/it\/#breadcrumb","itemListElement":[{"@type":"ListItem","position":1,"name":"Startseite","item":"https:\/\/www.visionheart.eu\/it\/"},{"@type":"ListItem","position":2,"name":"Pagina iniziale"}]},{"@type":"WebSite","@id":"https:\/\/www.visionheart.eu\/it\/#website","url":"https:\/\/www.visionheart.eu\/it\/","name":"VisionHEART GmbH","description":"Ihr Ansprechpartner f\u00fcr Videolaryngoskope in Europa.","publisher":{"@id":"https:\/\/www.visionheart.eu\/it\/#organization"},"potentialAction":[{"@type":"SearchAction","target":{"@type":"EntryPoint","urlTemplate":"https:\/\/www.visionheart.eu\/it\/?s={search_term_string}"},"query-input":{"@type":"PropertyValueSpecification","valueRequired":true,"valueName":"search_term_string"}}],"inLanguage":"it-IT"},{"@type":"Organization","@id":"https:\/\/www.visionheart.eu\/it\/#organization","name":"VisionHEART GmbH","alternateName":"VisionHEART GmbH","url":"https:\/\/www.visionheart.eu\/it\/","logo":{"@type":"ImageObject","inLanguage":"it-IT","@id":"https:\/\/www.visionheart.eu\/it\/#\/schema\/logo\/image\/","url":"https:\/\/www.visionheart.eu\/wp-content\/uploads\/2025\/05\/cropped-VisionHEART_Logo_Color_EV_435x135.png","contentUrl":"https:\/\/www.visionheart.eu\/wp-content\/uploads\/2025\/05\/cropped-VisionHEART_Logo_Color_EV_435x135.png","width":450,"height":128,"caption":"VisionHEART GmbH"},"image":{"@id":"https:\/\/www.visionheart.eu\/it\/#\/schema\/logo\/image\/"}}]}},"_links":{"self":[{"href":"https:\/\/www.visionheart.eu\/it\/wp-json\/wp\/v2\/pages\/1200","targetHints":{"allow":["GET"]}}],"collection":[{"href":"https:\/\/www.visionheart.eu\/it\/wp-json\/wp\/v2\/pages"}],"about":[{"href":"https:\/\/www.visionheart.eu\/it\/wp-json\/wp\/v2\/types\/page"}],"author":[{"embeddable":true,"href":"https:\/\/www.visionheart.eu\/it\/wp-json\/wp\/v2\/users\/1"}],"replies":[{"embeddable":true,"href":"https:\/\/www.visionheart.eu\/it\/wp-json\/wp\/v2\/comments?post=1200"}],"version-history":[{"count":7,"href":"https:\/\/www.visionheart.eu\/it\/wp-json\/wp\/v2\/pages\/1200\/revisions"}],"predecessor-version":[{"id":2344,"href":"https:\/\/www.visionheart.eu\/it\/wp-json\/wp\/v2\/pages\/1200\/revisions\/2344"}],"wp:attachment":[{"href":"https:\/\/www.visionheart.eu\/it\/wp-json\/wp\/v2\/media?parent=1200"}],"curies":[{"name":"wp","href":"https:\/\/api.w.org\/{rel}","templated":true}]}}