{"id":1277,"date":"2025-05-22T13:57:30","date_gmt":"2025-05-22T11:57:30","guid":{"rendered":"https:\/\/www.visionheart.eu\/approfondimenti\/videolaringoscopi-design-scopo-e-prove-di-efficacia\/"},"modified":"2025-06-04T12:14:16","modified_gmt":"2025-06-04T10:14:16","slug":"videolaringoscopi-design-scopo-e-prove-di-efficacia","status":"publish","type":"page","link":"https:\/\/www.visionheart.eu\/it\/approfondimenti\/videolaringoscopi-design-scopo-e-prove-di-efficacia\/","title":{"rendered":"Videolaringoscopi: design, scopo e prove di efficacia"},"content":{"rendered":"\t\t<div data-elementor-type=\"wp-page\" data-elementor-id=\"1277\" class=\"elementor elementor-1277 elementor-598\" data-elementor-post-type=\"page\">\n\t\t\t\t<div class=\"elementor-element elementor-element-74800837 e-flex e-con-boxed e-con e-parent\" data-id=\"74800837\" data-element_type=\"container\" data-settings=\"{&quot;background_background&quot;:&quot;classic&quot;}\">\n\t\t\t\t\t<div class=\"e-con-inner\">\n\t\t\t\t<div class=\"elementor-element elementor-element-8a2b289 elementor-headline--style-highlight elementor-widget elementor-widget-animated-headline\" data-id=\"8a2b289\" data-element_type=\"widget\" data-settings=\"{&quot;marker&quot;:&quot;underline&quot;,&quot;highlighted_text&quot;:&quot;Struttura, scopo e prove&quot;,&quot;headline_style&quot;:&quot;highlight&quot;,&quot;loop&quot;:&quot;yes&quot;,&quot;highlight_animation_duration&quot;:1200,&quot;highlight_iteration_delay&quot;:8000}\" data-widget_type=\"animated-headline.default\">\n\t\t\t\t<div class=\"elementor-widget-container\">\n\t\t\t\t\t\t\t<h1 class=\"elementor-headline\">\n\t\t\t\t\t<span class=\"elementor-headline-plain-text elementor-headline-text-wrapper\">Videolaringoscopi:  <\/span>\n\t\t\t\t<span class=\"elementor-headline-dynamic-wrapper elementor-headline-text-wrapper\">\n\t\t\t\t\t<span class=\"elementor-headline-dynamic-text elementor-headline-text-active\">Struttura, scopo e prove<\/span>\n\t\t\t\t<\/span>\n\t\t\t\t<\/h1>\n\t\t\t\t\t\t<\/div>\n\t\t\t\t<\/div>\n\t\t\t\t\t<\/div>\n\t\t\t\t<\/div>\n\t\t<div class=\"elementor-element elementor-element-b055d69 e-flex e-con-boxed e-con e-parent\" data-id=\"b055d69\" data-element_type=\"container\">\n\t\t\t\t\t<div class=\"e-con-inner\">\n\t\t<div class=\"elementor-element elementor-element-528bbda e-con-full e-flex e-con e-child\" data-id=\"528bbda\" data-element_type=\"container\">\n\t\t<div class=\"elementor-element elementor-element-b3e88dc e-con-full e-flex elementor-invisible e-con e-child\" data-id=\"b3e88dc\" data-element_type=\"container\" data-settings=\"{&quot;animation&quot;:&quot;fadeInLeft&quot;}\">\n\t\t\t\t<div class=\"elementor-element elementor-element-7053b36 elementor-widget elementor-widget-cta\" data-id=\"7053b36\" data-element_type=\"widget\" data-settings=\"{&quot;layout_preset&quot;:&quot;storytelling&quot;,&quot;content_alignment&quot;:&quot;center&quot;,&quot;content_alignment_tablet&quot;:&quot;center&quot;,&quot;content_alignment_mobile&quot;:&quot;center&quot;,&quot;image_shape&quot;:&quot;sharp&quot;,&quot;primary_button_shape&quot;:&quot;default&quot;,&quot;cta_width&quot;:&quot;default&quot;,&quot;cta_position&quot;:&quot;default&quot;,&quot;box_shape&quot;:&quot;sharp&quot;}\" data-widget_type=\"cta.default\">\n\t\t\t\t<div class=\"elementor-widget-container\">\n\t\t\t\t\t\t\t<div class=\"has-shape-sharp shape-type-box ehp-cta has-preset-storytelling\">\n\t\t\t<div class=\"ehp-cta__overlay\"><\/div>\n\t\t\t<div class=\"ehp-cta__elements-container\">\n\t\t\t\t\t\t\t<div class=\"ehp-image ehp-cta__image-container\">\n\t\t\t\t<img decoding=\"async\" class=\"ehp-image__img ehp-cta__img has-shape-sharp shape-type-image\" src=\"https:\/\/www.visionheart.eu\/wp-content\/uploads\/2025\/05\/BD-DP-Freigestellt-farbe-korrigiert.png\" title=\"Videolaryngoskop BF-DP\" alt=\"Videolaryngoskop BF-DP MAC\" loading=\"lazy\" \/>\t\t\t<\/div>\n\t\t\t\t\t<div class=\"ehp-cta__text-container\">\n\t\t\t<h2 class=\"ehp-cta__heading\">Video laringoscopio BF-DP<\/h2><p class=\"ehp-cta__description\">\u00c8 un ausilio per l'intubazione endotracheale. Dotato di impugnatura MAC e MIL, \u00e8 adatto per ... <\/p>\t\t<\/div>\n\t\t\t\t\t<div class=\"ehp-cta__ctas-container has-cta-width-default\">\n\t\t\t\t<div class=\"ehp-cta__buttons-wrapper\">\n\t\t\t\t\t\t\t<a class=\"has-shape-default shape-type-button ehp-button ehp-button--primary ehp-cta__button ehp-cta__button--primary is-type-button\" href=\"https:\/\/www.visionheart.eu\/it\/prodotti\/video-laringoscopio-bf-dp\/\">\n\t\t\t\t\t<span class=\"ehp-button__text ehp-cta__button-text ehp-cta__button-text--primary\">\n\t\t\tAl prodotto\t\t\t\t<\/a>\n\t\t\t\t\t\t\t\t\t\t\t<\/div>\n\t\t\t<\/div>\n\t\t\t\t\t<\/div>\n\t\t<\/div>\n\t\t\t\t\t\t<\/div>\n\t\t\t\t<\/div>\n\t\t\t\t<\/div>\n\t\t\t\t<\/div>\n\t\t<div class=\"elementor-element elementor-element-b9b5ccb e-con-full e-flex e-con e-child\" data-id=\"b9b5ccb\" data-element_type=\"container\">\n\t\t\t\t<div class=\"elementor-element elementor-element-6deec21 elementor-widget elementor-widget-text-editor\" data-id=\"6deec21\" data-element_type=\"widget\" data-widget_type=\"text-editor.default\">\n\t\t\t\t<div class=\"elementor-widget-container\">\n\t\t\t\t\t\t\t\t\t<p>Negli ultimi anni, i video laringoscopi si sono affermati come strumenti indispensabili in anestesia e medicina d \u201curgenza. Permettono una migliore visualizzazione delle strutture laringee, aumentando il tasso di successo dell\u201d intubazione endotracheale, soprattutto in condizioni di difficolt\u00e0 delle vie aeree [1]. <\/p><h2><b>Impostazione dei video laringoscopi<\/b><\/h2><p>Un video laringoscopio \u00e8 composto da diversi componenti essenziali:<\/p><ul><li>Spatola: viene inserita nella bocca per spingere la lingua da parte e consentire la visione della glottide. Esistono diversi tipi di spatole per diverse applicazioni: <ul><li>Spatola simile a quella di Macintosh (consente la visione diretta e indiretta)<\/li><li>Spatola iperangolata (adatta alle vie respiratorie difficili) [2].<\/li><li>Spatola Miller (adatta all&#8217;uso con i neonati; vedi anche qui: <a href=\"https:\/\/www.visionheart.eu\/produkte\/einweg-laryngoskopspatel\/\">Panoramica sulle spatole<\/a>)<\/li><\/ul><\/li><li>Telecamera: una telecamera in miniatura collegata alla punta della spatola trasmette l&#8217;immagine in tempo reale a un monitor [3].<\/li><li>Sorgente luminosa: una sorgente luminosa a LED garantisce un&#8217;illuminazione ottimale delle vie aeree [4].<\/li><li>Monitor: l&#8217;immagine registrata viene visualizzata su un monitor esterno o integrato, che consente di posizionare con precisione il tubo endotracheale [5].<\/li><\/ul><h2><b>Scopo dei video laringoscopi<\/b><\/h2><p>Lo scopo principale dei video laringoscopi \u00e8 l \u201cesecuzione sicura ed efficiente dell\u201d intubazione endotracheale. Le aree di applicazione pi\u00f9 importanti includono <\/p><ul><li>Intubazione regolare: i video laringoscopi sono sempre pi\u00f9 utilizzati come procedura standard, soprattutto in anestesia [6].<\/li><li>Vie aeree difficili: la linea guida S1 sulla gestione delle vie aeree raccomanda l&#8217;uso primario di video-laringoscopi in condizioni di intubazione difficile [7].<\/li><li>Medicina d \u201curgenza: una migliore visibilit\u00e0 delle vie aeree pu\u00f2 aumentare la percentuale di successo delle intubazioni d\u201d emergenza [8].<\/li><li>Formazione medica: Grazie alla visualizzazione in tempo reale su un monitor, i video laringoscopi sono ideali per la formazione di anestesisti e medici d&#8217;urgenza [9].<\/li><\/ul><h2><b>Prove scientifiche e linee guida attuali<\/b><\/h2><p>Secondo l&#8217;attuale linea guida S1 &#8220;Gestione delle vie aeree&#8221; della Societ\u00e0 tedesca di anestesiologia e medicina intensiva (DGAI) [7], un video laringoscopio dovrebbe essere disponibile in ogni posto di lavoro anestesiologico. Le raccomandazioni pi\u00f9 importanti sono <\/p><ul><li>I videolaringoscopi con una lama simile a quella di Macintosh sono adatti come strumento principale per l&#8217;intubazione [7].<\/li><li>Se si prevedono vie aeree difficili, \u00e8 necessario disporre di lame iperangolate [10].<\/li><li>Dopo una laringoscopia diretta non riuscita, si raccomanda l&#8217;uso di un video laringoscopio [7].<\/li><li>La videolaringoscopia \u00e8 il metodo preferito per assicurare le vie aeree, soprattutto nei pazienti a rischio di aspirazione [11].<\/li><\/ul><p> <\/p><p>L&#8217;introduzione dei video laringoscopi ha migliorato notevolmente la pratica clinica della gestione delle vie aeree. I loro benefici, soprattutto in situazioni difficili, sono ben documentati da studi scientifici e linee guida. Il loro uso di routine \u00e8 sempre pi\u00f9 considerato standard e una formazione adeguata \u00e8 essenziale per massimizzare il potenziale di questa tecnologia.  <\/p>\t\t\t\t\t\t\t\t<\/div>\n\t\t\t\t<\/div>\n\t\t\t\t<\/div>\n\t\t\t\t\t<\/div>\n\t\t\t\t<\/div>\n\t\t<div class=\"elementor-element elementor-element-7db4ff7f e-flex e-con-boxed elementor-invisible e-con e-parent\" data-id=\"7db4ff7f\" data-element_type=\"container\" data-settings=\"{&quot;background_background&quot;:&quot;classic&quot;,&quot;animation&quot;:&quot;fadeInUp&quot;}\">\n\t\t\t\t\t<div class=\"e-con-inner\">\n\t\t\t\t<div class=\"elementor-element elementor-element-63a71f2 elementor-widget elementor-widget-html\" data-id=\"63a71f2\" data-element_type=\"widget\" data-widget_type=\"html.default\">\n\t\t\t\t<div class=\"elementor-widget-container\">\n\t\t\t\t\t<!--googleoff: all--> \n<div id=\"literaturverzeichnis\">Bibliografia<br>\n[1] Aziz, M. F., Healy, D., Kheterpal, S., et al. (2011). \"Efficacia nella pratica clinica di routine del Glidescope nella gestione delle vie aeree difficili: un'analisi di 2.004 intubazioni con Glidescope, complicazioni e fallimenti da uno studio prospettico, multicentrico e osservazionale\". Anaesthesiology, 114(1), 34-41. <br>\n[2] Mosier, J. M., Sakles, J. C., Law, J. A., et al. (2020). \"L'intubazione tracheale nei malati critici: stato attuale e future direzioni\". The Lancet Respiratory Medicine, 8(8), 754-766. <br>\n[Cook, T. M., Kelly, F. E. (2017). \"Un'indagine nazionale sulla videolaringoscopia nel Regno Unito\". Anaesthesia, 72(8), 1017-1024.  <br>\n[4] Pieters, B. M., Maas, E., Knape, J. T. A., et al. (2017). \"Videolaringoscopia vs. laringoscopia diretta per l'intubazione tracheale negli adulti con obesit\u00e0: una revisione sistematica e una meta-analisi\". Anaesthesia, 72(6), 691-701. <br>\n[5] Myatra, S. N., Jain, R., Gandhi, K., et al. (2013). \u201cConfronto tra il videolaringoscopio C-MAC e il laringoscopio Macintosh per la gestione di routine delle vie aeree: uno studio clinico randomizzato\u201d. Anaesthesia, 68(9), 899-907. <br>\n[6] Apfelbaum, J. L., Hagberg, C. A., Caplan, R. A., et al. (2013). \u201cLinee guida pratiche per la gestione delle vie aeree difficili: un rapporto aggiornato della task force della Societ\u00e0 Americana di Anestesiologia sulla gestione delle vie aeree difficili\u201d. Anestesiologia, 118(2), 251-270. <br>\n[7] Societ\u00e0 tedesca di anestesiologia e medicina intensiva (DGAI). (2023). \"Linea guida S1 sulla gestione delle vie aeree\". Numero di registro AWMF: 001-028. Disponibile all'indirizzo: https:\/\/register.awmf.org\/assets\/guidelines\/001-028l_S1_Atemwegsmanagement_2023-09.pdf (consultato il 04 febbraio 2025).  <br>\n[8] Brown, C. A., Bair, A. E., Pallin, D. J., et al. (2010). \u201cTecniche, successo ed eventi avversi delle intubazioni di adulti nel dipartimento di emergenza\u201d. Annals of Emergency Medicine, 56(4), 260-270. <br>\n[9] Martin, L. D., Mhyre, J. M., Shanks, A. M., et al. (2011). \u201c3.423 intubazioni tracheali di emergenza in un ospedale universitario: esiti e complicazioni delle vie aeree\u201d. Anaesthesiology, 114(1), 42-48. <br>\n[10] Piepho, T., Werner, C., Noppens, R. (2015). \"Valutazione del videolaringoscopio C-MAC per l'intubazione nasotracheale\". Anaesthesia, 70(2), 134-138.  <br>\n[11] Frerk, C., Mitchell, V. S., McNarry, A. F., et al. (2015). \"Linee guida 2015 della Difficult Airway Society per la gestione dell'intubazione difficile imprevista negli adulti\". British Journal of Anaesthesia, 115(6), 827-848. <\/div>\n\t\t\t\t<\/div>\n\t\t\t\t<\/div>\n\t\t\t\t\t<\/div>\n\t\t\t\t<\/div>\n\t\t\t\t<\/div>\n\t\t","protected":false},"excerpt":{"rendered":"<p>Videolaringoscopi: Struttura, scopo e prove Video laringoscopio BF-DP \u00c8 un ausilio per l&#8217;intubazione endotracheale. Dotato di impugnatura MAC e MIL, \u00e8 adatto per &#8230; Al prodotto Negli ultimi anni, i video laringoscopi si sono affermati come strumenti indispensabili in anestesia e medicina d \u201curgenza. Permettono una migliore visualizzazione delle strutture laringee, aumentando il tasso di [&hellip;]<\/p>\n","protected":false},"author":1,"featured_media":0,"parent":1258,"menu_order":0,"comment_status":"closed","ping_status":"closed","template":"","meta":{"footnotes":""},"class_list":["post-1277","page","type-page","status-publish","hentry"],"yoast_head":"<!-- This site is optimized with the Yoast SEO plugin v26.6 - https:\/\/yoast.com\/wordpress\/plugins\/seo\/ -->\n<title>Videolaringoscopi: design, finalit\u00e0 ed evidenze<\/title>\n<meta name=\"description\" content=\"Cosa sono i video laringoscopi? A cosa servono e a cosa sono utili? Te lo spieghiamo e ti diamo una panoramica!\" \/>\n<meta name=\"robots\" content=\"index, follow, max-snippet:-1, max-image-preview:large, max-video-preview:-1\" \/>\n<link rel=\"canonical\" href=\"https:\/\/www.visionheart.eu\/it\/approfondimenti\/videolaringoscopi-design-scopo-e-prove-di-efficacia\/\" \/>\n<meta property=\"og:locale\" content=\"it_IT\" \/>\n<meta property=\"og:type\" content=\"article\" \/>\n<meta property=\"og:title\" content=\"Videolaringoscopi: design, finalit\u00e0 ed evidenze\" \/>\n<meta property=\"og:description\" content=\"Cosa sono i video laringoscopi? A cosa servono e a cosa sono utili? Te lo spieghiamo e ti diamo una panoramica!\" \/>\n<meta property=\"og:url\" content=\"https:\/\/www.visionheart.eu\/it\/approfondimenti\/videolaringoscopi-design-scopo-e-prove-di-efficacia\/\" \/>\n<meta property=\"og:site_name\" content=\"VisionHEART GmbH\" \/>\n<meta property=\"article:modified_time\" content=\"2025-06-04T10:14:16+00:00\" \/>\n<meta property=\"og:image\" content=\"https:\/\/www.visionheart.eu\/wp-content\/uploads\/2025\/05\/BD-DP-Freigestellt-farbe-korrigiert.png\" \/>\n<script type=\"application\/ld+json\" class=\"yoast-schema-graph\">{\"@context\":\"https:\/\/schema.org\",\"@graph\":[{\"@type\":\"WebPage\",\"@id\":\"https:\/\/www.visionheart.eu\/it\/approfondimenti\/videolaringoscopi-design-scopo-e-prove-di-efficacia\/\",\"url\":\"https:\/\/www.visionheart.eu\/it\/approfondimenti\/videolaringoscopi-design-scopo-e-prove-di-efficacia\/\",\"name\":\"Videolaringoscopi: design, finalit\u00e0 ed evidenze\",\"isPartOf\":{\"@id\":\"https:\/\/www.visionheart.eu\/it\/#website\"},\"primaryImageOfPage\":{\"@id\":\"https:\/\/www.visionheart.eu\/it\/approfondimenti\/videolaringoscopi-design-scopo-e-prove-di-efficacia\/#primaryimage\"},\"image\":{\"@id\":\"https:\/\/www.visionheart.eu\/it\/approfondimenti\/videolaringoscopi-design-scopo-e-prove-di-efficacia\/#primaryimage\"},\"thumbnailUrl\":\"https:\/\/www.visionheart.eu\/wp-content\/uploads\/2025\/05\/BD-DP-Freigestellt-farbe-korrigiert.png\",\"datePublished\":\"2025-05-22T11:57:30+00:00\",\"dateModified\":\"2025-06-04T10:14:16+00:00\",\"description\":\"Cosa sono i video laringoscopi? A cosa servono e a cosa sono utili? Te lo spieghiamo e ti diamo una panoramica!\",\"breadcrumb\":{\"@id\":\"https:\/\/www.visionheart.eu\/it\/approfondimenti\/videolaringoscopi-design-scopo-e-prove-di-efficacia\/#breadcrumb\"},\"inLanguage\":\"it-IT\",\"potentialAction\":[{\"@type\":\"ReadAction\",\"target\":[\"https:\/\/www.visionheart.eu\/it\/approfondimenti\/videolaringoscopi-design-scopo-e-prove-di-efficacia\/\"]}]},{\"@type\":\"ImageObject\",\"inLanguage\":\"it-IT\",\"@id\":\"https:\/\/www.visionheart.eu\/it\/approfondimenti\/videolaringoscopi-design-scopo-e-prove-di-efficacia\/#primaryimage\",\"url\":\"https:\/\/www.visionheart.eu\/wp-content\/uploads\/2025\/05\/BD-DP-Freigestellt-farbe-korrigiert.png\",\"contentUrl\":\"https:\/\/www.visionheart.eu\/wp-content\/uploads\/2025\/05\/BD-DP-Freigestellt-farbe-korrigiert.png\"},{\"@type\":\"BreadcrumbList\",\"@id\":\"https:\/\/www.visionheart.eu\/it\/approfondimenti\/videolaringoscopi-design-scopo-e-prove-di-efficacia\/#breadcrumb\",\"itemListElement\":[{\"@type\":\"ListItem\",\"position\":1,\"name\":\"Startseite\",\"item\":\"https:\/\/www.visionheart.eu\/it\/\"},{\"@type\":\"ListItem\",\"position\":2,\"name\":\"Approfondimenti\",\"item\":\"https:\/\/www.visionheart.eu\/it\/approfondimenti\/\"},{\"@type\":\"ListItem\",\"position\":3,\"name\":\"Videolaringoscopi: design, scopo e prove di efficacia\"}]},{\"@type\":\"WebSite\",\"@id\":\"https:\/\/www.visionheart.eu\/it\/#website\",\"url\":\"https:\/\/www.visionheart.eu\/it\/\",\"name\":\"VisionHEART GmbH\",\"description\":\"Ihr Ansprechpartner f\u00fcr Videolaryngoskope in Europa.\",\"publisher\":{\"@id\":\"https:\/\/www.visionheart.eu\/it\/#organization\"},\"potentialAction\":[{\"@type\":\"SearchAction\",\"target\":{\"@type\":\"EntryPoint\",\"urlTemplate\":\"https:\/\/www.visionheart.eu\/it\/?s={search_term_string}\"},\"query-input\":{\"@type\":\"PropertyValueSpecification\",\"valueRequired\":true,\"valueName\":\"search_term_string\"}}],\"inLanguage\":\"it-IT\"},{\"@type\":\"Organization\",\"@id\":\"https:\/\/www.visionheart.eu\/it\/#organization\",\"name\":\"VisionHEART GmbH\",\"alternateName\":\"VisionHEART GmbH\",\"url\":\"https:\/\/www.visionheart.eu\/it\/\",\"logo\":{\"@type\":\"ImageObject\",\"inLanguage\":\"it-IT\",\"@id\":\"https:\/\/www.visionheart.eu\/it\/#\/schema\/logo\/image\/\",\"url\":\"https:\/\/www.visionheart.eu\/wp-content\/uploads\/2025\/05\/cropped-VisionHEART_Logo_Color_EV_435x135.png\",\"contentUrl\":\"https:\/\/www.visionheart.eu\/wp-content\/uploads\/2025\/05\/cropped-VisionHEART_Logo_Color_EV_435x135.png\",\"width\":450,\"height\":128,\"caption\":\"VisionHEART GmbH\"},\"image\":{\"@id\":\"https:\/\/www.visionheart.eu\/it\/#\/schema\/logo\/image\/\"}}]}<\/script>\n<!-- \/ Yoast SEO plugin. -->","yoast_head_json":{"title":"Videolaringoscopi: design, finalit\u00e0 ed evidenze","description":"Cosa sono i video laringoscopi? A cosa servono e a cosa sono utili? Te lo spieghiamo e ti diamo una panoramica!","robots":{"index":"index","follow":"follow","max-snippet":"max-snippet:-1","max-image-preview":"max-image-preview:large","max-video-preview":"max-video-preview:-1"},"canonical":"https:\/\/www.visionheart.eu\/it\/approfondimenti\/videolaringoscopi-design-scopo-e-prove-di-efficacia\/","og_locale":"it_IT","og_type":"article","og_title":"Videolaringoscopi: design, finalit\u00e0 ed evidenze","og_description":"Cosa sono i video laringoscopi? A cosa servono e a cosa sono utili? Te lo spieghiamo e ti diamo una panoramica!","og_url":"https:\/\/www.visionheart.eu\/it\/approfondimenti\/videolaringoscopi-design-scopo-e-prove-di-efficacia\/","og_site_name":"VisionHEART GmbH","article_modified_time":"2025-06-04T10:14:16+00:00","og_image":[{"url":"https:\/\/www.visionheart.eu\/wp-content\/uploads\/2025\/05\/BD-DP-Freigestellt-farbe-korrigiert.png","type":"","width":"","height":""}],"schema":{"@context":"https:\/\/schema.org","@graph":[{"@type":"WebPage","@id":"https:\/\/www.visionheart.eu\/it\/approfondimenti\/videolaringoscopi-design-scopo-e-prove-di-efficacia\/","url":"https:\/\/www.visionheart.eu\/it\/approfondimenti\/videolaringoscopi-design-scopo-e-prove-di-efficacia\/","name":"Videolaringoscopi: design, finalit\u00e0 ed evidenze","isPartOf":{"@id":"https:\/\/www.visionheart.eu\/it\/#website"},"primaryImageOfPage":{"@id":"https:\/\/www.visionheart.eu\/it\/approfondimenti\/videolaringoscopi-design-scopo-e-prove-di-efficacia\/#primaryimage"},"image":{"@id":"https:\/\/www.visionheart.eu\/it\/approfondimenti\/videolaringoscopi-design-scopo-e-prove-di-efficacia\/#primaryimage"},"thumbnailUrl":"https:\/\/www.visionheart.eu\/wp-content\/uploads\/2025\/05\/BD-DP-Freigestellt-farbe-korrigiert.png","datePublished":"2025-05-22T11:57:30+00:00","dateModified":"2025-06-04T10:14:16+00:00","description":"Cosa sono i video laringoscopi? A cosa servono e a cosa sono utili? Te lo spieghiamo e ti diamo una panoramica!","breadcrumb":{"@id":"https:\/\/www.visionheart.eu\/it\/approfondimenti\/videolaringoscopi-design-scopo-e-prove-di-efficacia\/#breadcrumb"},"inLanguage":"it-IT","potentialAction":[{"@type":"ReadAction","target":["https:\/\/www.visionheart.eu\/it\/approfondimenti\/videolaringoscopi-design-scopo-e-prove-di-efficacia\/"]}]},{"@type":"ImageObject","inLanguage":"it-IT","@id":"https:\/\/www.visionheart.eu\/it\/approfondimenti\/videolaringoscopi-design-scopo-e-prove-di-efficacia\/#primaryimage","url":"https:\/\/www.visionheart.eu\/wp-content\/uploads\/2025\/05\/BD-DP-Freigestellt-farbe-korrigiert.png","contentUrl":"https:\/\/www.visionheart.eu\/wp-content\/uploads\/2025\/05\/BD-DP-Freigestellt-farbe-korrigiert.png"},{"@type":"BreadcrumbList","@id":"https:\/\/www.visionheart.eu\/it\/approfondimenti\/videolaringoscopi-design-scopo-e-prove-di-efficacia\/#breadcrumb","itemListElement":[{"@type":"ListItem","position":1,"name":"Startseite","item":"https:\/\/www.visionheart.eu\/it\/"},{"@type":"ListItem","position":2,"name":"Approfondimenti","item":"https:\/\/www.visionheart.eu\/it\/approfondimenti\/"},{"@type":"ListItem","position":3,"name":"Videolaringoscopi: design, scopo e prove di efficacia"}]},{"@type":"WebSite","@id":"https:\/\/www.visionheart.eu\/it\/#website","url":"https:\/\/www.visionheart.eu\/it\/","name":"VisionHEART GmbH","description":"Ihr Ansprechpartner f\u00fcr Videolaryngoskope in Europa.","publisher":{"@id":"https:\/\/www.visionheart.eu\/it\/#organization"},"potentialAction":[{"@type":"SearchAction","target":{"@type":"EntryPoint","urlTemplate":"https:\/\/www.visionheart.eu\/it\/?s={search_term_string}"},"query-input":{"@type":"PropertyValueSpecification","valueRequired":true,"valueName":"search_term_string"}}],"inLanguage":"it-IT"},{"@type":"Organization","@id":"https:\/\/www.visionheart.eu\/it\/#organization","name":"VisionHEART GmbH","alternateName":"VisionHEART GmbH","url":"https:\/\/www.visionheart.eu\/it\/","logo":{"@type":"ImageObject","inLanguage":"it-IT","@id":"https:\/\/www.visionheart.eu\/it\/#\/schema\/logo\/image\/","url":"https:\/\/www.visionheart.eu\/wp-content\/uploads\/2025\/05\/cropped-VisionHEART_Logo_Color_EV_435x135.png","contentUrl":"https:\/\/www.visionheart.eu\/wp-content\/uploads\/2025\/05\/cropped-VisionHEART_Logo_Color_EV_435x135.png","width":450,"height":128,"caption":"VisionHEART GmbH"},"image":{"@id":"https:\/\/www.visionheart.eu\/it\/#\/schema\/logo\/image\/"}}]}},"_links":{"self":[{"href":"https:\/\/www.visionheart.eu\/it\/wp-json\/wp\/v2\/pages\/1277","targetHints":{"allow":["GET"]}}],"collection":[{"href":"https:\/\/www.visionheart.eu\/it\/wp-json\/wp\/v2\/pages"}],"about":[{"href":"https:\/\/www.visionheart.eu\/it\/wp-json\/wp\/v2\/types\/page"}],"author":[{"embeddable":true,"href":"https:\/\/www.visionheart.eu\/it\/wp-json\/wp\/v2\/users\/1"}],"replies":[{"embeddable":true,"href":"https:\/\/www.visionheart.eu\/it\/wp-json\/wp\/v2\/comments?post=1277"}],"version-history":[{"count":2,"href":"https:\/\/www.visionheart.eu\/it\/wp-json\/wp\/v2\/pages\/1277\/revisions"}],"predecessor-version":[{"id":1434,"href":"https:\/\/www.visionheart.eu\/it\/wp-json\/wp\/v2\/pages\/1277\/revisions\/1434"}],"up":[{"embeddable":true,"href":"https:\/\/www.visionheart.eu\/it\/wp-json\/wp\/v2\/pages\/1258"}],"wp:attachment":[{"href":"https:\/\/www.visionheart.eu\/it\/wp-json\/wp\/v2\/media?parent=1277"}],"curies":[{"name":"wp","href":"https:\/\/api.w.org\/{rel}","templated":true}]}}